{"id":9122,"date":"2024-05-07T14:49:39","date_gmt":"2024-05-07T12:49:39","guid":{"rendered":"https:\/\/refinery89.com\/?page_id=9122"},"modified":"2026-01-13T16:24:40","modified_gmt":"2026-01-13T15:24:40","slug":"juridiskt-meddelande","status":"publish","type":"page","link":"https:\/\/refinery89.com\/sv\/legal-notice\/","title":{"rendered":"Juridisk information"},"content":{"rendered":"<div data-elementor-type=\"wp-page\" data-elementor-id=\"9122\" class=\"elementor elementor-9122\" data-elementor-post-type=\"page\">\n\t\t\t\t\t\t<section class=\"elementor-section elementor-top-section elementor-element elementor-element-61e95cc elementor-section-content-middle elementor-section-boxed elementor-section-height-default elementor-section-height-default\" data-id=\"61e95cc\" data-element_type=\"section\" data-e-type=\"section\">\n\t\t\t\t\t\t<div class=\"elementor-container elementor-column-gap-default\">\n\t\t\t\t\t<div class=\"elementor-column elementor-col-100 elementor-top-column elementor-element elementor-element-2d8ee26\" data-id=\"2d8ee26\" data-element_type=\"column\" data-e-type=\"column\">\n\t\t\t<div class=\"elementor-widget-wrap elementor-element-populated\">\n\t\t\t\t\t\t<div class=\"elementor-element elementor-element-cb8161d elementor-widget__width-initial elementor-invisible elementor-widget elementor-widget-text-editor\" data-id=\"cb8161d\" data-element_type=\"widget\" data-e-type=\"widget\" data-settings=\"{&quot;_animation&quot;:&quot;fadeInUp&quot;,&quot;_animation_delay&quot;:400}\" data-widget_type=\"text-editor.default\">\n\t\t\t\t<div class=\"elementor-widget-container\">\n\t\t\t\t\t\t\t\t\t<p>I enlighet med informationsskyldigheten enligt artikel 10 i lag 34\/2002 av den 11 juli om tj\u00e4nster i informationssamh\u00e4llet och elektronisk handel (LSSICE), informerar \u00e4garen av webbplatsen dig om f\u00f6ljande:<\/p><ul><li><span style=\"background-color: transparent;\">F\u00f6retagsnamn: Refinery89, best\u00e5ende av Refinery89 B.V. och Refinery89, S.L.<\/span><\/li><li>Momsregistreringsnummer (TAX ID): NL861870827B01 \/ ESB67730606<\/li><li>Adress: IJburglaan 634E 1087 CE Amsterdam (Nederl\u00e4nderna) \/ Calle De Francisco Salas, 24, 28039 \u2013 Madrid (Spanien)<\/li><li>Registrerat i Spanien i handelsregistret i Valencia, volym 11092, folio 132, sektion 8, sidnummer 201781, post 2.<\/li><\/ul><div>\u00a0<\/div><p>Inom de gr\u00e4nser som fastst\u00e4lls i lag, tar Refinery89 inget ansvar f\u00f6r bristande sanningsenlighet, fullst\u00e4ndighet, uppdatering och noggrannhet av de uppgifter eller den information som finns p\u00e5 dess webbsidor.<\/p><p>Inneh\u00e5llet och informationen \u00e4r inte bindande f\u00f6r Refinery89 och utg\u00f6r inte \u00e5sikter, r\u00e5d eller juridisk r\u00e5dgivning av n\u00e5got slag, eftersom de endast erbjuds i informations- och spridningssyfte.<\/p><p>Refinery89:s internetsidor kan inneh\u00e5lla l\u00e4nkar till tredjepartswebbplatser som Refinery89 inte har n\u00e5gon kontroll \u00f6ver. Refinery89 tar d\u00e4rf\u00f6r inget ansvar f\u00f6r inneh\u00e5llet som kan f\u00f6rekomma p\u00e5 dessa tredje parts webbplatser.<\/p><p>Texter, bilder, ljud, animationer, programvara och annat inneh\u00e5ll p\u00e5 denna webbplats \u00e4r exklusiv egendom tillh\u00f6rande Refinery89 eller dess licensgivare. Varje form av \u00f6verf\u00f6ring, distribution, tilldelning, reproduktion, lagring eller total eller partiell offentlig kommunikation m\u00e5ste ha uttryckligt godk\u00e4nnande fr\u00e5n Refinery89.<\/p><p>Vidare kr\u00e4vs det att du tillhandah\u00e5ller viss personlig information f\u00f6r att f\u00e5 tillg\u00e5ng till vissa tj\u00e4nster som erbjuds av Refinery89 via webbplatsen. I enlighet med best\u00e4mmelserna i f\u00f6rordning (EU) 2016\/679 fr\u00e5n Europaparlamentet och r\u00e5det av den 27 april 2016 om skydd av fysiska personer vid behandling av personuppgifter och om det fria fl\u00f6det av s\u00e5dana uppgifter, informerar vi dig om att genom att fylla i dessa formul\u00e4r kommer dina personuppgifter att inf\u00f6ras och behandlas i Refinery89:s register i syfte att kunna tillhandah\u00e5lla och erbjuda dig v\u00e5ra tj\u00e4nster samt informera dig om f\u00f6rb\u00e4ttringar av webbplatsen.<\/p><p>Vi informerar dig ocks\u00e5 om att du n\u00e4r som helst kan ut\u00f6va dina r\u00e4ttigheter till \u00e5tkomst, r\u00e4ttelse, radering, inv\u00e4ndning, begr\u00e4nsning och portabilitet av dina personuppgifter, kostnadsfritt, genom att skicka ett e-postmeddelande till Sandra Molina: dpo@refinery89.com eller till f\u00f6ljande adress: Calle De Francisco Salas, 24, 28039 \u2013 Madrid (Madrid).<\/p>\t\t\t\t\t\t\t\t<\/div>\n\t\t\t\t<\/div>\n\t\t\t\t\t<\/div>\n\t\t<\/div>\n\t\t\t\t\t<\/div>\n\t\t<\/section>\n\t\t\t\t<\/div>","protected":false},"excerpt":{"rendered":"<p>In compliance with the duty of information contained in article 10 of Law 34\/2002, of 11 July, on Information Society Services and Electronic Commerce (LSSICE), the owner of the website informs you of the following: Company name: Refinery89, formed by Refinery89 B.V. and Refinery89, S.L. TAX IDs: NL861870827B01 \/ ESB67730606 Address: IJburglaan 634E 1087 CE [&hellip;]<\/p>\n","protected":false},"author":7,"featured_media":0,"parent":0,"menu_order":0,"comment_status":"closed","ping_status":"closed","template":"","meta":{"footnotes":""},"class_list":["post-9122","page","type-page","status-publish","hentry"],"yoast_head":"<!-- This site is optimized with the Yoast SEO plugin v27.2 - https:\/\/yoast.com\/product\/yoast-seo-wordpress\/ -->\n<title>Legal Notice | Refinery89<\/title>\n<meta name=\"description\" content=\"Welcome to the Legal Notice page for refinery89.com. Need help? Get in touch with us and let us know! Refinery89\" \/>\n<meta name=\"robots\" content=\"noindex, nofollow\" \/>\n<meta property=\"og:locale\" content=\"sv_SE\" \/>\n<meta property=\"og:type\" content=\"article\" \/>\n<meta property=\"og:title\" content=\"Legal Notice | Refinery89\" \/>\n<meta property=\"og:description\" content=\"Welcome to the Legal Notice page for refinery89.com. Need help? Get in touch with us and let us know! Refinery89\" \/>\n<meta property=\"og:url\" content=\"https:\/\/refinery89.com\/sv\/juridiskt-meddelande\/\" \/>\n<meta property=\"og:site_name\" content=\"Refinery89\" \/>\n<meta property=\"article:publisher\" content=\"https:\/\/www.facebook.com\/Refinery89\/\" \/>\n<meta property=\"article:modified_time\" content=\"2026-01-13T15:24:40+00:00\" \/>\n<meta property=\"og:image\" content=\"https:\/\/refinery89.com\/wp-content\/uploads\/2025\/08\/r89-thumbnail.png\" \/>\n\t<meta property=\"og:image:width\" content=\"200\" \/>\n\t<meta property=\"og:image:height\" content=\"200\" \/>\n\t<meta property=\"og:image:type\" content=\"image\/png\" \/>\n<meta name=\"twitter:card\" content=\"summary_large_image\" \/>\n<meta name=\"twitter:site\" content=\"@refinery89\" \/>\n<meta name=\"twitter:label1\" content=\"Ber\u00e4knad l\u00e4stid\" \/>\n\t<meta name=\"twitter:data1\" content=\"2 minuter\" \/>\n<script type=\"application\/ld+json\" class=\"yoast-schema-graph\">{\"@context\":\"https:\/\/schema.org\",\"@graph\":[{\"@type\":\"WebPage\",\"@id\":\"https:\/\/refinery89.com\/legal-notice\/\",\"url\":\"https:\/\/refinery89.com\/legal-notice\/\",\"name\":\"Legal Notice | Refinery89\",\"isPartOf\":{\"@id\":\"https:\/\/refinery89.com\/#website\"},\"datePublished\":\"2024-05-07T12:49:39+00:00\",\"dateModified\":\"2026-01-13T15:24:40+00:00\",\"description\":\"Welcome to the Legal Notice page for refinery89.com. Need help? Get in touch with us and let us know! Refinery89\",\"breadcrumb\":{\"@id\":\"https:\/\/refinery89.com\/legal-notice\/#breadcrumb\"},\"inLanguage\":\"sv-SE\",\"potentialAction\":[{\"@type\":\"ReadAction\",\"target\":[\"https:\/\/refinery89.com\/legal-notice\/\"]}]},{\"@type\":\"BreadcrumbList\",\"@id\":\"https:\/\/refinery89.com\/legal-notice\/#breadcrumb\",\"itemListElement\":[{\"@type\":\"ListItem\",\"position\":1,\"name\":\"Home\",\"item\":\"https:\/\/refinery89.com\/\"},{\"@type\":\"ListItem\",\"position\":2,\"name\":\"Legal Notice\"}]},{\"@type\":\"WebSite\",\"@id\":\"https:\/\/refinery89.com\/#website\",\"url\":\"https:\/\/refinery89.com\/\",\"name\":\"Refinery89\",\"description\":\"\",\"publisher\":{\"@id\":\"https:\/\/refinery89.com\/#organization\"},\"potentialAction\":[{\"@type\":\"SearchAction\",\"target\":{\"@type\":\"EntryPoint\",\"urlTemplate\":\"https:\/\/refinery89.com\/?s={search_term_string}\"},\"query-input\":{\"@type\":\"PropertyValueSpecification\",\"valueRequired\":true,\"valueName\":\"search_term_string\"}}],\"inLanguage\":\"sv-SE\"},{\"@type\":\"Organization\",\"@id\":\"https:\/\/refinery89.com\/#organization\",\"name\":\"Refinery89\",\"alternateName\":\"R89\",\"url\":\"https:\/\/refinery89.com\/\",\"logo\":{\"@type\":\"ImageObject\",\"inLanguage\":\"sv-SE\",\"@id\":\"https:\/\/refinery89.com\/#\/schema\/logo\/image\/\",\"url\":\"https:\/\/refinery89.com\/wp-content\/uploads\/2025\/08\/r89-thumbnail.png\",\"contentUrl\":\"https:\/\/refinery89.com\/wp-content\/uploads\/2025\/08\/r89-thumbnail.png\",\"width\":200,\"height\":200,\"caption\":\"Refinery89\"},\"image\":{\"@id\":\"https:\/\/refinery89.com\/#\/schema\/logo\/image\/\"},\"sameAs\":[\"https:\/\/www.facebook.com\/Refinery89\/\",\"https:\/\/x.com\/refinery89\",\"https:\/\/www.linkedin.com\/company\/refinery89\/\",\"https:\/\/www.youtube.com\/@refinery89\",\"https:\/\/www.instagram.com\/refinery_89\/\",\"https:\/\/www.reddit.com\/user\/Refinery89\/\",\"https:\/\/share.google\/K8hFf3ktmUrTi1XCa\"]}]}<\/script>\n<!-- \/ Yoast SEO plugin. -->","yoast_head_json":{"title":"Legal Notice | Refinery89","description":"V\u00e4lkommen till sidan f\u00f6r Juridiskt Meddelande p\u00e5 refinery89.com. Beh\u00f6ver du hj\u00e4lp? Kontakta oss","robots":{"index":"noindex","follow":"nofollow"},"og_locale":"sv_SE","og_type":"article","og_title":"Legal Notice | Refinery89","og_description":"Welcome to the Legal Notice page for refinery89.com. Need help? Get in touch with us and let us know! Refinery89","og_url":"https:\/\/refinery89.com\/sv\/juridiskt-meddelande\/","og_site_name":"Refinery89","article_publisher":"https:\/\/www.facebook.com\/Refinery89\/","article_modified_time":"2026-01-13T15:24:40+00:00","og_image":[{"width":200,"height":200,"url":"https:\/\/refinery89.com\/wp-content\/uploads\/2025\/08\/r89-thumbnail.png","type":"image\/png"}],"twitter_card":"summary_large_image","twitter_site":"@refinery89","twitter_misc":{"Ber\u00e4knad l\u00e4stid":"2 minuter"},"schema":{"@context":"https:\/\/schema.org","@graph":[{"@type":"WebPage","@id":"https:\/\/refinery89.com\/legal-notice\/","url":"https:\/\/refinery89.com\/legal-notice\/","name":"Legal Notice | Refinery89","isPartOf":{"@id":"https:\/\/refinery89.com\/#website"},"datePublished":"2024-05-07T12:49:39+00:00","dateModified":"2026-01-13T15:24:40+00:00","description":"V\u00e4lkommen till sidan f\u00f6r Juridiskt Meddelande p\u00e5 refinery89.com. Beh\u00f6ver du hj\u00e4lp? Kontakta oss","breadcrumb":{"@id":"https:\/\/refinery89.com\/legal-notice\/#breadcrumb"},"inLanguage":"sv-SE","potentialAction":[{"@type":"ReadAction","target":["https:\/\/refinery89.com\/legal-notice\/"]}]},{"@type":"BreadcrumbList","@id":"https:\/\/refinery89.com\/legal-notice\/#breadcrumb","itemListElement":[{"@type":"ListItem","position":1,"name":"Home","item":"https:\/\/refinery89.com\/"},{"@type":"ListItem","position":2,"name":"Legal Notice"}]},{"@type":"WebSite","@id":"https:\/\/refinery89.com\/#website","url":"https:\/\/refinery89.com\/","name":"Refinery89","description":"","publisher":{"@id":"https:\/\/refinery89.com\/#organization"},"potentialAction":[{"@type":"SearchAction","target":{"@type":"EntryPoint","urlTemplate":"https:\/\/refinery89.com\/?s={search_term_string}"},"query-input":{"@type":"PropertyValueSpecification","valueRequired":true,"valueName":"search_term_string"}}],"inLanguage":"sv-SE"},{"@type":"Organization","@id":"https:\/\/refinery89.com\/#organization","name":"Refinery89","alternateName":"R89","url":"https:\/\/refinery89.com\/","logo":{"@type":"ImageObject","inLanguage":"sv-SE","@id":"https:\/\/refinery89.com\/#\/schema\/logo\/image\/","url":"https:\/\/refinery89.com\/wp-content\/uploads\/2025\/08\/r89-thumbnail.png","contentUrl":"https:\/\/refinery89.com\/wp-content\/uploads\/2025\/08\/r89-thumbnail.png","width":200,"height":200,"caption":"Refinery89"},"image":{"@id":"https:\/\/refinery89.com\/#\/schema\/logo\/image\/"},"sameAs":["https:\/\/www.facebook.com\/Refinery89\/","https:\/\/x.com\/refinery89","https:\/\/www.linkedin.com\/company\/refinery89\/","https:\/\/www.youtube.com\/@refinery89","https:\/\/www.instagram.com\/refinery_89\/","https:\/\/www.reddit.com\/user\/Refinery89\/","https:\/\/share.google\/K8hFf3ktmUrTi1XCa"]}]}},"_links":{"self":[{"href":"https:\/\/refinery89.com\/sv\/wp-json\/wp\/v2\/pages\/9122","targetHints":{"allow":["GET"]}}],"collection":[{"href":"https:\/\/refinery89.com\/sv\/wp-json\/wp\/v2\/pages"}],"about":[{"href":"https:\/\/refinery89.com\/sv\/wp-json\/wp\/v2\/types\/page"}],"author":[{"embeddable":true,"href":"https:\/\/refinery89.com\/sv\/wp-json\/wp\/v2\/users\/7"}],"replies":[{"embeddable":true,"href":"https:\/\/refinery89.com\/sv\/wp-json\/wp\/v2\/comments?post=9122"}],"version-history":[{"count":0,"href":"https:\/\/refinery89.com\/sv\/wp-json\/wp\/v2\/pages\/9122\/revisions"}],"wp:attachment":[{"href":"https:\/\/refinery89.com\/sv\/wp-json\/wp\/v2\/media?parent=9122"}],"curies":[{"name":"wp","href":"https:\/\/api.w.org\/{rel}","templated":true}]}}