{"id":4811,"date":"2023-04-03T17:24:20","date_gmt":"2023-04-03T15:24:20","guid":{"rendered":"https:\/\/refinery89.com\/?page_id=4811"},"modified":"2026-01-13T16:24:13","modified_gmt":"2026-01-13T15:24:13","slug":"integritetspolicy","status":"publish","type":"page","link":"https:\/\/refinery89.com\/sv\/privacy-policy\/","title":{"rendered":"Integritetspolicy"},"content":{"rendered":"<div data-elementor-type=\"wp-page\" data-elementor-id=\"4811\" class=\"elementor elementor-4811\" data-elementor-post-type=\"page\">\n\t\t\t\t\t\t<section class=\"elementor-section elementor-top-section elementor-element elementor-element-6a9582a4 elementor-section-content-middle elementor-section-boxed elementor-section-height-default elementor-section-height-default\" data-id=\"6a9582a4\" data-element_type=\"section\" data-e-type=\"section\">\n\t\t\t\t\t\t<div class=\"elementor-container elementor-column-gap-default\">\n\t\t\t\t\t<div class=\"elementor-column elementor-col-100 elementor-top-column elementor-element elementor-element-10b5268d\" data-id=\"10b5268d\" data-element_type=\"column\" data-e-type=\"column\">\n\t\t\t<div class=\"elementor-widget-wrap elementor-element-populated\">\n\t\t\t\t\t\t<div class=\"elementor-element elementor-element-6edb2c02 elementor-widget__width-initial elementor-invisible elementor-widget elementor-widget-text-editor\" data-id=\"6edb2c02\" data-element_type=\"widget\" data-e-type=\"widget\" data-settings=\"{&quot;_animation&quot;:&quot;fadeInUp&quot;,&quot;_animation_delay&quot;:400}\" data-widget_type=\"text-editor.default\">\n\t\t\t\t<div class=\"elementor-widget-container\">\n\t\t\t\t\t\t\t\t\t<div>\u00a0<\/div><div style=\"text-align: left;\"><p>Integritetspolicy \u2013 Uppdaterad maj 2024<\/p><\/div><div style=\"text-align: left;\">\u00a0<\/div><div><p>Refinery89 Group (Refinery89 B.V och Refinery89, S.L.), h\u00e4danefter kallad Refinery89, informerar i enlighet med g\u00e4llande lagstiftning om skydd av personuppgifter, att de personuppgifter som samlas in genom formul\u00e4r p\u00e5 webbplatsen: https:\/\/refinery89.com\/, inkluderas i de specifika automatiserade filerna f\u00f6r anv\u00e4ndare av Refinery89s tj\u00e4nster.<\/p><p>Syftet med insamlingen och den automatiserade behandlingen av personuppgifter \u00e4r att uppr\u00e4tth\u00e5lla aff\u00e4rsrelationen samt att tillhandah\u00e5lla information, utbildning, r\u00e5dgivning och andra aktiviteter kopplade till Refinery89.<\/p><p>Dessa uppgifter kommer endast att \u00f6verf\u00f6ras till de enheter som \u00e4r n\u00f6dv\u00e4ndiga f\u00f6r det enda syftet att uppfylla ovan n\u00e4mnda \u00e4ndam\u00e5l.<\/p><p>Refinery89 vidtar n\u00f6dv\u00e4ndiga \u00e5tg\u00e4rder f\u00f6r att s\u00e4kerst\u00e4lla s\u00e4kerhet, integritet och konfidentialitet av uppgifterna i enlighet med best\u00e4mmelserna i f\u00f6rordning (EU) 2016\/679 fr\u00e5n Europaparlamentet och r\u00e5det, daterad 27 april 2016, om skydd av fysiska personer avseende behandling av personuppgifter och det fria fl\u00f6det av s\u00e5dana uppgifter, samt upph\u00e4vandet av den tidigare LOPD-lagen, och den nya Organiska lagen 3\/2018, fr\u00e5n 5 december, om dataskydd och garanterade digitala r\u00e4ttigheter (LOPDGDDD).<\/p><p>Anv\u00e4ndaren kan n\u00e4r som helst ut\u00f6va sina r\u00e4ttigheter avseende \u00e5tkomst, inv\u00e4ndning, r\u00e4ttelse, radering, begr\u00e4nsning och dataportabilitet enligt ovan n\u00e4mnda EU-f\u00f6rordning. Dessa r\u00e4ttigheter kan ut\u00f6vas genom att skicka ett e-postmeddelande till Sandra Molina: dpo@refinery89.com eller till f\u00f6ljande adress: Calle De Francisco Salas, 24, C.P. 28039 \u2013 Madrid (Madrid).<\/p><p>Anv\u00e4ndaren f\u00f6rs\u00e4krar att alla l\u00e4mnade uppgifter \u00e4r sanna och korrekta samt f\u00f6rbinder sig att h\u00e5lla dem uppdaterade och meddela Refinery89 vid eventuella \u00e4ndringar.<\/p><p><strong>\u00c4ndam\u00e5l med behandlingen av personuppgifter:<\/strong><\/p><p><strong>F\u00f6r vilket syfte behandlar vi dina personuppgifter?<\/strong><\/p><p>Refinery89 kommer att behandla de personuppgifter som samlas in via webbplatsen https:\/\/refinery89.com\/ f\u00f6r f\u00f6ljande syften:<\/p><ul><li>Skicka kommersiell information och nyhetsbrev om nya tj\u00e4nster som erbjuds p\u00e5 webbplatsen och i branschen.<\/li><li>Arkivering, uppdatering av system, skydd och s\u00e4ker f\u00f6rvaring av f\u00f6retagets information och databaser.<\/li><li>\u00d6verf\u00f6ring av data till tredje parter med vilka avtal har ing\u00e5tts i kommersiellt, avtalsm\u00e4ssigt, administrativt, marknadsf\u00f6ringsm\u00e4ssigt och\/eller operativt syfte.<\/li><li>Skicka marknadsf\u00f6ringsinformation elektroniskt.<\/li><li>Tillhandah\u00e5lla den information som beg\u00e4rts av anv\u00e4ndaren via kontaktformul\u00e4ret.<\/li><\/ul><div>\u00a0<\/div><p>Vi p\u00e5minner om att du n\u00e4r som helst kan mots\u00e4tta dig att ta emot kommersiell information genom att skicka ett e-postmeddelande till ovanst\u00e5ende adress.<\/p><p>F\u00e4lten i dessa formul\u00e4r \u00e4r obligatoriska, och om du inte fyller i dem blir det om\u00f6jligt att fullg\u00f6ra de uttryckta \u00e4ndam\u00e5len.<\/p><p><strong>Hur l\u00e4nge sparas de insamlade personuppgifterna?<\/strong><\/p><p>De personuppgifter som tillhandah\u00e5lls kommer att lagras s\u00e5 l\u00e4nge aff\u00e4rsrelationen uppr\u00e4tth\u00e5lls eller tills du beg\u00e4r att de raderas. Uppgifterna kan \u00e4ven sparas under den tid som kr\u00e4vs f\u00f6r att uppfylla juridiska skyldigheter kopplade till de tillhandah\u00e5llna tj\u00e4nsterna.<\/p><p><strong>Laglig grund:<\/strong><\/p><p>Behandlingen av dina personuppgifter grundar sig p\u00e5 f\u00f6ljande r\u00e4ttsliga grunder:<\/p><ul><li>Beg\u00e4ran om information och\/eller ing\u00e5ende av avtal om Refinery89s tj\u00e4nster, vars villkor g\u00f6rs tillg\u00e4ngliga f\u00f6r dig i f\u00f6rv\u00e4g innan n\u00e5got avtal ing\u00e5s.<\/li><li>Fritt, specifikt, informerat och entydigt samtycke, eftersom vi g\u00f6r denna integritetspolicy tillg\u00e4nglig f\u00f6r dig, och om du efter att ha l\u00e4st den samtycker, kan du acceptera den genom en tydlig bekr\u00e4ftande handling, exempelvis genom att kryssa i en tillhandah\u00e5llen ruta.<\/li><\/ul><div>\u00a0<\/div><p>Om du inte tillhandah\u00e5ller korrekta uppgifter eller g\u00f6r det p\u00e5 ett ofullst\u00e4ndigt s\u00e4tt, kommer vi inte att kunna behandla din beg\u00e4ran, vilket g\u00f6r det om\u00f6jligt att tillhandah\u00e5lla den beg\u00e4rda informationen eller utf\u00f6ra tj\u00e4nstekontrakt.<\/p><p><strong>Mottagare:<\/strong><\/p><p>Uppgifterna kommer inte att delas med n\u00e5gon tredje part utanf\u00f6r Refinery89, om det inte finns en juridisk skyldighet att g\u00f6ra det.<\/p><p><strong>Data som erh\u00e5lls fr\u00e5n anv\u00e4ndare av tj\u00e4nsterna<\/strong><\/p><p>Om anv\u00e4ndaren laddar upp filer med personuppgifter till de delade hosting-servrarna, ansvarar Refinery89 inte f\u00f6r eventuella brott mot GDPR som beg\u00e5s av anv\u00e4ndaren.<\/p><p><strong>Immateriella r\u00e4ttigheter https:\/\/refinery89.com\/<\/strong><\/p><p>Refinery89 \u00e4ger alla upphovsr\u00e4tter, immateriella och industriella r\u00e4ttigheter, know-how samt alla andra r\u00e4ttigheter relaterade till inneh\u00e5llet p\u00e5 webbplatsen https:\/\/refinery89.com\/ och de tj\u00e4nster som erbjuds d\u00e4r, liksom de program som kr\u00e4vs f\u00f6r genomf\u00f6randet och tillh\u00f6rande information.<\/p><p>All reproduktion, publicering och\/eller anv\u00e4ndning av inneh\u00e5llet, helt eller delvis, som inte \u00e4r strikt privat, \u00e4r f\u00f6rbjuden utan f\u00f6reg\u00e5ende skriftligt medgivande.<\/p><p><strong>Immateriella r\u00e4ttigheter till programvara<\/strong><\/p><p>Anv\u00e4ndaren m\u00e5ste respektera tredjepartsprogramvara som tillhandah\u00e5lls av Refinery89, \u00e4ven om den \u00e4r gratis och\/eller offentligt tillg\u00e4nglig.<\/p><p>Refinery89 har n\u00f6dv\u00e4ndiga exploaterings- och immateriella r\u00e4ttigheter f\u00f6r programvaran.<\/p><p>Anv\u00e4ndaren f\u00f6rv\u00e4rvar inga r\u00e4ttigheter eller licenser f\u00f6r den avtalade tj\u00e4nsten, inklusive programvaran som kr\u00e4vs f\u00f6r att tillhandah\u00e5lla tj\u00e4nsten, eller den tekniska informationen f\u00f6r att \u00f6vervaka tj\u00e4nsten, med undantag f\u00f6r de r\u00e4ttigheter och licenser som \u00e4r n\u00f6dv\u00e4ndiga f\u00f6r att fullg\u00f6ra de avtalade tj\u00e4nsterna och endast under den tid som avtalet l\u00f6per.<\/p><p>F\u00f6r alla \u00e5tg\u00e4rder som g\u00e5r ut\u00f6ver fullg\u00f6randet av avtalet kr\u00e4vs skriftligt tillst\u00e5nd fr\u00e5n Refinery89. Anv\u00e4ndaren \u00e4r f\u00f6rbjuden att komma \u00e5t, modifiera eller granska konfigurationen, strukturen och filerna p\u00e5 Refinery89s servrar. Anv\u00e4ndaren tar p\u00e5 sig det civila och straffr\u00e4ttsliga ansvaret f\u00f6r eventuella incidenter som kan uppst\u00e5 i servrarna och s\u00e4kerhetssystemen till f\u00f6ljd av en v\u00e5rdsl\u00f6s eller skadlig handling fr\u00e5n deras sida.<\/p><p><strong>Immateriella r\u00e4ttigheter f\u00f6r lagrat inneh\u00e5ll:<\/strong><\/p><p>Det \u00e4r f\u00f6rbjudet att anv\u00e4nda Refinery89s tj\u00e4nster p\u00e5 ett s\u00e4tt som bryter mot lagstiftningen om immateriella r\u00e4ttigheter, s\u00e4rskilt n\u00e4r det g\u00e4ller:<\/p><ul><li>Anv\u00e4ndning som strider mot spansk lag eller som kr\u00e4nker tredje parts r\u00e4ttigheter.<\/li><li>Publicering eller \u00f6verf\u00f6ring av inneh\u00e5ll som Refinery89 anser vara v\u00e5ldsamt, obscent, kr\u00e4nkande, olagligt, rasistiskt, fr\u00e4mlingsfientligt eller \u00e4rekr\u00e4nkande.<\/li><li>Spridning av programvara s\u00e5som \"cracks\", serienummer eller annat inneh\u00e5ll som bryter mot tredje parts immateriella r\u00e4ttigheter.<\/li><li>Insamling och\/eller anv\u00e4ndning av andra anv\u00e4ndares personuppgifter utan deras uttryckliga samtycke eller i strid med f\u00f6rordning (EU) 2016\/679 fr\u00e5n Europaparlamentet och r\u00e5det, daterad 27 april 2016, om skydd av fysiska personer avseende behandling av personuppgifter och det fria fl\u00f6det av s\u00e5dana uppgifter, \u00e4r inte till\u00e5tet.<\/li><li>Det \u00e4r \u00e4ven f\u00f6rbjudet att anv\u00e4nda dom\u00e4nens e-postserver och e-postadresser f\u00f6r att skicka o\u00f6nskad massutskickad e-post (spam).<\/li><\/ul><div>\u00a0<\/div><p>Anv\u00e4ndaren b\u00e4r fullt ansvar f\u00f6r inneh\u00e5llet p\u00e5 sin webbplats, den \u00f6verf\u00f6rda och lagrade informationen, hyperl\u00e4nkar, tredje parts krav och juridiska \u00e5tg\u00e4rder g\u00e4llande immateriella r\u00e4ttigheter, tredje parts r\u00e4ttigheter och skydd av minder\u00e5riga.<\/p><p>Anv\u00e4ndaren \u00e4r skyldig att f\u00f6lja g\u00e4llande lagar och f\u00f6rordningar samt reglerna som g\u00e4ller f\u00f6r drift av onlinetj\u00e4nster, e-handel, upphovsr\u00e4tt, uppr\u00e4tth\u00e5llande av allm\u00e4n ordning samt universella principer f\u00f6r internetanv\u00e4ndning.<\/p><p>Anv\u00e4ndaren ska h\u00e5lla Refinery89 skadesl\u00f6s f\u00f6r de kostnader Refinery89 \u00e5drar sig vid fall d\u00e4r anv\u00e4ndaren kan h\u00e5llas ansvarig, inklusive juridiska avgifter och utgifter, \u00e4ven vid icke slutgiltiga domstolsbeslut.<\/p><p><strong>Skydd av lagrad information<\/strong><\/p><p>Refinery89 tar s\u00e4kerhetskopior av inneh\u00e5llet som lagras p\u00e5 dess servrar, men kan inte h\u00e5llas ansvarigt f\u00f6r oavsiktlig f\u00f6rlust eller radering av anv\u00e4ndares data. Refinery89 garanterar inte heller fullst\u00e4ndig \u00e5terst\u00e4llning av raderad data, eftersom den kan ha tagits bort eller \u00e4ndrats sedan den senaste s\u00e4kerhetskopian togs.<\/p><p>De tj\u00e4nster som erbjuds, med undantag f\u00f6r specifika s\u00e4kerhetskopieringstj\u00e4nster, inkluderar inte \u00e5terst\u00e4llning av inneh\u00e5ll fr\u00e5n s\u00e4kerhetskopior om f\u00f6rlusten beror p\u00e5 anv\u00e4ndaren. I s\u00e5dana fall best\u00e4ms en avgift baserat p\u00e5 \u00e5terst\u00e4llningens komplexitet och omfattning, alltid med anv\u00e4ndarens f\u00f6reg\u00e5ende godk\u00e4nnande.<\/p><p>\u00c5terst\u00e4llning av raderad data ing\u00e5r endast i tj\u00e4nstens pris om f\u00f6rlusten av inneh\u00e5llet beror p\u00e5 Refinery89.<\/p><p><strong>Kommersiell kommunikation<\/strong><\/p><p>I enlighet med LSSI (lagen om informationssamh\u00e4llets tj\u00e4nster) skickar Refinery89 inte reklam eller kommersiell information via e-post eller andra elektroniska medel om inte mottagaren uttryckligen har beg\u00e4rt eller godk\u00e4nt det.<\/p><p>F\u00f6r anv\u00e4ndare med en befintlig aff\u00e4rsrelation med Refinery89 \u00e4r det dock till\u00e5tet att skicka kommersiella meddelanden om produkter eller tj\u00e4nster som liknar de som anv\u00e4ndaren tidigare har avtalat med Refinery89.<\/p><p>Anv\u00e4ndaren kan i samtliga fall, efter att ha styrkt sin identitet, beg\u00e4ra att inte l\u00e4ngre ta emot kommersiell information via kundtj\u00e4nstkanalerna.<\/p><\/div>\t\t\t\t\t\t\t\t<\/div>\n\t\t\t\t<\/div>\n\t\t\t\t\t<\/div>\n\t\t<\/div>\n\t\t\t\t\t<\/div>\n\t\t<\/section>\n\t\t\t\t<\/div>","protected":false},"excerpt":{"rendered":"<p>\u00a0 Privacy Policy \u2013 Updated May 2024 \u00a0 The Refinery89 Group (Refinery89 B.V and Refinery89, S.L.), from here on Refinery89, in application of current legislation on the protection of personal data, informs that the personal data collected through the forms on the website: https:\/\/refinery89.com\/, are included in the specific automated files of users of Refinery89 [&hellip;]<\/p>\n","protected":false},"author":12,"featured_media":0,"parent":0,"menu_order":0,"comment_status":"closed","ping_status":"closed","template":"","meta":{"footnotes":""},"class_list":["post-4811","page","type-page","status-publish","hentry"],"yoast_head":"<!-- This site is optimized with the Yoast SEO plugin v27.4 - https:\/\/yoast.com\/product\/yoast-seo-wordpress\/ -->\n<title>Privacy Policy | Refinery89<\/title>\n<meta name=\"description\" content=\"Welcome to the Privacy Policy page for refinery89.com. Need help with anything? Get in touch with us and let us know\" \/>\n<meta name=\"robots\" content=\"noindex, nofollow\" \/>\n<meta property=\"og:locale\" content=\"sv_SE\" \/>\n<meta property=\"og:type\" content=\"article\" \/>\n<meta property=\"og:title\" content=\"Privacy Policy | Refinery89\" \/>\n<meta property=\"og:description\" content=\"Welcome to the Privacy Policy page for refinery89.com. Need help with anything? Get in touch with us and let us know\" \/>\n<meta property=\"og:url\" content=\"https:\/\/refinery89.com\/sv\/integritetspolicy\/\" \/>\n<meta property=\"og:site_name\" content=\"Refinery89\" \/>\n<meta property=\"article:publisher\" content=\"https:\/\/www.facebook.com\/Refinery89\/\" \/>\n<meta property=\"article:modified_time\" content=\"2026-01-13T15:24:13+00:00\" \/>\n<meta property=\"og:image\" content=\"https:\/\/refinery89.com\/wp-content\/uploads\/2025\/08\/r89-thumbnail.png\" \/>\n\t<meta property=\"og:image:width\" content=\"200\" \/>\n\t<meta property=\"og:image:height\" content=\"200\" \/>\n\t<meta property=\"og:image:type\" content=\"image\/png\" \/>\n<meta name=\"twitter:card\" content=\"summary_large_image\" \/>\n<meta name=\"twitter:site\" content=\"@refinery89\" \/>\n<meta name=\"twitter:label1\" content=\"Ber\u00e4knad l\u00e4stid\" \/>\n\t<meta name=\"twitter:data1\" content=\"7 minuter\" \/>\n<script type=\"application\/ld+json\" class=\"yoast-schema-graph\">{\"@context\":\"https:\\\/\\\/schema.org\",\"@graph\":[{\"@type\":\"WebPage\",\"@id\":\"https:\\\/\\\/refinery89.com\\\/privacy-policy\\\/\",\"url\":\"https:\\\/\\\/refinery89.com\\\/privacy-policy\\\/\",\"name\":\"Privacy Policy | Refinery89\",\"isPartOf\":{\"@id\":\"https:\\\/\\\/refinery89.com\\\/#website\"},\"datePublished\":\"2023-04-03T15:24:20+00:00\",\"dateModified\":\"2026-01-13T15:24:13+00:00\",\"description\":\"Welcome to the Privacy Policy page for refinery89.com. Need help with anything? Get in touch with us and let us know\",\"breadcrumb\":{\"@id\":\"https:\\\/\\\/refinery89.com\\\/privacy-policy\\\/#breadcrumb\"},\"inLanguage\":\"sv-SE\",\"potentialAction\":[{\"@type\":\"ReadAction\",\"target\":[\"https:\\\/\\\/refinery89.com\\\/privacy-policy\\\/\"]}]},{\"@type\":\"BreadcrumbList\",\"@id\":\"https:\\\/\\\/refinery89.com\\\/privacy-policy\\\/#breadcrumb\",\"itemListElement\":[{\"@type\":\"ListItem\",\"position\":1,\"name\":\"Home\",\"item\":\"https:\\\/\\\/refinery89.com\\\/\"},{\"@type\":\"ListItem\",\"position\":2,\"name\":\"Privacy Policy\"}]},{\"@type\":\"WebSite\",\"@id\":\"https:\\\/\\\/refinery89.com\\\/#website\",\"url\":\"https:\\\/\\\/refinery89.com\\\/\",\"name\":\"Refinery89\",\"description\":\"\",\"publisher\":{\"@id\":\"https:\\\/\\\/refinery89.com\\\/#organization\"},\"potentialAction\":[{\"@type\":\"SearchAction\",\"target\":{\"@type\":\"EntryPoint\",\"urlTemplate\":\"https:\\\/\\\/refinery89.com\\\/?s={search_term_string}\"},\"query-input\":{\"@type\":\"PropertyValueSpecification\",\"valueRequired\":true,\"valueName\":\"search_term_string\"}}],\"inLanguage\":\"sv-SE\"},{\"@type\":\"Organization\",\"@id\":\"https:\\\/\\\/refinery89.com\\\/#organization\",\"name\":\"Refinery89\",\"alternateName\":\"R89\",\"url\":\"https:\\\/\\\/refinery89.com\\\/\",\"logo\":{\"@type\":\"ImageObject\",\"inLanguage\":\"sv-SE\",\"@id\":\"https:\\\/\\\/refinery89.com\\\/#\\\/schema\\\/logo\\\/image\\\/\",\"url\":\"https:\\\/\\\/refinery89.com\\\/wp-content\\\/uploads\\\/2025\\\/08\\\/r89-thumbnail.png\",\"contentUrl\":\"https:\\\/\\\/refinery89.com\\\/wp-content\\\/uploads\\\/2025\\\/08\\\/r89-thumbnail.png\",\"width\":200,\"height\":200,\"caption\":\"Refinery89\"},\"image\":{\"@id\":\"https:\\\/\\\/refinery89.com\\\/#\\\/schema\\\/logo\\\/image\\\/\"},\"sameAs\":[\"https:\\\/\\\/www.facebook.com\\\/Refinery89\\\/\",\"https:\\\/\\\/x.com\\\/refinery89\",\"https:\\\/\\\/www.linkedin.com\\\/company\\\/refinery89\\\/\",\"https:\\\/\\\/www.youtube.com\\\/@refinery89\",\"https:\\\/\\\/www.instagram.com\\\/refinery_89\\\/\",\"https:\\\/\\\/www.reddit.com\\\/user\\\/Refinery89\\\/\",\"https:\\\/\\\/share.google\\\/K8hFf3ktmUrTi1XCa\"]}]}<\/script>\n<!-- \/ Yoast SEO plugin. -->","yoast_head_json":{"title":"Privacy Policy | Refinery89","description":"V\u00e4lkommen till sidan f\u00f6r Integritetspolicyn p\u00e5 refinery89.com. Beh\u00f6ver du hj\u00e4lp? Kontakta oss","robots":{"index":"noindex","follow":"nofollow"},"og_locale":"sv_SE","og_type":"article","og_title":"Privacy Policy | Refinery89","og_description":"Welcome to the Privacy Policy page for refinery89.com. Need help with anything? Get in touch with us and let us know","og_url":"https:\/\/refinery89.com\/sv\/integritetspolicy\/","og_site_name":"Refinery89","article_publisher":"https:\/\/www.facebook.com\/Refinery89\/","article_modified_time":"2026-01-13T15:24:13+00:00","og_image":[{"width":200,"height":200,"url":"https:\/\/refinery89.com\/wp-content\/uploads\/2025\/08\/r89-thumbnail.png","type":"image\/png"}],"twitter_card":"summary_large_image","twitter_site":"@refinery89","twitter_misc":{"Ber\u00e4knad l\u00e4stid":"7 minuter"},"schema":{"@context":"https:\/\/schema.org","@graph":[{"@type":"WebPage","@id":"https:\/\/refinery89.com\/privacy-policy\/","url":"https:\/\/refinery89.com\/privacy-policy\/","name":"Privacy Policy | Refinery89","isPartOf":{"@id":"https:\/\/refinery89.com\/#website"},"datePublished":"2023-04-03T15:24:20+00:00","dateModified":"2026-01-13T15:24:13+00:00","description":"V\u00e4lkommen till sidan f\u00f6r Integritetspolicyn p\u00e5 refinery89.com. Beh\u00f6ver du hj\u00e4lp? Kontakta oss","breadcrumb":{"@id":"https:\/\/refinery89.com\/privacy-policy\/#breadcrumb"},"inLanguage":"sv-SE","potentialAction":[{"@type":"ReadAction","target":["https:\/\/refinery89.com\/privacy-policy\/"]}]},{"@type":"BreadcrumbList","@id":"https:\/\/refinery89.com\/privacy-policy\/#breadcrumb","itemListElement":[{"@type":"ListItem","position":1,"name":"Home","item":"https:\/\/refinery89.com\/"},{"@type":"ListItem","position":2,"name":"Privacy Policy"}]},{"@type":"WebSite","@id":"https:\/\/refinery89.com\/#website","url":"https:\/\/refinery89.com\/","name":"Refinery89","description":"","publisher":{"@id":"https:\/\/refinery89.com\/#organization"},"potentialAction":[{"@type":"SearchAction","target":{"@type":"EntryPoint","urlTemplate":"https:\/\/refinery89.com\/?s={search_term_string}"},"query-input":{"@type":"PropertyValueSpecification","valueRequired":true,"valueName":"search_term_string"}}],"inLanguage":"sv-SE"},{"@type":"Organization","@id":"https:\/\/refinery89.com\/#organization","name":"Refinery89","alternateName":"R89","url":"https:\/\/refinery89.com\/","logo":{"@type":"ImageObject","inLanguage":"sv-SE","@id":"https:\/\/refinery89.com\/#\/schema\/logo\/image\/","url":"https:\/\/refinery89.com\/wp-content\/uploads\/2025\/08\/r89-thumbnail.png","contentUrl":"https:\/\/refinery89.com\/wp-content\/uploads\/2025\/08\/r89-thumbnail.png","width":200,"height":200,"caption":"Refinery89"},"image":{"@id":"https:\/\/refinery89.com\/#\/schema\/logo\/image\/"},"sameAs":["https:\/\/www.facebook.com\/Refinery89\/","https:\/\/x.com\/refinery89","https:\/\/www.linkedin.com\/company\/refinery89\/","https:\/\/www.youtube.com\/@refinery89","https:\/\/www.instagram.com\/refinery_89\/","https:\/\/www.reddit.com\/user\/Refinery89\/","https:\/\/share.google\/K8hFf3ktmUrTi1XCa"]}]}},"_links":{"self":[{"href":"https:\/\/refinery89.com\/sv\/wp-json\/wp\/v2\/pages\/4811","targetHints":{"allow":["GET"]}}],"collection":[{"href":"https:\/\/refinery89.com\/sv\/wp-json\/wp\/v2\/pages"}],"about":[{"href":"https:\/\/refinery89.com\/sv\/wp-json\/wp\/v2\/types\/page"}],"author":[{"embeddable":true,"href":"https:\/\/refinery89.com\/sv\/wp-json\/wp\/v2\/users\/12"}],"replies":[{"embeddable":true,"href":"https:\/\/refinery89.com\/sv\/wp-json\/wp\/v2\/comments?post=4811"}],"version-history":[{"count":0,"href":"https:\/\/refinery89.com\/sv\/wp-json\/wp\/v2\/pages\/4811\/revisions"}],"wp:attachment":[{"href":"https:\/\/refinery89.com\/sv\/wp-json\/wp\/v2\/media?parent=4811"}],"curies":[{"name":"wp","href":"https:\/\/api.w.org\/{rel}","templated":true}]}}