{"id":9130,"date":"2024-05-07T16:08:55","date_gmt":"2024-05-07T14:08:55","guid":{"rendered":"https:\/\/refinery89.com\/?page_id=9130"},"modified":"2025-08-04T11:29:45","modified_gmt":"2025-08-04T09:29:45","slug":"politica-de-cookies","status":"publish","type":"page","link":"https:\/\/refinery89.com\/pt\/cookies-policy\/","title":{"rendered":"Pol\u00edtica de Cookies"},"content":{"rendered":"<div data-elementor-type=\"wp-page\" data-elementor-id=\"9130\" class=\"elementor elementor-9130\" data-elementor-post-type=\"page\">\n\t\t\t\t\t\t<section class=\"elementor-section elementor-top-section elementor-element elementor-element-7fcffa3 elementor-section-content-middle elementor-section-boxed elementor-section-height-default elementor-section-height-default\" data-id=\"7fcffa3\" data-element_type=\"section\" data-e-type=\"section\">\n\t\t\t\t\t\t<div class=\"elementor-container elementor-column-gap-default\">\n\t\t\t\t\t<div class=\"elementor-column elementor-col-100 elementor-top-column elementor-element elementor-element-545d22d\" data-id=\"545d22d\" data-element_type=\"column\" data-e-type=\"column\">\n\t\t\t<div class=\"elementor-widget-wrap elementor-element-populated\">\n\t\t\t\t\t\t<div class=\"elementor-element elementor-element-c3179fd elementor-widget__width-initial elementor-invisible elementor-widget elementor-widget-text-editor\" data-id=\"c3179fd\" data-element_type=\"widget\" data-e-type=\"widget\" data-settings=\"{&quot;_animation&quot;:&quot;fadeInUp&quot;,&quot;_animation_delay&quot;:400}\" data-widget_type=\"text-editor.default\">\n\t\t\t\t<div class=\"elementor-widget-container\">\n\t\t\t\t\t\t\t\t\t<p>Refinery89 informa sobre o uso de cookies em seu site: https:\/\/refinery89.com\/<\/p>\n<p><strong>O que s\u00e3o cookies?<\/strong><\/p>\n<p>Cookies s\u00e3o arquivos que podem ser baixados para o seu computador por sites. S\u00e3o ferramentas que desempenham um papel essencial na presta\u00e7\u00e3o de in\u00fameros servi\u00e7os da sociedade da informa\u00e7\u00e3o. Entre outras coisas, eles permitem que um site armazene e recupere informa\u00e7\u00f5es sobre os h\u00e1bitos de navega\u00e7\u00e3o de um usu\u00e1rio ou seu equipamento e, com base nas informa\u00e7\u00f5es obtidas, podem ser usados para reconhecer o usu\u00e1rio e melhorar o servi\u00e7o oferecido.<\/p>\n<p><strong>Tipos de cookies<\/strong><\/p>\n<p>Dependendo da entidade que gerencia o dom\u00ednio de onde os cookies s\u00e3o enviados e processados os dados obtidos, podem ser distinguidos dois tipos:<\/p>\n<ul>\n<li>Cookies de primeira parte: Aqueles que s\u00e3o enviados para o equipamento terminal do usu\u00e1rio a partir de um computador ou dom\u00ednio gerenciado pelo pr\u00f3prio editor e a partir do qual o servi\u00e7o solicitado pelo usu\u00e1rio \u00e9 fornecido.<\/li>\n<li>Cookies de terceiros: Aqueles que s\u00e3o enviados para o equipamento terminal do usu\u00e1rio a partir de um computador ou dom\u00ednio que n\u00e3o \u00e9 gerenciado pelo pr\u00f3prio editor, mas por outra entidade que processa os dados obtidos por meio dos cookies.<\/li>\n<\/ul>\n<p>No caso em que os cookies sejam instalados a partir de um computador ou dom\u00ednio gerenciado pelo pr\u00f3prio editor, mas as informa\u00e7\u00f5es coletadas por meio deles sejam gerenciadas por terceiros, eles n\u00e3o podem ser considerados como cookies pr\u00f3prios.<\/p>\n<p>Tamb\u00e9m h\u00e1 uma segunda classifica\u00e7\u00e3o de acordo com o tempo que permanecem armazenados no navegador do cliente:<\/p>\n<ul>\n<li>Cookies de sess\u00e3o: Projetados para coletar e armazenar dados enquanto o usu\u00e1rio acessa um site. Eles geralmente s\u00e3o usados para armazenar informa\u00e7\u00f5es que s\u00e3o interessantes de manter apenas para a presta\u00e7\u00e3o do servi\u00e7o solicitado pelo usu\u00e1rio em uma \u00fanica ocasi\u00e3o (por exemplo, uma lista de produtos comprados).<\/li>\n<li>Cookies persistentes: Os dados permanecem armazenados no terminal e podem ser acessados e processados por um per\u00edodo definido pela parte respons\u00e1vel pelo cookie, que pode variar de alguns minutos a v\u00e1rios anos.<\/li>\n<\/ul>\n<p>Finalmente, h\u00e1 uma outra classifica\u00e7\u00e3o com seis tipos de cookies, dependendo do prop\u00f3sito para o qual os dados obtidos s\u00e3o processados:<\/p>\n<ul>\n<li>Cookies t\u00e9cnicos: Aqueles que permitem ao usu\u00e1rio navegar por um site, plataforma ou aplicativo e usar as diferentes op\u00e7\u00f5es ou servi\u00e7os que existem nele, como, por exemplo, controlar o tr\u00e1fego e a comunica\u00e7\u00e3o de dados, identificar a sess\u00e3o, acessar partes de acesso restrito, lembrar os elementos que comp\u00f5em um pedido, realizar o processo de compra de um pedido, fazer o pedido de registro ou participa\u00e7\u00e3o em um evento, usar elementos de seguran\u00e7a durante a navega\u00e7\u00e3o, armazenar conte\u00fado para a divulga\u00e7\u00e3o de v\u00eddeos ou som ou compartilhar conte\u00fado atrav\u00e9s de redes sociais.<\/li>\n<li>Cookies de personaliza\u00e7\u00e3o: Aqueles que permitem ao usu\u00e1rio acessar o servi\u00e7o com algumas caracter\u00edsticas gerais predefinidas com base em uma s\u00e9rie de crit\u00e9rios no terminal do usu\u00e1rio, como idioma, tipo de navegador usado para acessar o servi\u00e7o, configura\u00e7\u00f5es regionais de onde o servi\u00e7o \u00e9 acessado, etc.<\/li>\n<li>Cookies anal\u00edticos: Aqueles que permitem \u00e0 entidade respons\u00e1vel por eles rastrear e analisar o comportamento dos usu\u00e1rios nos sites aos quais est\u00e3o vinculados. As informa\u00e7\u00f5es coletadas por meio desse tipo de cookies s\u00e3o usadas para medir a atividade dos sites, aplicativos ou plataformas e para criar perfis de navega\u00e7\u00e3o dos usu\u00e1rios desses sites, aplicativos e plataformas, a fim de introduzir melhorias com base na an\u00e1lise dos dados de uso feita pelos usu\u00e1rios do servi\u00e7o.<\/li>\n<li>Cookies publicit\u00e1rios: Aqueles que permitem a gest\u00e3o mais eficiente dos espa\u00e7os publicit\u00e1rios.<\/li>\n<li>Cookies de publicidade comportamental: Aqueles que armazenam informa\u00e7\u00f5es sobre o comportamento dos usu\u00e1rios obtidas por meio da observa\u00e7\u00e3o cont\u00ednua de seus h\u00e1bitos de navega\u00e7\u00e3o, o que permite o desenvolvimento de um perfil espec\u00edfico para exibir publicidade com base nisso.<\/li>\n<li>Cookies de redes sociais externas: Estes s\u00e3o utilizados para que os visitantes possam interagir com o conte\u00fado de diferentes plataformas sociais (Facebook, YouTube, X, LinkedIn, etc.) e s\u00e3o gerados apenas para usu\u00e1rios dessas redes sociais. As condi\u00e7\u00f5es de uso desses cookies e as informa\u00e7\u00f5es coletadas s\u00e3o reguladas pela pol\u00edtica de privacidade da plataforma social correspondente.<\/li>\n<\/ul><div><br><\/div>\n<p><strong>Desativa\u00e7\u00e3o e exclus\u00e3o de cookies<\/strong><\/p>\n<p>Voc\u00ea tem a op\u00e7\u00e3o de permitir, bloquear ou excluir os cookies instalados em seu computador configurando as op\u00e7\u00f5es do navegador instalado em seu computador. Desativando os cookies, alguns dos servi\u00e7os dispon\u00edveis podem deixar de funcionar. A forma de desativar os cookies \u00e9 diferente para cada navegador, mas geralmente pode ser feita a partir do menu Ferramentas ou Op\u00e7\u00f5es. Voc\u00ea tamb\u00e9m pode consultar o menu de Ajuda do navegador, onde encontrar\u00e1 instru\u00e7\u00f5es. Voc\u00ea pode, a qualquer momento, escolher quais cookies deseja operar neste site.<\/p>\n<p>Voc\u00ea pode permitir, bloquear ou excluir os cookies instalados em seu computador configurando as op\u00e7\u00f5es do navegador instalado em seu computador.<\/p>\n<ul>\n<li>Microsoft Internet Explorer ou Microsoft Edge: http:\/\/windows.microsoft.com\/windows-vista\/Block-or-allow-cookies<\/li>\n<li>Mozilla Firefox: http:\/\/support.mozilla.org\/kb\/impedir-que-los-sitios-web-guarden-sus-preferencia<\/li>\n<li>Chrome: https:\/\/support.google.com\/accounts\/answer\/61416?hl<\/li>\n<li>Safari: http:\/\/safari.helpmax.net\/es\/privacidad-y-seguridad\/como-gestionar-las-cookies\/<\/li>\n<li>Opera: <a href=\"http:\/\/help.opera.com\/Linux\/10.60\/es-ES\/cookies.html\">http:\/\/help.opera.com\/Linux\/10.60\/es-ES\/cookies.html<\/a><\/li>\n<\/ul>\n<p>Al\u00e9m disso, voc\u00ea tamb\u00e9m pode gerenciar o armazenamento de cookies no seu navegador usando ferramentas como as seguintes:<\/p>\n<ul>\n<li>Ghostery: www.ghostery.com<\/li>\n<li>Your Online Choices: www.youronlinechoices.com\/<\/li>\n<\/ul>\n<p>Cookies usados em https:\/\/refinery89.com\/<\/p>\n<p>Os cookies que est\u00e3o sendo usados neste portal s\u00e3o identificados abaixo, bem como seu tipo e fun\u00e7\u00e3o:<\/p>\n<ul>\n<li>__cmpcc\n<ul>\n<li>Dura\u00e7\u00e3o: 1 ano e 1 m\u00eas<\/li>\n<li>Descri\u00e7\u00e3o: Este cookie \u00e9 usado para armazenar o status de consentimento do usu\u00e1rio para cookies na categoria Conforme.<\/li>\n<li>Tipo: Pr\u00f3prio<\/li>\n<li>Prop\u00f3sito: T\u00e9cnico<\/li>\n<\/ul>\n<\/li>\n<li>MUID\n<ul>\n<li>Dura\u00e7\u00e3o: 1 ano<\/li>\n<li>Descri\u00e7\u00e3o: Este cookie \u00e9 amplamente utilizado pela Microsoft como identificador exclusivo do usu\u00e1rio. Pode ser definido por scripts incorporados da Microsoft. Acredita-se que seja sincronizado em diferentes dom\u00ednios da Microsoft, permitindo o rastreamento do usu\u00e1rio.<\/li>\n<li>Tipo: Terceiros<\/li>\n<li>Prop\u00f3sito: Personaliza\u00e7\u00e3o<\/li>\n<\/ul>\n<\/li>\n<li>_ga\n<ul>\n<li>Dura\u00e7\u00e3o: 2 anos<\/li>\n<li>Descri\u00e7\u00e3o: Usado para distinguir usu\u00e1rios. Gerado pelo Google Analytics. O Google armazena as informa\u00e7\u00f5es coletadas pelos cookies em servidores localizados nos Estados Unidos, em conformidade com a legisla\u00e7\u00e3o europeia sobre prote\u00e7\u00e3o de dados pessoais, e se compromete a n\u00e3o compartilh\u00e1-las com terceiros, exceto quando exigido por lei ou quando necess\u00e1rio para a opera\u00e7\u00e3o do sistema. O Google n\u00e3o associa seu endere\u00e7o IP a outras informa\u00e7\u00f5es mantidas pelo Google. Se voc\u00ea deseja obter mais informa\u00e7\u00f5es sobre os cookies usados pelo Google Analytics, visite este endere\u00e7o: https:\/\/developers.google.com\/analytics\/devguides\/collection\/analyticsjs\/cookie-usage?hl=es&amp;csw=1<\/li>\n<li>Tipo: Terceiros<\/li>\n<li>Prop\u00f3sito: An\u00e1lise<\/li>\n<\/ul>\n<\/li>\n<li>_gat\n<ul>\n<li>Dura\u00e7\u00e3o: 1 minuto<\/li>\n<li>Descri\u00e7\u00e3o: Usado para mostrar nossa publicidade em outras p\u00e1ginas da rede Google. Gerado pelo Google Analytics. O Google armazena as informa\u00e7\u00f5es coletadas pelos cookies em servidores localizados nos Estados Unidos, em conformidade com a legisla\u00e7\u00e3o europeia sobre prote\u00e7\u00e3o de dados pessoais, e se compromete a n\u00e3o compartilh\u00e1-las com terceiros, exceto quando exigido por lei ou quando necess\u00e1rio para a opera\u00e7\u00e3o do sistema. O Google n\u00e3o associa seu endere\u00e7o IP a outras informa\u00e7\u00f5es mantidas pelo Google. Se voc\u00ea deseja obter mais informa\u00e7\u00f5es sobre os cookies usados pelo Google Analytics, visite este endere\u00e7o: https:\/\/developers.google.com\/analytics\/devguides\/collection\/analyticsjs\/cookie-usage?hl=es&amp;csw=1<\/li>\n<li>Tipo: Terceiros<\/li>\n<li>Prop\u00f3sito: Publicidade comportamental<\/li>\n<\/ul>\n<\/li>\n<li>_gid\n<ul>\n<li>Dura\u00e7\u00e3o: 24 horas<\/li>\n<li>Descri\u00e7\u00e3o: Gerado pelo Google Analytics. O Google armazena as informa\u00e7\u00f5es coletadas pelos cookies em servidores localizados nos Estados Unidos, em conformidade com a legisla\u00e7\u00e3o europeia sobre prote\u00e7\u00e3o de dados pessoais, e se compromete a n\u00e3o compartilh\u00e1-las com terceiros, exceto quando exigido por lei ou quando necess\u00e1rio para a opera\u00e7\u00e3o do sistema. O Google n\u00e3o associa seu endere\u00e7o IP a outras informa\u00e7\u00f5es mantidas pelo Google. Se voc\u00ea deseja obter mais informa\u00e7\u00f5es sobre os cookies usados pelo Google Analytics, visite este endere\u00e7o: https:\/\/developers.google.com\/analytics\/devguides\/collection\/analyticsjs\/cookie-usage?hl=es&amp;csw<\/li>\n<li>Tipo: Terceiros<\/li>\n<li>Prop\u00f3sito: Publicidade comportamental<\/li>\n<\/ul>\n<\/li>\n<li>ANONCHK\n<ul>\n<li>Dura\u00e7\u00e3o: 10 minutos<\/li>\n<li>Descri\u00e7\u00e3o: Este cookie transmite informa\u00e7\u00f5es sobre como o usu\u00e1rio final utiliza o site e quais an\u00fancios o usu\u00e1rio final pode ter visto antes de visitar esse site.<\/li>\n<li>Tipo: Terceiros<\/li>\n<li>Prop\u00f3sito: An\u00e1lise<\/li>\n<\/ul>\n<\/li>\n<li>XANDR_PANID\n<ul>\n<li>Dura\u00e7\u00e3o: 3 meses<\/li>\n<li>Descri\u00e7\u00e3o: Este cookie \u00e9 usado para fornecer an\u00fancios mais relevantes para voc\u00ea e seus interesses. Tamb\u00e9m \u00e9 usado para limitar o n\u00famero de vezes que voc\u00ea v\u00ea um an\u00fancio, al\u00e9m de ajudar a medir a efic\u00e1cia da campanha publicit\u00e1ria.<\/li>\n<li>Tipo: Terceiros<\/li>\n<li>Prop\u00f3sito: An\u00e1lise<\/li>\n<\/ul>\n<\/li>\n<li>CLID\n<ul>\n<li>Dura\u00e7\u00e3o: 1 ano<\/li>\n<li>Descri\u00e7\u00e3o: Este cookie \u00e9 normalmente definido pela Dstillery para poder compartilhar conte\u00fado multim\u00eddia em redes sociais. Tamb\u00e9m pode coletar informa\u00e7\u00f5es sobre os visitantes do site quando eles usam as m\u00eddias sociais para compartilhar conte\u00fado do site a partir da p\u00e1gina visitada.<\/li>\n<li>Tipo: Terceiros<\/li>\n<li>Prop\u00f3sito: An\u00e1lise<\/li>\n<\/ul>\n<\/li>\n<li>uuid2\n<ul>\n<li>Dura\u00e7\u00e3o: 3 meses<\/li>\n<li>Descri\u00e7\u00e3o: Este cookie permite publicidade direcionada atrav\u00e9s da plataforma AppNexus: ele coleta dados an\u00f4nimos sobre visitas a an\u00fancios, endere\u00e7os IP, visualiza\u00e7\u00f5es de p\u00e1gina, etc.<\/li>\n<li>Tipo: Terceiros<\/li>\n<li>Prop\u00f3sito: An\u00e1lise<\/li>\n<\/ul>\n<\/li>\n<li>anj\n<ul>\n<li>Dura\u00e7\u00e3o: 3 meses<\/li>\n<li>Descri\u00e7\u00e3o: Este cookie cont\u00e9m dados indicando se um ID de cookie est\u00e1 sincronizado com um parceiro da AppNexus.<\/li>\n<li>Tipo: Terceiros<\/li>\n<li>Prop\u00f3sito: An\u00e1lise<\/li>\n<\/ul>\n<\/li>\n<li>MR\n<ul>\n<li>Dura\u00e7\u00e3o: 7 dias<\/li>\n<li>Descri\u00e7\u00e3o: Este \u00e9 um cookie de primeira parte do Microsoft MSN que usamos para medir o uso do site para fins de an\u00e1lise interna.<\/li>\n<li>Tipo: Terceiros<\/li>\n<li>Prop\u00f3sito: An\u00e1lise<\/li>\n<\/ul>\n<\/li>\n<li>SRM_B\n<ul>\n<li>Dura\u00e7\u00e3o: 1 ano<\/li>\n<li>Descri\u00e7\u00e3o: Este \u00e9 um cookie de primeira parte do Microsoft MSN que usamos para medir o uso do site para fins de an\u00e1lise interna.<\/li>\n<li>Tipo: Terceiros<\/li>\n<li>Prop\u00f3sito: An\u00e1lise<\/li>\n<\/ul>\n<\/li>\n<li>SM\n<ul>\n<li>Dura\u00e7\u00e3o: 1 ano<\/li>\n<li>Descri\u00e7\u00e3o: Este \u00e9 um cookie de primeira parte do Microsoft MSN que usamos para medir o uso do site para fins de an\u00e1lise interna.<\/li>\n<li>Tipo: Terceiros<\/li>\n<li>Prop\u00f3sito: An\u00e1lise<\/li>\n<\/ul>\n<\/li>\n<li>trp_language\n<ul>\n<li>Dura\u00e7\u00e3o: 1 m\u00eas<\/li>\n<li>Descri\u00e7\u00e3o:<\/li>\n<li>Tipo: Pr\u00f3prio<\/li>\n<li>Prop\u00f3sito: T\u00e9cnico<\/li>\n<\/ul>\n<\/li>\n<li>__cmpconsentx84471\n<ul>\n<li>Dura\u00e7\u00e3o: 14 dias<\/li>\n<li>Descri\u00e7\u00e3o:<\/li>\n<li>Tipo: Pr\u00f3prio<\/li>\n<li>Prop\u00f3sito: T\u00e9cnico<\/li>\n<\/ul>\n<\/li>\n<li>__cmpconsentx84471\n<ul>\n<li>Dura\u00e7\u00e3o: 14 dias<\/li>\n<li>Descri\u00e7\u00e3o:<\/li>\n<li>Tipo: Pr\u00f3prio<\/li>\n<li>Prop\u00f3sito: T\u00e9cnico<\/li>\n<\/ul>\n<\/li>\n<li>__cmpcccx84471\n<ul>\n<li>Dura\u00e7\u00e3o: 14 dias<\/li>\n<li>Descri\u00e7\u00e3o:<\/li>\n<li>Tipo: Pr\u00f3prio<\/li>\n<li>Prop\u00f3sito: T\u00e9cnico<\/li>\n<\/ul>\n<\/li>\n<li>_gac_\n<ul>\n<li>Dura\u00e7\u00e3o: 90 dias<\/li>\n<li>Descri\u00e7\u00e3o: Inclui informa\u00e7\u00f5es da campanha relacionadas ao usu\u00e1rio. Se voc\u00ea vinculou suas contas do Google Analytics e do Ads, as tags de convers\u00e3o do site ler\u00e3o este cookie, a menos que voc\u00ea o desative.<\/li>\n<li>Tipo: Terceiros<\/li>\n<li>Prop\u00f3sito: An\u00e1lise<\/li>\n<\/ul>\n<\/li>\n<\/ul>\n<p>https:\/\/refinery89.com\/ exibe informa\u00e7\u00f5es sobre sua Pol\u00edtica de Cookies na parte inferior ou superior de cada p\u00e1gina do site a cada login.<\/p>\n<p>\u00c0 vista dessas informa\u00e7\u00f5es, \u00e9 poss\u00edvel realizar as seguintes a\u00e7\u00f5es:<\/p>\n<ul>\n<li>Aceitar cookies: Este aviso n\u00e3o ser\u00e1 exibido novamente ao acessar qualquer p\u00e1gina do portal durante a sess\u00e3o atual.<\/li>\n<li>Modificar\/personalizar sua configura\u00e7\u00e3o: Voc\u00ea pode obter mais informa\u00e7\u00f5es sobre o que s\u00e3o cookies, consultar a Pol\u00edtica de Cookies de: https:\/\/refinery89.com\/ e modificar a configura\u00e7\u00e3o do seu navegador.<\/li>\n<\/ul>\t\t\t\t\t\t\t\t<\/div>\n\t\t\t\t<\/div>\n\t\t\t\t\t<\/div>\n\t\t<\/div>\n\t\t\t\t\t<\/div>\n\t\t<\/section>\n\t\t\t\t<\/div>","protected":false},"excerpt":{"rendered":"<p>Refinery89 informs about the use of cookies on its website: https:\/\/refinery89.com\/ What are cookies? Cookies are files that can be downloaded to your computer by websites. They are tools that play an essential role in the provision of numerous information society services. Among other things, they allow a website to store and retrieve information about [&hellip;]<\/p>\n","protected":false},"author":7,"featured_media":0,"parent":0,"menu_order":0,"comment_status":"closed","ping_status":"closed","template":"","meta":{"footnotes":""},"class_list":["post-9130","page","type-page","status-publish","hentry"],"yoast_head":"<!-- This site is optimized with the Yoast SEO plugin v27.2 - https:\/\/yoast.com\/product\/yoast-seo-wordpress\/ -->\n<title>Cookies Policy | Refinery89<\/title>\n<meta name=\"description\" content=\"Learn about how Refinery89 uses cookies to enhance your experience, improve our services, and ensure compliance with privacy regulations\" \/>\n<meta name=\"robots\" content=\"noindex, nofollow\" \/>\n<meta property=\"og:locale\" content=\"pt_BR\" \/>\n<meta property=\"og:type\" content=\"article\" \/>\n<meta property=\"og:title\" content=\"Cookies Policy | Refinery89\" \/>\n<meta property=\"og:description\" content=\"Learn about how Refinery89 uses cookies to enhance your experience, improve our services, and ensure compliance with privacy regulations\" \/>\n<meta property=\"og:url\" content=\"https:\/\/refinery89.com\/pt\/politica-de-cookies\/\" \/>\n<meta property=\"og:site_name\" content=\"Refinery89\" \/>\n<meta property=\"article:publisher\" content=\"https:\/\/www.facebook.com\/Refinery89\/\" \/>\n<meta property=\"article:modified_time\" content=\"2025-08-04T09:29:45+00:00\" \/>\n<meta property=\"og:image\" content=\"https:\/\/refinery89.com\/wp-content\/uploads\/2025\/08\/r89-thumbnail.png\" \/>\n\t<meta property=\"og:image:width\" content=\"200\" \/>\n\t<meta property=\"og:image:height\" content=\"200\" \/>\n\t<meta property=\"og:image:type\" content=\"image\/png\" \/>\n<meta name=\"twitter:card\" content=\"summary_large_image\" \/>\n<meta name=\"twitter:site\" content=\"@refinery89\" \/>\n<meta name=\"twitter:label1\" content=\"Est. tempo de leitura\" \/>\n\t<meta name=\"twitter:data1\" content=\"8 minutos\" \/>\n<script type=\"application\/ld+json\" class=\"yoast-schema-graph\">{\"@context\":\"https:\/\/schema.org\",\"@graph\":[{\"@type\":\"WebPage\",\"@id\":\"https:\/\/refinery89.com\/cookies-policy\/\",\"url\":\"https:\/\/refinery89.com\/cookies-policy\/\",\"name\":\"Cookies Policy | Refinery89\",\"isPartOf\":{\"@id\":\"https:\/\/refinery89.com\/#website\"},\"datePublished\":\"2024-05-07T14:08:55+00:00\",\"dateModified\":\"2025-08-04T09:29:45+00:00\",\"description\":\"Learn about how Refinery89 uses cookies to enhance your experience, improve our services, and ensure compliance with privacy regulations\",\"breadcrumb\":{\"@id\":\"https:\/\/refinery89.com\/cookies-policy\/#breadcrumb\"},\"inLanguage\":\"pt-BR\",\"potentialAction\":[{\"@type\":\"ReadAction\",\"target\":[\"https:\/\/refinery89.com\/cookies-policy\/\"]}]},{\"@type\":\"BreadcrumbList\",\"@id\":\"https:\/\/refinery89.com\/cookies-policy\/#breadcrumb\",\"itemListElement\":[{\"@type\":\"ListItem\",\"position\":1,\"name\":\"Home\",\"item\":\"https:\/\/refinery89.com\/\"},{\"@type\":\"ListItem\",\"position\":2,\"name\":\"Cookies Policy\"}]},{\"@type\":\"WebSite\",\"@id\":\"https:\/\/refinery89.com\/#website\",\"url\":\"https:\/\/refinery89.com\/\",\"name\":\"Refinery89\",\"description\":\"\",\"publisher\":{\"@id\":\"https:\/\/refinery89.com\/#organization\"},\"potentialAction\":[{\"@type\":\"SearchAction\",\"target\":{\"@type\":\"EntryPoint\",\"urlTemplate\":\"https:\/\/refinery89.com\/?s={search_term_string}\"},\"query-input\":{\"@type\":\"PropertyValueSpecification\",\"valueRequired\":true,\"valueName\":\"search_term_string\"}}],\"inLanguage\":\"pt-BR\"},{\"@type\":\"Organization\",\"@id\":\"https:\/\/refinery89.com\/#organization\",\"name\":\"Refinery89\",\"alternateName\":\"R89\",\"url\":\"https:\/\/refinery89.com\/\",\"logo\":{\"@type\":\"ImageObject\",\"inLanguage\":\"pt-BR\",\"@id\":\"https:\/\/refinery89.com\/#\/schema\/logo\/image\/\",\"url\":\"https:\/\/refinery89.com\/wp-content\/uploads\/2025\/08\/r89-thumbnail.png\",\"contentUrl\":\"https:\/\/refinery89.com\/wp-content\/uploads\/2025\/08\/r89-thumbnail.png\",\"width\":200,\"height\":200,\"caption\":\"Refinery89\"},\"image\":{\"@id\":\"https:\/\/refinery89.com\/#\/schema\/logo\/image\/\"},\"sameAs\":[\"https:\/\/www.facebook.com\/Refinery89\/\",\"https:\/\/x.com\/refinery89\",\"https:\/\/www.linkedin.com\/company\/refinery89\/\",\"https:\/\/www.youtube.com\/@refinery89\",\"https:\/\/www.instagram.com\/refinery_89\/\",\"https:\/\/www.reddit.com\/user\/Refinery89\/\",\"https:\/\/share.google\/K8hFf3ktmUrTi1XCa\"]}]}<\/script>\n<!-- \/ Yoast SEO plugin. -->","yoast_head_json":{"title":"Cookies Policy | Refinery89","description":"Saiba como a Refinery89 usa cookies para melhorar sua experi\u00eancia, aprimorar nossos servi\u00e7os e garantir conformidade com as regulamenta\u00e7\u00f5es de privacidade","robots":{"index":"noindex","follow":"nofollow"},"og_locale":"pt_BR","og_type":"article","og_title":"Cookies Policy | Refinery89","og_description":"Learn about how Refinery89 uses cookies to enhance your experience, improve our services, and ensure compliance with privacy regulations","og_url":"https:\/\/refinery89.com\/pt\/politica-de-cookies\/","og_site_name":"Refinery89","article_publisher":"https:\/\/www.facebook.com\/Refinery89\/","article_modified_time":"2025-08-04T09:29:45+00:00","og_image":[{"width":200,"height":200,"url":"https:\/\/refinery89.com\/wp-content\/uploads\/2025\/08\/r89-thumbnail.png","type":"image\/png"}],"twitter_card":"summary_large_image","twitter_site":"@refinery89","twitter_misc":{"Est. tempo de leitura":"8 minutos"},"schema":{"@context":"https:\/\/schema.org","@graph":[{"@type":"WebPage","@id":"https:\/\/refinery89.com\/cookies-policy\/","url":"https:\/\/refinery89.com\/cookies-policy\/","name":"Cookies Policy | Refinery89","isPartOf":{"@id":"https:\/\/refinery89.com\/#website"},"datePublished":"2024-05-07T14:08:55+00:00","dateModified":"2025-08-04T09:29:45+00:00","description":"Saiba como a Refinery89 usa cookies para melhorar sua experi\u00eancia, aprimorar nossos servi\u00e7os e garantir conformidade com as regulamenta\u00e7\u00f5es de privacidade","breadcrumb":{"@id":"https:\/\/refinery89.com\/cookies-policy\/#breadcrumb"},"inLanguage":"pt-BR","potentialAction":[{"@type":"ReadAction","target":["https:\/\/refinery89.com\/cookies-policy\/"]}]},{"@type":"BreadcrumbList","@id":"https:\/\/refinery89.com\/cookies-policy\/#breadcrumb","itemListElement":[{"@type":"ListItem","position":1,"name":"Home","item":"https:\/\/refinery89.com\/"},{"@type":"ListItem","position":2,"name":"Cookies Policy"}]},{"@type":"WebSite","@id":"https:\/\/refinery89.com\/#website","url":"https:\/\/refinery89.com\/","name":"Refinery89","description":"","publisher":{"@id":"https:\/\/refinery89.com\/#organization"},"potentialAction":[{"@type":"SearchAction","target":{"@type":"EntryPoint","urlTemplate":"https:\/\/refinery89.com\/?s={search_term_string}"},"query-input":{"@type":"PropertyValueSpecification","valueRequired":true,"valueName":"search_term_string"}}],"inLanguage":"pt-BR"},{"@type":"Organization","@id":"https:\/\/refinery89.com\/#organization","name":"Refinery89","alternateName":"R89","url":"https:\/\/refinery89.com\/","logo":{"@type":"ImageObject","inLanguage":"pt-BR","@id":"https:\/\/refinery89.com\/#\/schema\/logo\/image\/","url":"https:\/\/refinery89.com\/wp-content\/uploads\/2025\/08\/r89-thumbnail.png","contentUrl":"https:\/\/refinery89.com\/wp-content\/uploads\/2025\/08\/r89-thumbnail.png","width":200,"height":200,"caption":"Refinery89"},"image":{"@id":"https:\/\/refinery89.com\/#\/schema\/logo\/image\/"},"sameAs":["https:\/\/www.facebook.com\/Refinery89\/","https:\/\/x.com\/refinery89","https:\/\/www.linkedin.com\/company\/refinery89\/","https:\/\/www.youtube.com\/@refinery89","https:\/\/www.instagram.com\/refinery_89\/","https:\/\/www.reddit.com\/user\/Refinery89\/","https:\/\/share.google\/K8hFf3ktmUrTi1XCa"]}]}},"_links":{"self":[{"href":"https:\/\/refinery89.com\/pt\/wp-json\/wp\/v2\/pages\/9130","targetHints":{"allow":["GET"]}}],"collection":[{"href":"https:\/\/refinery89.com\/pt\/wp-json\/wp\/v2\/pages"}],"about":[{"href":"https:\/\/refinery89.com\/pt\/wp-json\/wp\/v2\/types\/page"}],"author":[{"embeddable":true,"href":"https:\/\/refinery89.com\/pt\/wp-json\/wp\/v2\/users\/7"}],"replies":[{"embeddable":true,"href":"https:\/\/refinery89.com\/pt\/wp-json\/wp\/v2\/comments?post=9130"}],"version-history":[{"count":0,"href":"https:\/\/refinery89.com\/pt\/wp-json\/wp\/v2\/pages\/9130\/revisions"}],"wp:attachment":[{"href":"https:\/\/refinery89.com\/pt\/wp-json\/wp\/v2\/media?parent=9130"}],"curies":[{"name":"wp","href":"https:\/\/api.w.org\/{rel}","templated":true}]}}