{"id":9122,"date":"2024-05-07T14:49:39","date_gmt":"2024-05-07T12:49:39","guid":{"rendered":"https:\/\/refinery89.com\/?page_id=9122"},"modified":"2026-01-13T16:24:40","modified_gmt":"2026-01-13T15:24:40","slug":"aviso-legal","status":"publish","type":"page","link":"https:\/\/refinery89.com\/pt\/legal-notice\/","title":{"rendered":"Aviso Legal"},"content":{"rendered":"<div data-elementor-type=\"wp-page\" data-elementor-id=\"9122\" class=\"elementor elementor-9122\" data-elementor-post-type=\"page\">\n\t\t\t\t\t\t<section class=\"elementor-section elementor-top-section elementor-element elementor-element-61e95cc elementor-section-content-middle elementor-section-boxed elementor-section-height-default elementor-section-height-default\" data-id=\"61e95cc\" data-element_type=\"section\" data-e-type=\"section\">\n\t\t\t\t\t\t<div class=\"elementor-container elementor-column-gap-default\">\n\t\t\t\t\t<div class=\"elementor-column elementor-col-100 elementor-top-column elementor-element elementor-element-2d8ee26\" data-id=\"2d8ee26\" data-element_type=\"column\" data-e-type=\"column\">\n\t\t\t<div class=\"elementor-widget-wrap elementor-element-populated\">\n\t\t\t\t\t\t<div class=\"elementor-element elementor-element-cb8161d elementor-widget__width-initial elementor-invisible elementor-widget elementor-widget-text-editor\" data-id=\"cb8161d\" data-element_type=\"widget\" data-e-type=\"widget\" data-settings=\"{&quot;_animation&quot;:&quot;fadeInUp&quot;,&quot;_animation_delay&quot;:400}\" data-widget_type=\"text-editor.default\">\n\t\t\t\t<div class=\"elementor-widget-container\">\n\t\t\t\t\t\t\t\t\t<p>Em conformidade com o dever de informa\u00e7\u00e3o contido no artigo 10 da Lei 34\/2002, de 11 de julho, sobre Servi\u00e7os da Sociedade da Informa\u00e7\u00e3o e Com\u00e9rcio Eletr\u00f4nico (LSSICE), o propriet\u00e1rio do site informa o seguinte:<\/p><ul><li><span style=\"background-color: transparent;\">Nome da empresa: Refinery89, formada pela Refinery89 B.V. e Refinery89, S.L.<\/span><\/li><li>CNPJs: NL861870827B01 \/ ESB67730606<\/li><li>Endere\u00e7o: IJburglaan 634E 1087 CE Amsterd\u00e3 (Pa\u00edses Baixos) \/ Calle De Francisco Salas, 24, 28039 \u2013 Madrid (Espanha)<\/li><li>Registrada na Espanha no Registro Mercantil de Val\u00eancia no Volume 11092, folha 132, se\u00e7\u00e3o 8, n\u00famero da p\u00e1gina 201781, entrada 2.<\/li><\/ul><div>\u00a0<\/div><p>Dentro dos limites estabelecidos por lei, a Refinery89 n\u00e3o assume qualquer responsabilidade pela falta de veracidade, completude, atualiza\u00e7\u00e3o e precis\u00e3o dos dados ou informa\u00e7\u00f5es contidas em suas p\u00e1ginas da web.<\/p><p>Os conte\u00fados e informa\u00e7\u00f5es n\u00e3o vinculam a Refinery89 nem constituem opini\u00f5es, conselhos ou consultoria jur\u00eddica de qualquer tipo, pois s\u00e3o meramente um servi\u00e7o oferecido para fins informativos e de divulga\u00e7\u00e3o.<\/p><p>As p\u00e1ginas da Internet da Refinery89 podem conter links para outras p\u00e1ginas de terceiros sobre as quais a Refinery89 n\u00e3o tem controle. Portanto, a Refinery89 n\u00e3o pode assumir responsabilidade pelo conte\u00fado que possa aparecer em sites de terceiros.<\/p><p>Os textos, imagens, sons, anima\u00e7\u00f5es, software e outros conte\u00fados inclu\u00eddos neste website s\u00e3o propriedade exclusiva da Refinery89 ou de seus licenciadores. Qualquer ato de transmiss\u00e3o, distribui\u00e7\u00e3o, transfer\u00eancia, reprodu\u00e7\u00e3o, armazenamento ou comunica\u00e7\u00e3o p\u00fablica total ou parcial deve ter o consentimento expresso da Refinery89.<\/p><p>Da mesma forma, para acessar alguns dos servi\u00e7os oferecidos pela Refinery89 atrav\u00e9s do website, voc\u00ea deve fornecer alguns dados pessoais. Em conformidade com as disposi\u00e7\u00f5es do Regulamento (UE) 2016\/679 do Parlamento Europeu e do Conselho, de 27 de abril de 2016, relativo \u00e0 prote\u00e7\u00e3o das pessoas f\u00edsicas no que diz respeito ao tratamento de dados pessoais e \u00e0 livre circula\u00e7\u00e3o desses dados, informamos que, ao preencher esses formul\u00e1rios, seus dados pessoais ser\u00e3o incorporados e processados nos arquivos da Refinery89 para fornecer e oferecer nossos servi\u00e7os, bem como inform\u00e1-lo sobre melhorias no website.<\/p><p>Tamb\u00e9m informamos que voc\u00ea pode exercer a qualquer momento, gratuitamente, seus direitos de acesso, retifica\u00e7\u00e3o, exclus\u00e3o, oposi\u00e7\u00e3o, limita\u00e7\u00e3o e portabilidade dos seus dados pessoais, enviando um e-mail para Sandra Molina: dpo@refinery89.com ou para o seguinte endere\u00e7o: Calle De Francisco Salas, 24, 28039 \u2013 Madrid (Madrid).<\/p>\t\t\t\t\t\t\t\t<\/div>\n\t\t\t\t<\/div>\n\t\t\t\t\t<\/div>\n\t\t<\/div>\n\t\t\t\t\t<\/div>\n\t\t<\/section>\n\t\t\t\t<\/div>","protected":false},"excerpt":{"rendered":"<p>In compliance with the duty of information contained in article 10 of Law 34\/2002, of 11 July, on Information Society Services and Electronic Commerce (LSSICE), the owner of the website informs you of the following: Company name: Refinery89, formed by Refinery89 B.V. and Refinery89, S.L. TAX IDs: NL861870827B01 \/ ESB67730606 Address: IJburglaan 634E 1087 CE [&hellip;]<\/p>\n","protected":false},"author":7,"featured_media":0,"parent":0,"menu_order":0,"comment_status":"closed","ping_status":"closed","template":"","meta":{"footnotes":""},"class_list":["post-9122","page","type-page","status-publish","hentry"],"yoast_head":"<!-- This site is optimized with the Yoast SEO plugin v27.4 - https:\/\/yoast.com\/product\/yoast-seo-wordpress\/ -->\n<title>Legal Notice | Refinery89<\/title>\n<meta name=\"description\" content=\"Welcome to the Legal Notice page for refinery89.com. Need help? Get in touch with us and let us know! Refinery89\" \/>\n<meta name=\"robots\" content=\"noindex, nofollow\" \/>\n<meta property=\"og:locale\" content=\"pt_BR\" \/>\n<meta property=\"og:type\" content=\"article\" \/>\n<meta property=\"og:title\" content=\"Legal Notice | Refinery89\" \/>\n<meta property=\"og:description\" content=\"Welcome to the Legal Notice page for refinery89.com. Need help? Get in touch with us and let us know! Refinery89\" \/>\n<meta property=\"og:url\" content=\"https:\/\/refinery89.com\/pt\/aviso-legal\/\" \/>\n<meta property=\"og:site_name\" content=\"Refinery89\" \/>\n<meta property=\"article:publisher\" content=\"https:\/\/www.facebook.com\/Refinery89\/\" \/>\n<meta property=\"article:modified_time\" content=\"2026-01-13T15:24:40+00:00\" \/>\n<meta property=\"og:image\" content=\"https:\/\/refinery89.com\/wp-content\/uploads\/2025\/08\/r89-thumbnail.png\" \/>\n\t<meta property=\"og:image:width\" content=\"200\" \/>\n\t<meta property=\"og:image:height\" content=\"200\" \/>\n\t<meta property=\"og:image:type\" content=\"image\/png\" \/>\n<meta name=\"twitter:card\" content=\"summary_large_image\" \/>\n<meta name=\"twitter:site\" content=\"@refinery89\" \/>\n<meta name=\"twitter:label1\" content=\"Est. tempo de leitura\" \/>\n\t<meta name=\"twitter:data1\" content=\"2 minutos\" \/>\n<script type=\"application\/ld+json\" class=\"yoast-schema-graph\">{\"@context\":\"https:\\\/\\\/schema.org\",\"@graph\":[{\"@type\":\"WebPage\",\"@id\":\"https:\\\/\\\/refinery89.com\\\/legal-notice\\\/\",\"url\":\"https:\\\/\\\/refinery89.com\\\/legal-notice\\\/\",\"name\":\"Legal Notice | Refinery89\",\"isPartOf\":{\"@id\":\"https:\\\/\\\/refinery89.com\\\/#website\"},\"datePublished\":\"2024-05-07T12:49:39+00:00\",\"dateModified\":\"2026-01-13T15:24:40+00:00\",\"description\":\"Welcome to the Legal Notice page for refinery89.com. Need help? Get in touch with us and let us know! Refinery89\",\"breadcrumb\":{\"@id\":\"https:\\\/\\\/refinery89.com\\\/legal-notice\\\/#breadcrumb\"},\"inLanguage\":\"pt-BR\",\"potentialAction\":[{\"@type\":\"ReadAction\",\"target\":[\"https:\\\/\\\/refinery89.com\\\/legal-notice\\\/\"]}]},{\"@type\":\"BreadcrumbList\",\"@id\":\"https:\\\/\\\/refinery89.com\\\/legal-notice\\\/#breadcrumb\",\"itemListElement\":[{\"@type\":\"ListItem\",\"position\":1,\"name\":\"Home\",\"item\":\"https:\\\/\\\/refinery89.com\\\/\"},{\"@type\":\"ListItem\",\"position\":2,\"name\":\"Legal Notice\"}]},{\"@type\":\"WebSite\",\"@id\":\"https:\\\/\\\/refinery89.com\\\/#website\",\"url\":\"https:\\\/\\\/refinery89.com\\\/\",\"name\":\"Refinery89\",\"description\":\"\",\"publisher\":{\"@id\":\"https:\\\/\\\/refinery89.com\\\/#organization\"},\"potentialAction\":[{\"@type\":\"SearchAction\",\"target\":{\"@type\":\"EntryPoint\",\"urlTemplate\":\"https:\\\/\\\/refinery89.com\\\/?s={search_term_string}\"},\"query-input\":{\"@type\":\"PropertyValueSpecification\",\"valueRequired\":true,\"valueName\":\"search_term_string\"}}],\"inLanguage\":\"pt-BR\"},{\"@type\":\"Organization\",\"@id\":\"https:\\\/\\\/refinery89.com\\\/#organization\",\"name\":\"Refinery89\",\"alternateName\":\"R89\",\"url\":\"https:\\\/\\\/refinery89.com\\\/\",\"logo\":{\"@type\":\"ImageObject\",\"inLanguage\":\"pt-BR\",\"@id\":\"https:\\\/\\\/refinery89.com\\\/#\\\/schema\\\/logo\\\/image\\\/\",\"url\":\"https:\\\/\\\/refinery89.com\\\/wp-content\\\/uploads\\\/2025\\\/08\\\/r89-thumbnail.png\",\"contentUrl\":\"https:\\\/\\\/refinery89.com\\\/wp-content\\\/uploads\\\/2025\\\/08\\\/r89-thumbnail.png\",\"width\":200,\"height\":200,\"caption\":\"Refinery89\"},\"image\":{\"@id\":\"https:\\\/\\\/refinery89.com\\\/#\\\/schema\\\/logo\\\/image\\\/\"},\"sameAs\":[\"https:\\\/\\\/www.facebook.com\\\/Refinery89\\\/\",\"https:\\\/\\\/x.com\\\/refinery89\",\"https:\\\/\\\/www.linkedin.com\\\/company\\\/refinery89\\\/\",\"https:\\\/\\\/www.youtube.com\\\/@refinery89\",\"https:\\\/\\\/www.instagram.com\\\/refinery_89\\\/\",\"https:\\\/\\\/www.reddit.com\\\/user\\\/Refinery89\\\/\",\"https:\\\/\\\/share.google\\\/K8hFf3ktmUrTi1XCa\"]}]}<\/script>\n<!-- \/ Yoast SEO plugin. -->","yoast_head_json":{"title":"Legal Notice | Refinery89","description":"Bem-vindo \u00e0 p\u00e1gina de Aviso Legal de refinery89.com. Precisa de ajuda? Entre em contato","robots":{"index":"noindex","follow":"nofollow"},"og_locale":"pt_BR","og_type":"article","og_title":"Legal Notice | Refinery89","og_description":"Welcome to the Legal Notice page for refinery89.com. Need help? Get in touch with us and let us know! Refinery89","og_url":"https:\/\/refinery89.com\/pt\/aviso-legal\/","og_site_name":"Refinery89","article_publisher":"https:\/\/www.facebook.com\/Refinery89\/","article_modified_time":"2026-01-13T15:24:40+00:00","og_image":[{"width":200,"height":200,"url":"https:\/\/refinery89.com\/wp-content\/uploads\/2025\/08\/r89-thumbnail.png","type":"image\/png"}],"twitter_card":"summary_large_image","twitter_site":"@refinery89","twitter_misc":{"Est. tempo de leitura":"2 minutos"},"schema":{"@context":"https:\/\/schema.org","@graph":[{"@type":"WebPage","@id":"https:\/\/refinery89.com\/legal-notice\/","url":"https:\/\/refinery89.com\/legal-notice\/","name":"Legal Notice | Refinery89","isPartOf":{"@id":"https:\/\/refinery89.com\/#website"},"datePublished":"2024-05-07T12:49:39+00:00","dateModified":"2026-01-13T15:24:40+00:00","description":"Bem-vindo \u00e0 p\u00e1gina de Aviso Legal de refinery89.com. Precisa de ajuda? Entre em contato","breadcrumb":{"@id":"https:\/\/refinery89.com\/legal-notice\/#breadcrumb"},"inLanguage":"pt-BR","potentialAction":[{"@type":"ReadAction","target":["https:\/\/refinery89.com\/legal-notice\/"]}]},{"@type":"BreadcrumbList","@id":"https:\/\/refinery89.com\/legal-notice\/#breadcrumb","itemListElement":[{"@type":"ListItem","position":1,"name":"Home","item":"https:\/\/refinery89.com\/"},{"@type":"ListItem","position":2,"name":"Legal Notice"}]},{"@type":"WebSite","@id":"https:\/\/refinery89.com\/#website","url":"https:\/\/refinery89.com\/","name":"Refinery89","description":"","publisher":{"@id":"https:\/\/refinery89.com\/#organization"},"potentialAction":[{"@type":"SearchAction","target":{"@type":"EntryPoint","urlTemplate":"https:\/\/refinery89.com\/?s={search_term_string}"},"query-input":{"@type":"PropertyValueSpecification","valueRequired":true,"valueName":"search_term_string"}}],"inLanguage":"pt-BR"},{"@type":"Organization","@id":"https:\/\/refinery89.com\/#organization","name":"Refinery89","alternateName":"R89","url":"https:\/\/refinery89.com\/","logo":{"@type":"ImageObject","inLanguage":"pt-BR","@id":"https:\/\/refinery89.com\/#\/schema\/logo\/image\/","url":"https:\/\/refinery89.com\/wp-content\/uploads\/2025\/08\/r89-thumbnail.png","contentUrl":"https:\/\/refinery89.com\/wp-content\/uploads\/2025\/08\/r89-thumbnail.png","width":200,"height":200,"caption":"Refinery89"},"image":{"@id":"https:\/\/refinery89.com\/#\/schema\/logo\/image\/"},"sameAs":["https:\/\/www.facebook.com\/Refinery89\/","https:\/\/x.com\/refinery89","https:\/\/www.linkedin.com\/company\/refinery89\/","https:\/\/www.youtube.com\/@refinery89","https:\/\/www.instagram.com\/refinery_89\/","https:\/\/www.reddit.com\/user\/Refinery89\/","https:\/\/share.google\/K8hFf3ktmUrTi1XCa"]}]}},"_links":{"self":[{"href":"https:\/\/refinery89.com\/pt\/wp-json\/wp\/v2\/pages\/9122","targetHints":{"allow":["GET"]}}],"collection":[{"href":"https:\/\/refinery89.com\/pt\/wp-json\/wp\/v2\/pages"}],"about":[{"href":"https:\/\/refinery89.com\/pt\/wp-json\/wp\/v2\/types\/page"}],"author":[{"embeddable":true,"href":"https:\/\/refinery89.com\/pt\/wp-json\/wp\/v2\/users\/7"}],"replies":[{"embeddable":true,"href":"https:\/\/refinery89.com\/pt\/wp-json\/wp\/v2\/comments?post=9122"}],"version-history":[{"count":0,"href":"https:\/\/refinery89.com\/pt\/wp-json\/wp\/v2\/pages\/9122\/revisions"}],"wp:attachment":[{"href":"https:\/\/refinery89.com\/pt\/wp-json\/wp\/v2\/media?parent=9122"}],"curies":[{"name":"wp","href":"https:\/\/api.w.org\/{rel}","templated":true}]}}