{"id":4811,"date":"2023-04-03T17:24:20","date_gmt":"2023-04-03T15:24:20","guid":{"rendered":"https:\/\/refinery89.com\/?page_id=4811"},"modified":"2026-01-13T16:24:13","modified_gmt":"2026-01-13T15:24:13","slug":"politica-de-privacidade","status":"publish","type":"page","link":"https:\/\/refinery89.com\/pt\/privacy-policy\/","title":{"rendered":"Pol\u00edtica de Privacidade"},"content":{"rendered":"<div data-elementor-type=\"wp-page\" data-elementor-id=\"4811\" class=\"elementor elementor-4811\" data-elementor-post-type=\"page\">\n\t\t\t\t\t\t<section class=\"elementor-section elementor-top-section elementor-element elementor-element-6a9582a4 elementor-section-content-middle elementor-section-boxed elementor-section-height-default elementor-section-height-default\" data-id=\"6a9582a4\" data-element_type=\"section\" data-e-type=\"section\">\n\t\t\t\t\t\t<div class=\"elementor-container elementor-column-gap-default\">\n\t\t\t\t\t<div class=\"elementor-column elementor-col-100 elementor-top-column elementor-element elementor-element-10b5268d\" data-id=\"10b5268d\" data-element_type=\"column\" data-e-type=\"column\">\n\t\t\t<div class=\"elementor-widget-wrap elementor-element-populated\">\n\t\t\t\t\t\t<div class=\"elementor-element elementor-element-6edb2c02 elementor-widget__width-initial elementor-invisible elementor-widget elementor-widget-text-editor\" data-id=\"6edb2c02\" data-element_type=\"widget\" data-e-type=\"widget\" data-settings=\"{&quot;_animation&quot;:&quot;fadeInUp&quot;,&quot;_animation_delay&quot;:400}\" data-widget_type=\"text-editor.default\">\n\t\t\t\t<div class=\"elementor-widget-container\">\n\t\t\t\t\t\t\t\t\t<div>\u00a0<\/div><div style=\"text-align: left;\"><p>Pol\u00edtica de Privacidade \u2013 Atualizada em maio de 2024<\/p><\/div><div style=\"text-align: left;\">\u00a0<\/div><div><p>O Grupo Refinery89 (Refinery89 B.V. e Refinery89, S.L.), doravante chamado Refinery89, em aplica\u00e7\u00e3o da legisla\u00e7\u00e3o vigente sobre a prote\u00e7\u00e3o de dados pessoais, informa que os dados pessoais coletados por meio dos formul\u00e1rios no site: https:\/\/refinery89.com\/, s\u00e3o inclu\u00eddos nos arquivos automatizados espec\u00edficos dos usu\u00e1rios dos servi\u00e7os de Refinery89.<\/p><p>O prop\u00f3sito da coleta e do processamento automatizado de dados pessoais \u00e9 a manuten\u00e7\u00e3o da rela\u00e7\u00e3o comercial e a execu\u00e7\u00e3o de atividades de informa\u00e7\u00e3o, forma\u00e7\u00e3o, consultoria e outras atividades da Refinery89.<\/p><p>Esses dados ser\u00e3o transferidos apenas para as entidades que forem necess\u00e1rias com o \u00fanico prop\u00f3sito de cumprir o objetivo mencionado acima.<\/p><p>Refinery89 adota as medidas necess\u00e1rias para garantir a seguran\u00e7a, integridade e confidencialidade dos dados de acordo com as disposi\u00e7\u00f5es do Regulamento (UE) 2016\/679 do Parlamento Europeu e do Conselho, de 27 de abril de 2016, sobre a prote\u00e7\u00e3o de pessoas f\u00edsicas no que diz respeito ao tratamento de dados pessoais e \u00e0 livre circula\u00e7\u00e3o desses dados, revogando a antiga LOPD, a nova Lei Org\u00e2nica 3\/2018, de 5 de dezembro, sobre Prote\u00e7\u00e3o de Dados e Garantia dos Direitos Digitais (LOPDGDDD).<\/p><p>O usu\u00e1rio pode, a qualquer momento, exercer os direitos de acesso, oposi\u00e7\u00e3o, retifica\u00e7\u00e3o, cancelamento, limita\u00e7\u00e3o e portabilidade reconhecidos no referido Regulamento (UE). Esses direitos podem ser exercidos pelo usu\u00e1rio enviando um e-mail para Sandra Molina: dpo@refinery89.com ou para o seguinte endere\u00e7o: Calle De Francisco Salas, 24, C.P. 28039 \u2013 Madrid (Madrid).<\/p><p>O usu\u00e1rio declara que todos os dados fornecidos por ele\/ela s\u00e3o verdadeiros e corretos, e compromete-se a mant\u00ea-los atualizados, notificando a Refinery89 sobre quaisquer altera\u00e7\u00f5es.<\/p><p><strong>Finalidade do tratamento de dados pessoais:<\/strong><\/p><p><strong>Para qual finalidade processaremos seus dados pessoais?<\/strong><\/p><p>Na Refinery89, processaremos seus dados pessoais coletados atrav\u00e9s do site: https:\/\/refinery89.com\/, para os seguintes fins:<\/p><ul><li>Envio de informa\u00e7\u00f5es comerciais e newsletters sobre novos servi\u00e7os oferecidos no site e no setor.<\/li><li>O processo de arquivamento, atualiza\u00e7\u00e3o de sistemas, prote\u00e7\u00e3o e cust\u00f3dia das informa\u00e7\u00f5es e bancos de dados da empresa.<\/li><li>A transmiss\u00e3o de dados para terceiros com os quais contratos foram firmados para esse fim, para fins comerciais, contratuais, administrativos, de marketing e\/ou operacionais.<\/li><li>Envio de informa\u00e7\u00f5es promocionais eletronicamente.<\/li><li>Fornecer as informa\u00e7\u00f5es solicitadas pelo usu\u00e1rio atrav\u00e9s do formul\u00e1rio de contato.<\/li><\/ul><div>\u00a0<\/div><p>Lembramos que voc\u00ea pode se opor ao envio de comunica\u00e7\u00f5es comerciais por qualquer meio e a qualquer momento, enviando um e-mail para o endere\u00e7o indicado acima.<\/p><p>Os campos nestes registros devem ser preenchidos, e ser\u00e1 imposs\u00edvel realizar os prop\u00f3sitos expressos se voc\u00ea n\u00e3o fornecer essas informa\u00e7\u00f5es.<\/p><p><strong>Por quanto tempo os dados pessoais coletados ser\u00e3o mantidos?<\/strong><\/p><p>Os dados pessoais fornecidos ser\u00e3o mantidos enquanto a rela\u00e7\u00e3o comercial for mantida ou voc\u00ea n\u00e3o solicitar sua exclus\u00e3o, e pelo per\u00edodo em que responsabilidades legais possam surgir dos servi\u00e7os prestados.<\/p><p><strong>Legitima\u00e7\u00e3o:<\/strong><\/p><p>O processamento dos seus dados \u00e9 realizado com base nas seguintes bases legais que o legitimam:<\/p><ul><li>A solicita\u00e7\u00e3o de informa\u00e7\u00f5es e\/ou a contrata\u00e7\u00e3o dos servi\u00e7os da Refinery89, cujos termos e condi\u00e7\u00f5es ser\u00e3o disponibilizados para voc\u00ea em qualquer caso, antes de qualquer eventual contrata\u00e7\u00e3o.<\/li><li>Consentimento livre, espec\u00edfico, informado e inequ\u00edvoco, na medida em que informamos voc\u00ea, disponibilizando esta pol\u00edtica de privacidade, que, ap\u00f3s l\u00ea-la, se voc\u00ea concordar, poder\u00e1 aceitar por meio de uma declara\u00e7\u00e3o ou uma a\u00e7\u00e3o afirmativa clara, como marcar uma caixa prevista para esse fim.<\/li><\/ul><div>\u00a0<\/div><p>Se voc\u00ea n\u00e3o nos fornecer seus dados, ou se fizer isso de forma incorreta ou incompleta, n\u00e3o poderemos atender \u00e0 sua solicita\u00e7\u00e3o, tornando completamente imposs\u00edvel fornecer as informa\u00e7\u00f5es solicitadas ou realizar a contrata\u00e7\u00e3o de servi\u00e7os.<\/p><p><strong>Destinat\u00e1rios:<\/strong><\/p><p>Os dados n\u00e3o ser\u00e3o comunicados a terceiros fora da Refinery89, a menos que haja obriga\u00e7\u00e3o legal de faz\u00ea-lo.<\/p><p><strong>Dados coletados pelos usu\u00e1rios dos servi\u00e7os<\/strong><\/p><p>Nos casos em que o usu\u00e1rio incluir arquivos com dados pessoais nos servidores de hospedagem compartilhada, a Refinery89 n\u00e3o \u00e9 respons\u00e1vel pelo n\u00e3o cumprimento do RGPD pelo usu\u00e1rio.<\/p><p><strong>Direitos de propriedade intelectual https:\/\/refinery89.com\/<\/strong><\/p><p>A Refinery89 \u00e9 a propriet\u00e1ria de todos os direitos autorais, direitos de propriedade intelectual e industrial, know-how e quaisquer outros direitos relacionados ao conte\u00fado do site https:\/\/refinery89.com\/ e aos servi\u00e7os oferecidos nele, bem como aos programas necess\u00e1rios para sua implementa\u00e7\u00e3o e informa\u00e7\u00f5es relacionadas.<\/p><p>A reprodu\u00e7\u00e3o, publica\u00e7\u00e3o e\/ou uso dos conte\u00fados, total ou parcialmente, do site https:\/\/refinery89.com\/, para fins que n\u00e3o sejam estritamente privados, n\u00e3o \u00e9 permitida sem consentimento pr\u00e9vio por escrito.<\/p><p><strong>Propriedade intelectual do software<\/strong><\/p><p>O usu\u00e1rio deve respeitar o software de terceiros disponibilizado pela Refinery89, mesmo que seja gratuito e\/ou de acesso p\u00fablico.<\/p><p>A Refinery89 possui os direitos de explora\u00e7\u00e3o e propriedade intelectual necess\u00e1rios do software.<\/p><p>O usu\u00e1rio n\u00e3o adquire nenhum direito ou licen\u00e7a para o servi\u00e7o contratado, sobre o software necess\u00e1rio para a presta\u00e7\u00e3o do servi\u00e7o, nem sobre as informa\u00e7\u00f5es t\u00e9cnicas para monitorar o servi\u00e7o, exceto os direitos e licen\u00e7as necess\u00e1rios para o cumprimento dos servi\u00e7os contratados e apenas durante a dura\u00e7\u00e3o dos mesmos.<\/p><p>Para qualquer a\u00e7\u00e3o que exceda o cumprimento do contrato, o usu\u00e1rio precisar\u00e1 de autoriza\u00e7\u00e3o por escrito da Refinery89, e \u00e9 proibido ao usu\u00e1rio acessar, modificar, visualizar a configura\u00e7\u00e3o, estrutura e arquivos dos servidores de propriedade da Refinery89, assumindo a responsabilidade civil e penal decorrente de qualquer incidente que possa ocorrer nos servidores e sistemas de seguran\u00e7a como consequ\u00eancia direta de uma a\u00e7\u00e3o negligente ou maliciosa de sua parte.<\/p><p><strong>Propriedade intelectual dos conte\u00fados hospedados<\/strong><\/p><p>O uso contr\u00e1rio \u00e0 legisla\u00e7\u00e3o sobre propriedade intelectual dos servi\u00e7os fornecidos pela Refinery89 e, em particular, de:<\/p><ul><li>O uso que contrarie a lei espanhola ou viole os direitos de terceiros.<\/li><li>A publica\u00e7\u00e3o ou transmiss\u00e3o de qualquer conte\u00fado que, na opini\u00e3o da Refinery89, seja violento, obsceno, abusivo, ilegal, racial, xen\u00f3fobo ou difamat\u00f3rio.<\/li><li>Cracks, n\u00fameros de s\u00e9rie de programas ou qualquer outro conte\u00fado que viole os direitos de propriedade intelectual de terceiros.<\/li><li>A coleta e\/ou uso de dados pessoais de outros usu\u00e1rios sem o consentimento expresso deles ou em desacordo com as disposi\u00e7\u00f5es do Regulamento (UE) 2016\/679 do Parlamento Europeu e do Conselho, de 27 de abril de 2016, relativo \u00e0 prote\u00e7\u00e3o das pessoas f\u00edsicas no que diz respeito ao tratamento de dados pessoais e \u00e0 livre circula\u00e7\u00e3o desses dados.<\/li><li>O uso do servidor de e-mail do dom\u00ednio e dos endere\u00e7os de e-mail para enviar e-mails em massa n\u00e3o solicitados.<\/li><\/ul><div>\u00a0<\/div><p>O usu\u00e1rio assume total responsabilidade pelo conte\u00fado de seu site, pelas informa\u00e7\u00f5es transmitidas e armazenadas, pelos links de hipertexto, pelas reivindica\u00e7\u00f5es de terceiros e pelas a\u00e7\u00f5es legais relacionadas \u00e0 propriedade intelectual, aos direitos de terceiros e \u00e0 prote\u00e7\u00e3o de menores.<\/p><p>O usu\u00e1rio \u00e9 respons\u00e1vel no que diz respeito \u00e0s leis e regulamenta\u00e7\u00f5es em vigor e \u00e0s regras relativas \u00e0 opera\u00e7\u00e3o do servi\u00e7o online, com\u00e9rcio eletr\u00f4nico, direitos autorais, manuten\u00e7\u00e3o da ordem p\u00fablica, bem como aos princ\u00edpios universais do uso da Internet.<\/p><p>O usu\u00e1rio dever\u00e1 indenizar a Refinery89 pelos custos incorridos pela Refinery89 em qualquer caso em que o usu\u00e1rio possa ser responsabilizado, incluindo honor\u00e1rios advocat\u00edcios e despesas, mesmo no caso de uma decis\u00e3o judicial n\u00e3o final.<\/p><p><strong>Prote\u00e7\u00e3o das informa\u00e7\u00f5es hospedadas<\/strong><\/p><p>A Refinery89 faz c\u00f3pias de backup dos conte\u00fados hospedados em seus servidores, no entanto, n\u00e3o ser\u00e1 responsabilizada pela perda ou exclus\u00e3o acidental de dados pelos usu\u00e1rios. Da mesma forma, n\u00e3o garante a substitui\u00e7\u00e3o total de dados exclu\u00eddos pelos usu\u00e1rios, pois os dados mencionados podem ter sido exclu\u00eddos e\/ou modificados durante o per\u00edodo decorrido desde a \u00faltima c\u00f3pia de backup.<\/p><p>Os servi\u00e7os oferecidos, exceto os servi\u00e7os de backup espec\u00edficos, n\u00e3o incluem a substitui\u00e7\u00e3o dos conte\u00fados mantidos nas c\u00f3pias de backup feitas pela Refinery89, quando essa perda for atribu\u00edvel ao usu\u00e1rio; nesse caso, uma taxa ser\u00e1 determinada de acordo com a complexidade e o volume da recupera\u00e7\u00e3o, sempre com a aceita\u00e7\u00e3o pr\u00e9via do usu\u00e1rio.<\/p><p>A reposi\u00e7\u00e3o de dados exclu\u00eddos est\u00e1 inclu\u00edda apenas no pre\u00e7o do servi\u00e7o quando a perda do conte\u00fado se deve a causas atribu\u00edveis \u00e0 Refinery89.<\/p><p><strong>Comunica\u00e7\u00f5es comerciais<\/strong><\/p><p>Em conformidade com a LSSI, a Refinery89 n\u00e3o enviar\u00e1 comunica\u00e7\u00f5es publicit\u00e1rias ou promocionais por e-mail ou qualquer outro meio equivalente de comunica\u00e7\u00e3o eletr\u00f4nica que n\u00e3o tenham sido previamente solicitadas ou expressamente autorizadas pelos destinat\u00e1rios.<\/p><p>No caso de usu\u00e1rios com os quais existe uma rela\u00e7\u00e3o contratual pr\u00e9via, a Refinery89 est\u00e1 autorizada a enviar comunica\u00e7\u00f5es comerciais referentes a produtos ou servi\u00e7os da Refinery89 que sejam similares aos inicialmente contratados pelo cliente.<\/p><p>Em qualquer caso, o usu\u00e1rio, ap\u00f3s comprovar sua identidade, pode solicitar que n\u00e3o seja mais enviado a ele nenhuma informa\u00e7\u00e3o comercial atrav\u00e9s dos canais de Atendimento ao Cliente.<\/p><\/div>\t\t\t\t\t\t\t\t<\/div>\n\t\t\t\t<\/div>\n\t\t\t\t\t<\/div>\n\t\t<\/div>\n\t\t\t\t\t<\/div>\n\t\t<\/section>\n\t\t\t\t<\/div>","protected":false},"excerpt":{"rendered":"<p>\u00a0 Privacy Policy \u2013 Updated May 2024 \u00a0 The Refinery89 Group (Refinery89 B.V and Refinery89, S.L.), from here on Refinery89, in application of current legislation on the protection of personal data, informs that the personal data collected through the forms on the website: https:\/\/refinery89.com\/, are included in the specific automated files of users of Refinery89 [&hellip;]<\/p>\n","protected":false},"author":12,"featured_media":0,"parent":0,"menu_order":0,"comment_status":"closed","ping_status":"closed","template":"","meta":{"footnotes":""},"class_list":["post-4811","page","type-page","status-publish","hentry"],"yoast_head":"<!-- This site is optimized with the Yoast SEO plugin v27.2 - https:\/\/yoast.com\/product\/yoast-seo-wordpress\/ -->\n<title>Privacy Policy | Refinery89<\/title>\n<meta name=\"description\" content=\"Welcome to the Privacy Policy page for refinery89.com. Need help with anything? Get in touch with us and let us know\" \/>\n<meta name=\"robots\" content=\"noindex, nofollow\" \/>\n<meta property=\"og:locale\" content=\"pt_BR\" \/>\n<meta property=\"og:type\" content=\"article\" \/>\n<meta property=\"og:title\" content=\"Privacy Policy | Refinery89\" \/>\n<meta property=\"og:description\" content=\"Welcome to the Privacy Policy page for refinery89.com. Need help with anything? Get in touch with us and let us know\" \/>\n<meta property=\"og:url\" content=\"https:\/\/refinery89.com\/pt\/politica-de-privacidade\/\" \/>\n<meta property=\"og:site_name\" content=\"Refinery89\" \/>\n<meta property=\"article:publisher\" content=\"https:\/\/www.facebook.com\/Refinery89\/\" \/>\n<meta property=\"article:modified_time\" content=\"2026-01-13T15:24:13+00:00\" \/>\n<meta property=\"og:image\" content=\"https:\/\/refinery89.com\/wp-content\/uploads\/2025\/08\/r89-thumbnail.png\" \/>\n\t<meta property=\"og:image:width\" content=\"200\" \/>\n\t<meta property=\"og:image:height\" content=\"200\" \/>\n\t<meta property=\"og:image:type\" content=\"image\/png\" \/>\n<meta name=\"twitter:card\" content=\"summary_large_image\" \/>\n<meta name=\"twitter:site\" content=\"@refinery89\" \/>\n<meta name=\"twitter:label1\" content=\"Est. tempo de leitura\" \/>\n\t<meta name=\"twitter:data1\" content=\"7 minutos\" \/>\n<script type=\"application\/ld+json\" class=\"yoast-schema-graph\">{\"@context\":\"https:\/\/schema.org\",\"@graph\":[{\"@type\":\"WebPage\",\"@id\":\"https:\/\/refinery89.com\/privacy-policy\/\",\"url\":\"https:\/\/refinery89.com\/privacy-policy\/\",\"name\":\"Privacy Policy | Refinery89\",\"isPartOf\":{\"@id\":\"https:\/\/refinery89.com\/#website\"},\"datePublished\":\"2023-04-03T15:24:20+00:00\",\"dateModified\":\"2026-01-13T15:24:13+00:00\",\"description\":\"Welcome to the Privacy Policy page for refinery89.com. Need help with anything? Get in touch with us and let us know\",\"breadcrumb\":{\"@id\":\"https:\/\/refinery89.com\/privacy-policy\/#breadcrumb\"},\"inLanguage\":\"pt-BR\",\"potentialAction\":[{\"@type\":\"ReadAction\",\"target\":[\"https:\/\/refinery89.com\/privacy-policy\/\"]}]},{\"@type\":\"BreadcrumbList\",\"@id\":\"https:\/\/refinery89.com\/privacy-policy\/#breadcrumb\",\"itemListElement\":[{\"@type\":\"ListItem\",\"position\":1,\"name\":\"Home\",\"item\":\"https:\/\/refinery89.com\/\"},{\"@type\":\"ListItem\",\"position\":2,\"name\":\"Privacy Policy\"}]},{\"@type\":\"WebSite\",\"@id\":\"https:\/\/refinery89.com\/#website\",\"url\":\"https:\/\/refinery89.com\/\",\"name\":\"Refinery89\",\"description\":\"\",\"publisher\":{\"@id\":\"https:\/\/refinery89.com\/#organization\"},\"potentialAction\":[{\"@type\":\"SearchAction\",\"target\":{\"@type\":\"EntryPoint\",\"urlTemplate\":\"https:\/\/refinery89.com\/?s={search_term_string}\"},\"query-input\":{\"@type\":\"PropertyValueSpecification\",\"valueRequired\":true,\"valueName\":\"search_term_string\"}}],\"inLanguage\":\"pt-BR\"},{\"@type\":\"Organization\",\"@id\":\"https:\/\/refinery89.com\/#organization\",\"name\":\"Refinery89\",\"alternateName\":\"R89\",\"url\":\"https:\/\/refinery89.com\/\",\"logo\":{\"@type\":\"ImageObject\",\"inLanguage\":\"pt-BR\",\"@id\":\"https:\/\/refinery89.com\/#\/schema\/logo\/image\/\",\"url\":\"https:\/\/refinery89.com\/wp-content\/uploads\/2025\/08\/r89-thumbnail.png\",\"contentUrl\":\"https:\/\/refinery89.com\/wp-content\/uploads\/2025\/08\/r89-thumbnail.png\",\"width\":200,\"height\":200,\"caption\":\"Refinery89\"},\"image\":{\"@id\":\"https:\/\/refinery89.com\/#\/schema\/logo\/image\/\"},\"sameAs\":[\"https:\/\/www.facebook.com\/Refinery89\/\",\"https:\/\/x.com\/refinery89\",\"https:\/\/www.linkedin.com\/company\/refinery89\/\",\"https:\/\/www.youtube.com\/@refinery89\",\"https:\/\/www.instagram.com\/refinery_89\/\",\"https:\/\/www.reddit.com\/user\/Refinery89\/\",\"https:\/\/share.google\/K8hFf3ktmUrTi1XCa\"]}]}<\/script>\n<!-- \/ Yoast SEO plugin. -->","yoast_head_json":{"title":"Privacy Policy | Refinery89","description":"Bem-vindo \u00e0 p\u00e1gina de Pol\u00edtica de Privacidade de refinery89.com. Precisa de ajuda? Entre em contato conosco","robots":{"index":"noindex","follow":"nofollow"},"og_locale":"pt_BR","og_type":"article","og_title":"Privacy Policy | Refinery89","og_description":"Welcome to the Privacy Policy page for refinery89.com. Need help with anything? Get in touch with us and let us know","og_url":"https:\/\/refinery89.com\/pt\/politica-de-privacidade\/","og_site_name":"Refinery89","article_publisher":"https:\/\/www.facebook.com\/Refinery89\/","article_modified_time":"2026-01-13T15:24:13+00:00","og_image":[{"width":200,"height":200,"url":"https:\/\/refinery89.com\/wp-content\/uploads\/2025\/08\/r89-thumbnail.png","type":"image\/png"}],"twitter_card":"summary_large_image","twitter_site":"@refinery89","twitter_misc":{"Est. tempo de leitura":"7 minutos"},"schema":{"@context":"https:\/\/schema.org","@graph":[{"@type":"WebPage","@id":"https:\/\/refinery89.com\/privacy-policy\/","url":"https:\/\/refinery89.com\/privacy-policy\/","name":"Privacy Policy | Refinery89","isPartOf":{"@id":"https:\/\/refinery89.com\/#website"},"datePublished":"2023-04-03T15:24:20+00:00","dateModified":"2026-01-13T15:24:13+00:00","description":"Bem-vindo \u00e0 p\u00e1gina de Pol\u00edtica de Privacidade de refinery89.com. Precisa de ajuda? Entre em contato conosco","breadcrumb":{"@id":"https:\/\/refinery89.com\/privacy-policy\/#breadcrumb"},"inLanguage":"pt-BR","potentialAction":[{"@type":"ReadAction","target":["https:\/\/refinery89.com\/privacy-policy\/"]}]},{"@type":"BreadcrumbList","@id":"https:\/\/refinery89.com\/privacy-policy\/#breadcrumb","itemListElement":[{"@type":"ListItem","position":1,"name":"Home","item":"https:\/\/refinery89.com\/"},{"@type":"ListItem","position":2,"name":"Privacy Policy"}]},{"@type":"WebSite","@id":"https:\/\/refinery89.com\/#website","url":"https:\/\/refinery89.com\/","name":"Refinery89","description":"","publisher":{"@id":"https:\/\/refinery89.com\/#organization"},"potentialAction":[{"@type":"SearchAction","target":{"@type":"EntryPoint","urlTemplate":"https:\/\/refinery89.com\/?s={search_term_string}"},"query-input":{"@type":"PropertyValueSpecification","valueRequired":true,"valueName":"search_term_string"}}],"inLanguage":"pt-BR"},{"@type":"Organization","@id":"https:\/\/refinery89.com\/#organization","name":"Refinery89","alternateName":"R89","url":"https:\/\/refinery89.com\/","logo":{"@type":"ImageObject","inLanguage":"pt-BR","@id":"https:\/\/refinery89.com\/#\/schema\/logo\/image\/","url":"https:\/\/refinery89.com\/wp-content\/uploads\/2025\/08\/r89-thumbnail.png","contentUrl":"https:\/\/refinery89.com\/wp-content\/uploads\/2025\/08\/r89-thumbnail.png","width":200,"height":200,"caption":"Refinery89"},"image":{"@id":"https:\/\/refinery89.com\/#\/schema\/logo\/image\/"},"sameAs":["https:\/\/www.facebook.com\/Refinery89\/","https:\/\/x.com\/refinery89","https:\/\/www.linkedin.com\/company\/refinery89\/","https:\/\/www.youtube.com\/@refinery89","https:\/\/www.instagram.com\/refinery_89\/","https:\/\/www.reddit.com\/user\/Refinery89\/","https:\/\/share.google\/K8hFf3ktmUrTi1XCa"]}]}},"_links":{"self":[{"href":"https:\/\/refinery89.com\/pt\/wp-json\/wp\/v2\/pages\/4811","targetHints":{"allow":["GET"]}}],"collection":[{"href":"https:\/\/refinery89.com\/pt\/wp-json\/wp\/v2\/pages"}],"about":[{"href":"https:\/\/refinery89.com\/pt\/wp-json\/wp\/v2\/types\/page"}],"author":[{"embeddable":true,"href":"https:\/\/refinery89.com\/pt\/wp-json\/wp\/v2\/users\/12"}],"replies":[{"embeddable":true,"href":"https:\/\/refinery89.com\/pt\/wp-json\/wp\/v2\/comments?post=4811"}],"version-history":[{"count":0,"href":"https:\/\/refinery89.com\/pt\/wp-json\/wp\/v2\/pages\/4811\/revisions"}],"wp:attachment":[{"href":"https:\/\/refinery89.com\/pt\/wp-json\/wp\/v2\/media?parent=4811"}],"curies":[{"name":"wp","href":"https:\/\/api.w.org\/{rel}","templated":true}]}}