{"id":9130,"date":"2024-05-07T16:08:55","date_gmt":"2024-05-07T14:08:55","guid":{"rendered":"https:\/\/refinery89.com\/?page_id=9130"},"modified":"2025-08-04T11:29:45","modified_gmt":"2025-08-04T09:29:45","slug":"polityka-cookies","status":"publish","type":"page","link":"https:\/\/refinery89.com\/pl\/cookies-policy\/","title":{"rendered":"Polityka Cookies"},"content":{"rendered":"<div data-elementor-type=\"wp-page\" data-elementor-id=\"9130\" class=\"elementor elementor-9130\" data-elementor-post-type=\"page\">\n\t\t\t\t\t\t<section class=\"elementor-section elementor-top-section elementor-element elementor-element-7fcffa3 elementor-section-content-middle elementor-section-boxed elementor-section-height-default elementor-section-height-default\" data-id=\"7fcffa3\" data-element_type=\"section\" data-e-type=\"section\">\n\t\t\t\t\t\t<div class=\"elementor-container elementor-column-gap-default\">\n\t\t\t\t\t<div class=\"elementor-column elementor-col-100 elementor-top-column elementor-element elementor-element-545d22d\" data-id=\"545d22d\" data-element_type=\"column\" data-e-type=\"column\">\n\t\t\t<div class=\"elementor-widget-wrap elementor-element-populated\">\n\t\t\t\t\t\t<div class=\"elementor-element elementor-element-c3179fd elementor-widget__width-initial elementor-invisible elementor-widget elementor-widget-text-editor\" data-id=\"c3179fd\" data-element_type=\"widget\" data-e-type=\"widget\" data-settings=\"{&quot;_animation&quot;:&quot;fadeInUp&quot;,&quot;_animation_delay&quot;:400}\" data-widget_type=\"text-editor.default\">\n\t\t\t\t<div class=\"elementor-widget-container\">\n\t\t\t\t\t\t\t\t\t<p>Refinery89 informuje o u\u017cywaniu plik\u00f3w cookie na swojej stronie internetowej: https:\/\/refinery89.com\/<\/p>\n<p><strong>Czym s\u0105 pliki cookie?<\/strong><\/p>\n<p>Pliki cookie to pliki, kt\u00f3re mog\u0105 by\u0107 pobierane na komputer u\u017cytkownika przez strony internetowe. S\u0105 to narz\u0119dzia, kt\u00f3re odgrywaj\u0105 kluczow\u0105 rol\u0119 w \u015bwiadczeniu wielu us\u0142ug spo\u0142ecze\u0144stwa informacyjnego. Mi\u0119dzy innymi pozwalaj\u0105 stronie internetowej na przechowywanie i odzyskiwanie informacji o nawykach przegl\u0105dania u\u017cytkownika lub jego urz\u0105dzenia, a w zale\u017cno\u015bci od uzyskanych informacji mog\u0105 by\u0107 u\u017cywane do rozpoznawania u\u017cytkownika i poprawy oferowanej us\u0142ugi.<\/p>\n<p><strong>Rodzaje plik\u00f3w cookie<\/strong><\/p>\n<p>W zale\u017cno\u015bci od podmiotu zarz\u0105dzaj\u0105cego domen\u0105, z kt\u00f3rej wysy\u0142ane s\u0105 pliki cookie, i przetwarzaj\u0105cego uzyskane dane, mo\u017cna wyr\u00f3\u017cni\u0107 dwa rodzaje plik\u00f3w cookie:<\/p>\n<ul>\n<li>Pliki cookie w\u0142asne: Wysy\u0142ane do urz\u0105dzenia u\u017cytkownika z komputera lub domeny zarz\u0105dzanej przez samego wydawc\u0119 i z kt\u00f3rej \u015bwiadczona jest us\u0142uga zam\u00f3wiona przez u\u017cytkownika.<\/li>\n<li>Pliki cookie os\u00f3b trzecich: Wysy\u0142ane do urz\u0105dzenia u\u017cytkownika z komputera lub domeny, kt\u00f3ra nie jest zarz\u0105dzana przez wydawc\u0119, lecz przez inny podmiot przetwarzaj\u0105cy dane uzyskane za pomoc\u0105 plik\u00f3w cookie.<\/li>\n<\/ul>\n<p>W przypadku, gdy pliki cookie s\u0105 instalowane z komputera lub domeny zarz\u0105dzanej przez samego wydawc\u0119, ale zebrane za ich pomoc\u0105 informacje s\u0105 zarz\u0105dzane przez stron\u0119 trzeci\u0105, nie mog\u0105 by\u0107 one uznawane za pliki cookie w\u0142asne.<\/p>\n<p>Istnieje r\u00f3wnie\u017c druga klasyfikacja wed\u0142ug czasu przechowywania ich w przegl\u0105darce klienta:<\/p>\n<ul>\n<li>Pliki cookie sesji: Przeznaczone do zbierania i przechowywania danych podczas korzystania z witryny przez u\u017cytkownika. Zwykle s\u0142u\u017c\u0105 do przechowywania informacji, kt\u00f3re s\u0105 interesuj\u0105ce tylko na czas \u015bwiadczenia us\u0142ugi zam\u00f3wionej przez u\u017cytkownika na jednej sesji (np. lista zakupionych produkt\u00f3w).<\/li>\n<li>Trwa\u0142e pliki cookie: Dane pozostaj\u0105 przechowywane w terminalu i mog\u0105 by\u0107 dost\u0119pne i przetwarzane przez okres okre\u015blony przez stron\u0119 odpowiedzialn\u0105 za plik cookie, kt\u00f3ry mo\u017ce wynosi\u0107 od kilku minut do kilku lat.<\/li>\n<\/ul>\n<p>Na koniec, istnieje inna klasyfikacja, kt\u00f3ra obejmuje sze\u015b\u0107 rodzaj\u00f3w plik\u00f3w cookie w zale\u017cno\u015bci od celu, w jakim przetwarzane s\u0105 uzyskane dane:<\/p>\n<ul>\n<li>Techniczne pliki cookie: Umo\u017cliwiaj\u0105 u\u017cytkownikowi poruszanie si\u0119 po stronie internetowej, platformie lub aplikacji oraz korzystanie z r\u00f3\u017cnych opcji lub us\u0142ug, kt\u00f3re na niej istniej\u0105, takich jak kontrolowanie ruchu i komunikacji danych, identyfikowanie sesji, dost\u0119p do cz\u0119\u015bci o ograniczonym dost\u0119pie, zapami\u0119tywanie element\u00f3w sk\u0142adaj\u0105cych si\u0119 na zam\u00f3wienie, realizacja procesu zakupu zam\u00f3wienia, sk\u0142adanie wniosku o rejestracj\u0119 lub udzia\u0142 w wydarzeniu, korzystanie z element\u00f3w bezpiecze\u0144stwa podczas nawigacji, przechowywanie tre\u015bci do rozpowszechniania wideo lub d\u017awi\u0119ku lub udost\u0119pnianie tre\u015bci za po\u015brednictwem sieci spo\u0142eczno\u015bciowych.<\/li>\n<li>Personalizacyjne pliki cookie: Umo\u017cliwiaj\u0105 u\u017cytkownikowi dost\u0119p do us\u0142ugi z pewnymi zdefiniowanymi og\u00f3lnymi cechami opartymi na serii kryteri\u00f3w na urz\u0105dzeniu u\u017cytkownika, takich jak j\u0119zyk, typ przegl\u0105darki u\u017cywanej do uzyskania dost\u0119pu do us\u0142ugi, ustawienia regionalne, z kt\u00f3rych uzyskiwany jest dost\u0119p do us\u0142ugi itp.<\/li>\n<li>Analityczne pliki cookie: Umo\u017cliwiaj\u0105 podmiotowi odpowiedzialnemu za nie \u015bledzenie i analizowanie zachowania u\u017cytkownik\u00f3w na stronach internetowych, z kt\u00f3rymi s\u0105 powi\u0105zane. Informacje zbierane za pomoc\u0105 tego rodzaju plik\u00f3w cookie s\u0105 wykorzystywane do mierzenia aktywno\u015bci stron internetowych, aplikacji lub platform oraz tworzenia profili przegl\u0105dania u\u017cytkownik\u00f3w tych stron, aplikacji i platform w celu wprowadzenia ulepsze\u0144 w oparciu o analiz\u0119 danych o u\u017cytkowaniu dokonan\u0105 przez u\u017cytkownik\u00f3w us\u0142ugi.<\/li>\n<li>Reklamowe pliki cookie: Umo\u017cliwiaj\u0105 najefektywniejsze zarz\u0105dzanie przestrzeniami reklamowymi.<\/li>\n<li>Behawioralne reklamowe pliki cookie: Przechowuj\u0105 informacje o zachowaniu u\u017cytkownik\u00f3w uzyskane poprzez ci\u0105g\u0142\u0105 obserwacj\u0119 ich nawyk\u00f3w przegl\u0105dania, co pozwala na rozwijanie konkretnego profilu do wy\u015bwietlania reklam opartych na nim.<\/li>\n<li>Pliki cookie zewn\u0119trznych sieci spo\u0142eczno\u015bciowych: S\u0105 wykorzystywane, aby odwiedzaj\u0105cy mogli wchodzi\u0107 w interakcje z tre\u015bciami r\u00f3\u017cnych platform spo\u0142eczno\u015bciowych (Facebook, YouTube, X, LinkedIn itp.) i s\u0105 generowane tylko dla u\u017cytkownik\u00f3w tych sieci spo\u0142eczno\u015bciowych. Warunki korzystania z tych plik\u00f3w cookie oraz informacje zbierane przez nie s\u0105 regulowane przez polityk\u0119 prywatno\u015bci odpowiedniej platformy spo\u0142eczno\u015bciowej.<\/li>\n<\/ul><div><br><\/div>\n<p><strong>Wy\u0142\u0105czanie i usuwanie plik\u00f3w cookie<\/strong><\/p>\n<p>Mo\u017cesz zezwoli\u0107, zablokowa\u0107 lub usun\u0105\u0107 Pliki cookie zainstalowane na twoim komputerze, konfiguruj\u0105c opcje przegl\u0105darki zainstalowane na twoim komputerze. Po wy\u0142\u0105czeniu plik\u00f3w cookie niekt\u00f3re z dost\u0119pnych us\u0142ug mog\u0105 przesta\u0107 dzia\u0142a\u0107. Spos\u00f3b wy\u0142\u0105czania plik\u00f3w cookie jest r\u00f3\u017cny dla ka\u017cdej przegl\u0105darki, ale zazwyczaj mo\u017cna to zrobi\u0107 z menu Narz\u0119dzia lub Opcje. Mo\u017cesz tak\u017ce skonsultowa\u0107 si\u0119 z menu Pomoc przegl\u0105darki, gdzie znajdziesz instrukcje. Mo\u017cesz w ka\u017cdej chwili wybra\u0107, kt\u00f3re pliki cookie chcesz, aby dzia\u0142a\u0142y na tej stronie internetowej.<\/p>\n<p>Mo\u017cesz zezwoli\u0107, blokowa\u0107 lub usun\u0105\u0107 pliki cookie zainstalowane na Twoim komputerze, konfiguruj\u0105c opcje przegl\u0105darki zainstalowanej na Twoim komputerze:<\/p>\n<ul>\n<li>Microsoft Internet Explorer lub Microsoft Edge: http:\/\/windows.microsoft.com\/windows-vista\/Block-or-allow-cookies<\/li>\n<li>Mozilla Firefox: http:\/\/support.mozilla.org\/kb\/impedir-que-los-sitios-web-guarden-sus-preferencia<\/li>\n<li>Chrome: https:\/\/support.google.com\/accounts\/answer\/61416?hl<\/li>\n<li>Safari: http:\/\/safari.helpmax.net\/es\/privacidad-y-seguridad\/como-gestionar-las-cookies\/<\/li>\n<li>Opera: <a href=\"http:\/\/help.opera.com\/Linux\/10.60\/es-ES\/cookies.html\">http:\/\/help.opera.com\/Linux\/10.60\/es-ES\/cookies.html<\/a><\/li>\n<\/ul>\n<p>Dodatkowo mo\u017cesz zarz\u0105dza\u0107 przechowywaniem plik\u00f3w cookie w swojej przegl\u0105darce za pomoc\u0105 narz\u0119dzi takich jak:<\/p>\n<ul>\n<li>Ghostery: www.ghostery.com<\/li>\n<li>Your Online Choices: www.youronlinechoices.com\/<\/li>\n<\/ul>\n<p>Pliki cookie u\u017cywane na https:\/\/refinery89.com\/<\/p>\n<p>Poni\u017cej przedstawiono pliki cookie, kt\u00f3re s\u0105 u\u017cywane na tym portalu, wraz z ich typem i funkcj\u0105:<\/p>\n<ul>\n<li>__cmpcc\n<ul>\n<li>Czas trwania: 1 rok i 1 miesi\u0105c<\/li>\n<li>Opis: Ten plik cookie jest u\u017cywany do przechowywania statusu zgody u\u017cytkownika na pliki cookie w kategorii Conform.<\/li>\n<li>Typ: W\u0142asne<\/li>\n<li>Cel: Techniczne<\/li>\n<\/ul>\n<\/li>\n<li>MUID\n<ul>\n<li>Czas trwania: 1 rok<\/li>\n<li>Opis: Ten plik cookie jest szeroko u\u017cywany przez Microsoft jako unikalny identyfikator u\u017cytkownika. Mo\u017ce by\u0107 ustawiony przez osadzone skrypty Microsoft. Uwa\u017ca si\u0119, \u017ce jest synchronizowany mi\u0119dzy r\u00f3\u017cnymi domenami Microsoft, umo\u017cliwiaj\u0105c \u015bledzenie u\u017cytkownika.<\/li>\n<li>Typ: Strony trzeciej<\/li>\n<li>Cel: Personalizacja<\/li>\n<\/ul>\n<\/li>\n<li>_ga\n<ul>\n<li>Czas trwania: 2 lata<\/li>\n<li>Opis: U\u017cywany do rozr\u00f3\u017cniania u\u017cytkownik\u00f3w. Generowany przez Google Analytics. Google przechowuje informacje zbierane przez pliki cookie na serwerach zlokalizowanych w Stanach Zjednoczonych, zgodnie z europejskimi przepisami o ochronie danych osobowych i zobowi\u0105zuje si\u0119 nie udost\u0119pnia\u0107 ich stronom trzecim, z wyj\u0105tkiem przypadk\u00f3w, gdy jest to wymagane przez prawo lub niezb\u0119dne do dzia\u0142ania systemu. Google nie \u0142\u0105czy Twojego adresu IP z innymi informacjami przechowywanymi przez Google. Je\u015bli chcesz uzyska\u0107 wi\u0119cej informacji o plikach cookie u\u017cywanych przez Google Analytics, przejd\u017a na adres: https:\/\/developers.google.com\/analytics\/devguides\/collection\/analyticsjs\/cookie-usage?hl=es&amp;csw=1<\/li>\n<li>Typ: Strony trzeciej<\/li>\n<li>Cel: Analityka<\/li>\n<\/ul>\n<\/li>\n<li>_gat\n<ul>\n<li>Czas trwania: 1 minuta<\/li>\n<li>Opis: U\u017cywany do wy\u015bwietlania naszej reklamy na innych stronach sieci Google. Generowany przez Google Analytics. Google przechowuje informacje zbierane przez pliki cookie na serwerach zlokalizowanych w Stanach Zjednoczonych, zgodnie z europejskimi przepisami o ochronie danych osobowych i zobowi\u0105zuje si\u0119 nie udost\u0119pnia\u0107 ich stronom trzecim, z wyj\u0105tkiem przypadk\u00f3w, gdy jest to wymagane przez prawo lub niezb\u0119dne do dzia\u0142ania systemu. Google nie \u0142\u0105czy Twojego adresu IP z innymi informacjami przechowywanymi przez Google. Je\u015bli chcesz uzyska\u0107 wi\u0119cej informacji o plikach cookie u\u017cywanych przez Google Analytics, przejd\u017a na adres: https:\/\/developers.google.com\/analytics\/devguides\/collection\/analyticsjs\/cookie-usage?hl=es&amp;csw=1<\/li>\n<li>Typ: Strony trzeciej<\/li>\n<li>Cel: Reklama behawioralna<\/li>\n<\/ul>\n<\/li>\n<li>_gid\n<ul>\n<li>Czas trwania: 24 godziny<\/li>\n<li>Opis: Generowany przez Google Analytics. Google przechowuje informacje zbierane przez pliki cookie na serwerach zlokalizowanych w Stanach Zjednoczonych, zgodnie z europejskimi przepisami o ochronie danych osobowych i zobowi\u0105zuje si\u0119 nie udost\u0119pnia\u0107 ich stronom trzecim, z wyj\u0105tkiem przypadk\u00f3w, gdy jest to wymagane przez prawo lub niezb\u0119dne do dzia\u0142ania systemu. Google nie \u0142\u0105czy Twojego adresu IP z innymi informacjami przechowywanymi przez Google. Je\u015bli chcesz uzyska\u0107 wi\u0119cej informacji o plikach cookie u\u017cywanych przez Google Analytics, przejd\u017a na adres: https:\/\/developers.google.com\/analytics\/devguides\/collection\/analyticsjs\/cookie-usage?hl=es&amp;csw<\/li>\n<li>Typ: Strony trzeciej<\/li>\n<li>Cel: Reklama behawioralna<\/li>\n<\/ul>\n<\/li>\n<li>ANONCHK\n<ul>\n<li>Czas trwania: 10 minut<\/li>\n<li>Opis: ten plik cookie przekazuje informacje o tym, w jaki spos\u00f3b u\u017cytkownik ko\u0144cowy korzysta z witryny i jakie reklamy u\u017cytkownik ko\u0144cowy m\u00f3g\u0142 zobaczy\u0107 przed odwiedzeniem tej strony internetowej.<\/li>\n<li>Typ: Strony trzeciej<\/li>\n<li>Cel: Analityka<\/li>\n<\/ul>\n<\/li>\n<li>XANDR_PANID\n<ul>\n<li>Czas trwania: 3 miesi\u0105ce<\/li>\n<li>Opis: Ten plik cookie jest u\u017cywany do dostarczania reklam bardziej odpowiednich dla Ciebie i Twoich zainteresowa\u0144. Jest r\u00f3wnie\u017c u\u017cywany do ograniczenia liczby wy\u015bwietle\u0144 reklam, a tak\u017ce do pomiaru skuteczno\u015bci kampanii reklamowej.<\/li>\n<li>Typ: Strony trzeciej<\/li>\n<li>Cel: Analityka<\/li>\n<\/ul>\n<\/li>\n<li>CLID\n<ul>\n<li>Czas trwania: 1 rok<\/li>\n<li>Opis: Ten plik cookie jest zazwyczaj ustawiany przez Dstillery w celu umo\u017cliwienia udost\u0119pniania tre\u015bci multimedialnych w sieciach spo\u0142eczno\u015bciowych. Mo\u017ce r\u00f3wnie\u017c zbiera\u0107 informacje o odwiedzaj\u0105cych witryn, gdy korzystaj\u0105 z medi\u00f3w spo\u0142eczno\u015bciowych do udost\u0119pniania tre\u015bci witryny z odwiedzonej strony.<\/li>\n<li>Typ: Strony trzeciej<\/li>\n<li>Cel: Analityka<\/li>\n<\/ul>\n<\/li>\n<li>uuid2\n<ul>\n<li>Czas trwania: 3 miesi\u0105ce<\/li>\n<li>Opis: Ten plik cookie umo\u017cliwia ukierunkowan\u0105 reklam\u0119 za po\u015brednictwem platformy AppNexus: zbiera anonimowe dane na temat odwiedzin reklam, adres\u00f3w IP, przegl\u0105danych stron itp.<\/li>\n<li>Typ: Strony trzeciej<\/li>\n<li>Cel: Analityka<\/li>\n<\/ul>\n<\/li>\n<li>anj\n<ul>\n<li>Czas trwania: 3 miesi\u0105ce<\/li>\n<li>Opis: Ten plik cookie zawiera dane wskazuj\u0105ce, czy identyfikator cookie jest zsynchronizowany z partnerem AppNexus.<\/li>\n<li>Typ: Strony trzeciej<\/li>\n<li>Cel: Analityka<\/li>\n<\/ul>\n<\/li>\n<li>MR\n<ul>\n<li>Czas trwania: 7 dni<\/li>\n<li>Opis: Jest to plik cookie pierwszej strony Microsoft MSN, kt\u00f3ry u\u017cywamy do pomiaru wykorzystania strony internetowej do cel\u00f3w wewn\u0119trznych analiz.<\/li>\n<li>Typ: Strony trzeciej<\/li>\n<li>Cel: Analityka<\/li>\n<\/ul>\n<\/li>\n<li>SRM_B\n<ul>\n<li>Czas trwania: 1 rok<\/li>\n<li>Opis: Jest to plik cookie pierwszej strony Microsoft MSN, kt\u00f3ry zapewnia prawid\u0142owe funkcjonowanie tej strony internetowej.<\/li>\n<li>Typ: Strony trzeciej<\/li>\n<li>Cel: Analityka<\/li>\n<\/ul>\n<\/li>\n<li>SM\n<ul>\n<li>Czas trwania: 1 rok<\/li>\n<li>Opis: Jest to plik cookie pierwszej strony Microsoft MSN, kt\u00f3ry u\u017cywamy do pomiaru wykorzystania strony internetowej do cel\u00f3w wewn\u0119trznych analiz.<\/li>\n<li>Typ: Strony trzeciej<\/li>\n<li>Cel: Analityka<\/li>\n<\/ul>\n<\/li>\n<li>trp_language\n<ul>\n<li>Czas trwania: 1 miesi\u0105c<\/li>\n<li>Opis:<\/li>\n<li>Typ: W\u0142asne<\/li>\n<li>Cel: Techniczne<\/li>\n<\/ul>\n<\/li>\n<li>__cmpconsentx84471\n<ul>\n<li>Czas trwania: 14 dni<\/li>\n<li>Opis:<\/li>\n<li>Typ: W\u0142asne<\/li>\n<li>Cel: Techniczne<\/li>\n<\/ul>\n<\/li>\n<li>__cmpconsentx84471\n<ul>\n<li>Czas trwania: 14 dni<\/li>\n<li>Opis:<\/li>\n<li>Typ: W\u0142asne<\/li>\n<li>Cel: Techniczne<\/li>\n<\/ul>\n<\/li>\n<li>__cmpcccx84471\n<ul>\n<li>Czas trwania: 14 dni<\/li>\n<li>Opis:<\/li>\n<li>Typ: W\u0142asne<\/li>\n<li>Cel: Techniczne<\/li>\n<\/ul>\n<\/li>\n<li>_gac_\n<ul>\n<li>Czas trwania: 90 dni<\/li>\n<li>Opis: Zawiera informacje o kampanii dotycz\u0105cej u\u017cytkownika. Je\u015bli po\u0142\u0105czy\u0142e\u015b swoje konta Google Analytics i Ads, tagi konwersji na stronie b\u0119d\u0105 odczytywa\u0107 ten plik cookie, chyba \u017ce go wy\u0142\u0105czysz.<\/li>\n<li>Typ: Strony trzeciej<\/li>\n<li>Cel: Analityka<\/li>\n<\/ul>\n<\/li>\n<\/ul>\n<p>https:\/\/refinery89.com\/ wy\u015bwietla informacje o swojej polityce cookies na dole lub na g\u00f3rze ka\u017cdej strony serwisu przy ka\u017cdym logowaniu.<\/p>\n<p>W zwi\u0105zku z tymi informacjami mo\u017cliwe jest wykonanie nast\u0119puj\u0105cych dzia\u0142a\u0144:<\/p>\n<ul>\n<li>Akceptuj pliki cookie: To ostrze\u017cenie nie b\u0119dzie ponownie wy\u015bwietlane podczas uzyskiwania dost\u0119pu do kt\u00f3rejkolwiek strony portalu w bie\u017c\u0105cej sesji.<\/li>\n<li>Modyfikuj\/dostosuj swoj\u0105 konfiguracj\u0119: Mo\u017cesz uzyska\u0107 wi\u0119cej informacji na temat plik\u00f3w cookie, dowiedzi si\u0119 o polityce cookies strony https:\/\/refinery89.com\/ oraz zmieni\u0107 konfiguracj\u0119 swojej przegl\u0105darki.<\/li>\n<\/ul>\t\t\t\t\t\t\t\t<\/div>\n\t\t\t\t<\/div>\n\t\t\t\t\t<\/div>\n\t\t<\/div>\n\t\t\t\t\t<\/div>\n\t\t<\/section>\n\t\t\t\t<\/div>","protected":false},"excerpt":{"rendered":"<p>Refinery89 informs about the use of cookies on its website: https:\/\/refinery89.com\/ What are cookies? Cookies are files that can be downloaded to your computer by websites. They are tools that play an essential role in the provision of numerous information society services. Among other things, they allow a website to store and retrieve information about [&hellip;]<\/p>\n","protected":false},"author":7,"featured_media":0,"parent":0,"menu_order":0,"comment_status":"closed","ping_status":"closed","template":"","meta":{"footnotes":""},"class_list":["post-9130","page","type-page","status-publish","hentry"],"yoast_head":"<!-- This site is optimized with the Yoast SEO plugin v27.2 - https:\/\/yoast.com\/product\/yoast-seo-wordpress\/ -->\n<title>Cookies Policy | Refinery89<\/title>\n<meta name=\"description\" content=\"Learn about how Refinery89 uses cookies to enhance your experience, improve our services, and ensure compliance with privacy regulations\" \/>\n<meta name=\"robots\" content=\"noindex, nofollow\" \/>\n<meta property=\"og:locale\" content=\"pl_PL\" \/>\n<meta property=\"og:type\" content=\"article\" \/>\n<meta property=\"og:title\" content=\"Cookies Policy | Refinery89\" \/>\n<meta property=\"og:description\" content=\"Learn about how Refinery89 uses cookies to enhance your experience, improve our services, and ensure compliance with privacy regulations\" \/>\n<meta property=\"og:url\" content=\"https:\/\/refinery89.com\/pl\/polityka-cookies\/\" \/>\n<meta property=\"og:site_name\" content=\"Refinery89\" \/>\n<meta property=\"article:publisher\" content=\"https:\/\/www.facebook.com\/Refinery89\/\" \/>\n<meta property=\"article:modified_time\" content=\"2025-08-04T09:29:45+00:00\" \/>\n<meta property=\"og:image\" content=\"https:\/\/refinery89.com\/wp-content\/uploads\/2025\/08\/r89-thumbnail.png\" \/>\n\t<meta property=\"og:image:width\" content=\"200\" \/>\n\t<meta property=\"og:image:height\" content=\"200\" \/>\n\t<meta property=\"og:image:type\" content=\"image\/png\" \/>\n<meta name=\"twitter:card\" content=\"summary_large_image\" \/>\n<meta name=\"twitter:site\" content=\"@refinery89\" \/>\n<meta name=\"twitter:label1\" content=\"Szacowany czas czytania\" \/>\n\t<meta name=\"twitter:data1\" content=\"8 minut\" \/>\n<script type=\"application\/ld+json\" class=\"yoast-schema-graph\">{\"@context\":\"https:\/\/schema.org\",\"@graph\":[{\"@type\":\"WebPage\",\"@id\":\"https:\/\/refinery89.com\/cookies-policy\/\",\"url\":\"https:\/\/refinery89.com\/cookies-policy\/\",\"name\":\"Cookies Policy | Refinery89\",\"isPartOf\":{\"@id\":\"https:\/\/refinery89.com\/#website\"},\"datePublished\":\"2024-05-07T14:08:55+00:00\",\"dateModified\":\"2025-08-04T09:29:45+00:00\",\"description\":\"Learn about how Refinery89 uses cookies to enhance your experience, improve our services, and ensure compliance with privacy regulations\",\"breadcrumb\":{\"@id\":\"https:\/\/refinery89.com\/cookies-policy\/#breadcrumb\"},\"inLanguage\":\"pl-PL\",\"potentialAction\":[{\"@type\":\"ReadAction\",\"target\":[\"https:\/\/refinery89.com\/cookies-policy\/\"]}]},{\"@type\":\"BreadcrumbList\",\"@id\":\"https:\/\/refinery89.com\/cookies-policy\/#breadcrumb\",\"itemListElement\":[{\"@type\":\"ListItem\",\"position\":1,\"name\":\"Home\",\"item\":\"https:\/\/refinery89.com\/\"},{\"@type\":\"ListItem\",\"position\":2,\"name\":\"Cookies Policy\"}]},{\"@type\":\"WebSite\",\"@id\":\"https:\/\/refinery89.com\/#website\",\"url\":\"https:\/\/refinery89.com\/\",\"name\":\"Refinery89\",\"description\":\"\",\"publisher\":{\"@id\":\"https:\/\/refinery89.com\/#organization\"},\"potentialAction\":[{\"@type\":\"SearchAction\",\"target\":{\"@type\":\"EntryPoint\",\"urlTemplate\":\"https:\/\/refinery89.com\/?s={search_term_string}\"},\"query-input\":{\"@type\":\"PropertyValueSpecification\",\"valueRequired\":true,\"valueName\":\"search_term_string\"}}],\"inLanguage\":\"pl-PL\"},{\"@type\":\"Organization\",\"@id\":\"https:\/\/refinery89.com\/#organization\",\"name\":\"Refinery89\",\"alternateName\":\"R89\",\"url\":\"https:\/\/refinery89.com\/\",\"logo\":{\"@type\":\"ImageObject\",\"inLanguage\":\"pl-PL\",\"@id\":\"https:\/\/refinery89.com\/#\/schema\/logo\/image\/\",\"url\":\"https:\/\/refinery89.com\/wp-content\/uploads\/2025\/08\/r89-thumbnail.png\",\"contentUrl\":\"https:\/\/refinery89.com\/wp-content\/uploads\/2025\/08\/r89-thumbnail.png\",\"width\":200,\"height\":200,\"caption\":\"Refinery89\"},\"image\":{\"@id\":\"https:\/\/refinery89.com\/#\/schema\/logo\/image\/\"},\"sameAs\":[\"https:\/\/www.facebook.com\/Refinery89\/\",\"https:\/\/x.com\/refinery89\",\"https:\/\/www.linkedin.com\/company\/refinery89\/\",\"https:\/\/www.youtube.com\/@refinery89\",\"https:\/\/www.instagram.com\/refinery_89\/\",\"https:\/\/www.reddit.com\/user\/Refinery89\/\",\"https:\/\/share.google\/K8hFf3ktmUrTi1XCa\"]}]}<\/script>\n<!-- \/ Yoast SEO plugin. -->","yoast_head_json":{"title":"Cookies Policy | Refinery89","description":"Dowiedz si\u0119, jak Refinery89 u\u017cywa plik\u00f3w cookie, aby poprawi\u0107 Twoje do\u015bwiadczenie, ulepszy\u0107 nasze us\u0142ugi i zapewni\u0107 zgodno\u015b\u0107 z przepisami dotycz\u0105cymi prywatno\u015bci","robots":{"index":"noindex","follow":"nofollow"},"og_locale":"pl_PL","og_type":"article","og_title":"Cookies Policy | Refinery89","og_description":"Learn about how Refinery89 uses cookies to enhance your experience, improve our services, and ensure compliance with privacy regulations","og_url":"https:\/\/refinery89.com\/pl\/polityka-cookies\/","og_site_name":"Refinery89","article_publisher":"https:\/\/www.facebook.com\/Refinery89\/","article_modified_time":"2025-08-04T09:29:45+00:00","og_image":[{"width":200,"height":200,"url":"https:\/\/refinery89.com\/wp-content\/uploads\/2025\/08\/r89-thumbnail.png","type":"image\/png"}],"twitter_card":"summary_large_image","twitter_site":"@refinery89","twitter_misc":{"Szacowany czas czytania":"8 minut"},"schema":{"@context":"https:\/\/schema.org","@graph":[{"@type":"WebPage","@id":"https:\/\/refinery89.com\/cookies-policy\/","url":"https:\/\/refinery89.com\/cookies-policy\/","name":"Cookies Policy | Refinery89","isPartOf":{"@id":"https:\/\/refinery89.com\/#website"},"datePublished":"2024-05-07T14:08:55+00:00","dateModified":"2025-08-04T09:29:45+00:00","description":"Dowiedz si\u0119, jak Refinery89 u\u017cywa plik\u00f3w cookie, aby poprawi\u0107 Twoje do\u015bwiadczenie, ulepszy\u0107 nasze us\u0142ugi i zapewni\u0107 zgodno\u015b\u0107 z przepisami dotycz\u0105cymi prywatno\u015bci","breadcrumb":{"@id":"https:\/\/refinery89.com\/cookies-policy\/#breadcrumb"},"inLanguage":"pl-PL","potentialAction":[{"@type":"ReadAction","target":["https:\/\/refinery89.com\/cookies-policy\/"]}]},{"@type":"BreadcrumbList","@id":"https:\/\/refinery89.com\/cookies-policy\/#breadcrumb","itemListElement":[{"@type":"ListItem","position":1,"name":"Home","item":"https:\/\/refinery89.com\/"},{"@type":"ListItem","position":2,"name":"Cookies Policy"}]},{"@type":"WebSite","@id":"https:\/\/refinery89.com\/#website","url":"https:\/\/refinery89.com\/","name":"Refinery89","description":"","publisher":{"@id":"https:\/\/refinery89.com\/#organization"},"potentialAction":[{"@type":"SearchAction","target":{"@type":"EntryPoint","urlTemplate":"https:\/\/refinery89.com\/?s={search_term_string}"},"query-input":{"@type":"PropertyValueSpecification","valueRequired":true,"valueName":"search_term_string"}}],"inLanguage":"pl-PL"},{"@type":"Organization","@id":"https:\/\/refinery89.com\/#organization","name":"Refinery89","alternateName":"R89","url":"https:\/\/refinery89.com\/","logo":{"@type":"ImageObject","inLanguage":"pl-PL","@id":"https:\/\/refinery89.com\/#\/schema\/logo\/image\/","url":"https:\/\/refinery89.com\/wp-content\/uploads\/2025\/08\/r89-thumbnail.png","contentUrl":"https:\/\/refinery89.com\/wp-content\/uploads\/2025\/08\/r89-thumbnail.png","width":200,"height":200,"caption":"Refinery89"},"image":{"@id":"https:\/\/refinery89.com\/#\/schema\/logo\/image\/"},"sameAs":["https:\/\/www.facebook.com\/Refinery89\/","https:\/\/x.com\/refinery89","https:\/\/www.linkedin.com\/company\/refinery89\/","https:\/\/www.youtube.com\/@refinery89","https:\/\/www.instagram.com\/refinery_89\/","https:\/\/www.reddit.com\/user\/Refinery89\/","https:\/\/share.google\/K8hFf3ktmUrTi1XCa"]}]}},"_links":{"self":[{"href":"https:\/\/refinery89.com\/pl\/wp-json\/wp\/v2\/pages\/9130","targetHints":{"allow":["GET"]}}],"collection":[{"href":"https:\/\/refinery89.com\/pl\/wp-json\/wp\/v2\/pages"}],"about":[{"href":"https:\/\/refinery89.com\/pl\/wp-json\/wp\/v2\/types\/page"}],"author":[{"embeddable":true,"href":"https:\/\/refinery89.com\/pl\/wp-json\/wp\/v2\/users\/7"}],"replies":[{"embeddable":true,"href":"https:\/\/refinery89.com\/pl\/wp-json\/wp\/v2\/comments?post=9130"}],"version-history":[{"count":0,"href":"https:\/\/refinery89.com\/pl\/wp-json\/wp\/v2\/pages\/9130\/revisions"}],"wp:attachment":[{"href":"https:\/\/refinery89.com\/pl\/wp-json\/wp\/v2\/media?parent=9130"}],"curies":[{"name":"wp","href":"https:\/\/api.w.org\/{rel}","templated":true}]}}