{"id":9122,"date":"2024-05-07T14:49:39","date_gmt":"2024-05-07T12:49:39","guid":{"rendered":"https:\/\/refinery89.com\/?page_id=9122"},"modified":"2026-01-13T16:24:40","modified_gmt":"2026-01-13T15:24:40","slug":"informacje-prawne","status":"publish","type":"page","link":"https:\/\/refinery89.com\/pl\/legal-notice\/","title":{"rendered":"Nota Prawna"},"content":{"rendered":"<div data-elementor-type=\"wp-page\" data-elementor-id=\"9122\" class=\"elementor elementor-9122\" data-elementor-post-type=\"page\">\n\t\t\t\t\t\t<section class=\"elementor-section elementor-top-section elementor-element elementor-element-61e95cc elementor-section-content-middle elementor-section-boxed elementor-section-height-default elementor-section-height-default\" data-id=\"61e95cc\" data-element_type=\"section\" data-e-type=\"section\">\n\t\t\t\t\t\t<div class=\"elementor-container elementor-column-gap-default\">\n\t\t\t\t\t<div class=\"elementor-column elementor-col-100 elementor-top-column elementor-element elementor-element-2d8ee26\" data-id=\"2d8ee26\" data-element_type=\"column\" data-e-type=\"column\">\n\t\t\t<div class=\"elementor-widget-wrap elementor-element-populated\">\n\t\t\t\t\t\t<div class=\"elementor-element elementor-element-cb8161d elementor-widget__width-initial elementor-invisible elementor-widget elementor-widget-text-editor\" data-id=\"cb8161d\" data-element_type=\"widget\" data-e-type=\"widget\" data-settings=\"{&quot;_animation&quot;:&quot;fadeInUp&quot;,&quot;_animation_delay&quot;:400}\" data-widget_type=\"text-editor.default\">\n\t\t\t\t<div class=\"elementor-widget-container\">\n\t\t\t\t\t\t\t\t\t<p>Zgodnie z obowi\u0105zkiem informacyjnym zawartym w artykule 10 Ustawy 34\/2002 z dnia 11 lipca o Us\u0142ugach Spo\u0142ecze\u0144stwa Informacyjnego i Handlu Elektronicznym (LSSICE), w\u0142a\u015bciciel strony internetowej informuje o nast\u0119puj\u0105cym:<\/p><ul><li><span style=\"background-color: transparent;\">Nazwa firmy: Refinery89, sk\u0142adaj\u0105ca si\u0119 z Refinery89 B.V. i Refinery89, S.L.<\/span><\/li><li>Numery identyfikacyjne podatnik\u00f3w: NL861870827B01 \/ ESB67730606<\/li><li>Adres: IJburglaan 634E 1087 CE Amsterdam (Holandia) \/ Calle De Francisco Salas, 24, 28039 \u2013 Madryt (Hiszpania)<\/li><li>Zarejestrowana w Hiszpanii w Rejestrze Handlowym w Walencji w Tomie 11092, folio 132, sekcja 8, numer strony 201781, wpis 2.<\/li><\/ul><div>\u00a0<\/div><p>W granicach ustanowionych przez prawo, Refinery89 nie ponosi odpowiedzialno\u015bci za brak prawdziwo\u015bci, kompletno\u015bci, aktualizacji i dok\u0142adno\u015bci danych lub informacji zawartych na swoich stronach internetowych.<\/p><p>Tre\u015bci i informacje nie wi\u0105\u017c\u0105 Refinery89 ani nie stanowi\u0105 opinii, porad lub porad prawnych jakiegolkiego rodzaju, poniewa\u017c s\u0105 one jedynie us\u0142ug\u0105 oferowan\u0105 w celach informacyjnych i rozpowszechniaj\u0105cych.<\/p><p>Strony internetowe Refinery89 mog\u0105 zawiera\u0107 linki do innych stron nale\u017c\u0105cych do os\u00f3b trzecich, nad kt\u00f3rymi Refinery89 nie ma kontroli. Dlatego Refinery89 nie mo\u017ce przyj\u0105\u0107 odpowiedzialno\u015bci za tre\u015bci, kt\u00f3re mog\u0105 pojawi\u0107 si\u0119 na stronach os\u00f3b trzecich.<\/p><p>Teksty, obrazy, d\u017awi\u0119ki, animacje, oprogramowanie i inne tre\u015bci zawarte na tej stronie s\u0105 wy\u0142\u0105czn\u0105 w\u0142asno\u015bci\u0105 Refinery89 lub jej licencjodawc\u00f3w. Jakikolwiek akt transmisji, dystrybucji, przeniesienia, reprodukcji, przechowywania lub ca\u0142kowitej b\u0105d\u017a cz\u0119\u015bciowej publicznej komunikacji musi mie\u0107 wyra\u017an\u0105 zgod\u0119 Refinery89.<\/p><p>Ponadto, aby uzyska\u0107 dost\u0119p do niekt\u00f3rych us\u0142ug oferowanych przez Refinery89 za po\u015brednictwem strony internetowej, nale\u017cy poda\u0107 pewne dane osobowe. Zgodnie z przepisami Rozporz\u0105dzenia (UE) 2016\/679 Parlamentu Europejskiego i Rady z dnia 27 kwietnia 2016 r. w sprawie ochrony os\u00f3b fizycznych w zwi\u0105zku z przetwarzaniem danych osobowych i swobodnym przep\u0142ywem takich danych, informujemy, \u017ce poprzez wype\u0142nienie tych formularzy, Pa\u0144stwa dane osobowe zostan\u0105 w\u0142\u0105czone i przetwarzane w plikach Refinery89 w celu \u015bwiadczenia i oferowania Pa\u0144stwu naszych us\u0142ug, a tak\u017ce informowania o ulepszeniach strony internetowej.<\/p><p>Informujemy r\u00f3wnie\u017c, \u017ce w ka\u017cdej chwili mog\u0105 Pa\u0144stwo bezp\u0142atnie skorzysta\u0107 z prawa dost\u0119pu, sprostowania, anulowania, sprzeciwu, ograniczenia i przenoszenia swoich danych osobowych, wysy\u0142aj\u0105c wiadomo\u015b\u0107 e-mail na adres Sandra Molina: dpo@refinery89.com lub na nast\u0119puj\u0105cy adres: Calle De Francisco Salas, 24, 28039 \u2013 Madryt (Hiszpania).<\/p>\t\t\t\t\t\t\t\t<\/div>\n\t\t\t\t<\/div>\n\t\t\t\t\t<\/div>\n\t\t<\/div>\n\t\t\t\t\t<\/div>\n\t\t<\/section>\n\t\t\t\t<\/div>","protected":false},"excerpt":{"rendered":"<p>In compliance with the duty of information contained in article 10 of Law 34\/2002, of 11 July, on Information Society Services and Electronic Commerce (LSSICE), the owner of the website informs you of the following: Company name: Refinery89, formed by Refinery89 B.V. and Refinery89, S.L. TAX IDs: NL861870827B01 \/ ESB67730606 Address: IJburglaan 634E 1087 CE [&hellip;]<\/p>\n","protected":false},"author":7,"featured_media":0,"parent":0,"menu_order":0,"comment_status":"closed","ping_status":"closed","template":"","meta":{"footnotes":""},"class_list":["post-9122","page","type-page","status-publish","hentry"],"yoast_head":"<!-- This site is optimized with the Yoast SEO plugin v27.2 - https:\/\/yoast.com\/product\/yoast-seo-wordpress\/ -->\n<title>Legal Notice | Refinery89<\/title>\n<meta name=\"description\" content=\"Welcome to the Legal Notice page for refinery89.com. Need help? Get in touch with us and let us know! Refinery89\" \/>\n<meta name=\"robots\" content=\"noindex, nofollow\" \/>\n<meta property=\"og:locale\" content=\"pl_PL\" \/>\n<meta property=\"og:type\" content=\"article\" \/>\n<meta property=\"og:title\" content=\"Legal Notice | Refinery89\" \/>\n<meta property=\"og:description\" content=\"Welcome to the Legal Notice page for refinery89.com. Need help? Get in touch with us and let us know! Refinery89\" \/>\n<meta property=\"og:url\" content=\"https:\/\/refinery89.com\/pl\/informacje-prawne\/\" \/>\n<meta property=\"og:site_name\" content=\"Refinery89\" \/>\n<meta property=\"article:publisher\" content=\"https:\/\/www.facebook.com\/Refinery89\/\" \/>\n<meta property=\"article:modified_time\" content=\"2026-01-13T15:24:40+00:00\" \/>\n<meta property=\"og:image\" content=\"https:\/\/refinery89.com\/wp-content\/uploads\/2025\/08\/r89-thumbnail.png\" \/>\n\t<meta property=\"og:image:width\" content=\"200\" \/>\n\t<meta property=\"og:image:height\" content=\"200\" \/>\n\t<meta property=\"og:image:type\" content=\"image\/png\" \/>\n<meta name=\"twitter:card\" content=\"summary_large_image\" \/>\n<meta name=\"twitter:site\" content=\"@refinery89\" \/>\n<meta name=\"twitter:label1\" content=\"Szacowany czas czytania\" \/>\n\t<meta name=\"twitter:data1\" content=\"2 minuty\" \/>\n<script type=\"application\/ld+json\" class=\"yoast-schema-graph\">{\"@context\":\"https:\/\/schema.org\",\"@graph\":[{\"@type\":\"WebPage\",\"@id\":\"https:\/\/refinery89.com\/legal-notice\/\",\"url\":\"https:\/\/refinery89.com\/legal-notice\/\",\"name\":\"Legal Notice | Refinery89\",\"isPartOf\":{\"@id\":\"https:\/\/refinery89.com\/#website\"},\"datePublished\":\"2024-05-07T12:49:39+00:00\",\"dateModified\":\"2026-01-13T15:24:40+00:00\",\"description\":\"Welcome to the Legal Notice page for refinery89.com. Need help? Get in touch with us and let us know! Refinery89\",\"breadcrumb\":{\"@id\":\"https:\/\/refinery89.com\/legal-notice\/#breadcrumb\"},\"inLanguage\":\"pl-PL\",\"potentialAction\":[{\"@type\":\"ReadAction\",\"target\":[\"https:\/\/refinery89.com\/legal-notice\/\"]}]},{\"@type\":\"BreadcrumbList\",\"@id\":\"https:\/\/refinery89.com\/legal-notice\/#breadcrumb\",\"itemListElement\":[{\"@type\":\"ListItem\",\"position\":1,\"name\":\"Home\",\"item\":\"https:\/\/refinery89.com\/\"},{\"@type\":\"ListItem\",\"position\":2,\"name\":\"Legal Notice\"}]},{\"@type\":\"WebSite\",\"@id\":\"https:\/\/refinery89.com\/#website\",\"url\":\"https:\/\/refinery89.com\/\",\"name\":\"Refinery89\",\"description\":\"\",\"publisher\":{\"@id\":\"https:\/\/refinery89.com\/#organization\"},\"potentialAction\":[{\"@type\":\"SearchAction\",\"target\":{\"@type\":\"EntryPoint\",\"urlTemplate\":\"https:\/\/refinery89.com\/?s={search_term_string}\"},\"query-input\":{\"@type\":\"PropertyValueSpecification\",\"valueRequired\":true,\"valueName\":\"search_term_string\"}}],\"inLanguage\":\"pl-PL\"},{\"@type\":\"Organization\",\"@id\":\"https:\/\/refinery89.com\/#organization\",\"name\":\"Refinery89\",\"alternateName\":\"R89\",\"url\":\"https:\/\/refinery89.com\/\",\"logo\":{\"@type\":\"ImageObject\",\"inLanguage\":\"pl-PL\",\"@id\":\"https:\/\/refinery89.com\/#\/schema\/logo\/image\/\",\"url\":\"https:\/\/refinery89.com\/wp-content\/uploads\/2025\/08\/r89-thumbnail.png\",\"contentUrl\":\"https:\/\/refinery89.com\/wp-content\/uploads\/2025\/08\/r89-thumbnail.png\",\"width\":200,\"height\":200,\"caption\":\"Refinery89\"},\"image\":{\"@id\":\"https:\/\/refinery89.com\/#\/schema\/logo\/image\/\"},\"sameAs\":[\"https:\/\/www.facebook.com\/Refinery89\/\",\"https:\/\/x.com\/refinery89\",\"https:\/\/www.linkedin.com\/company\/refinery89\/\",\"https:\/\/www.youtube.com\/@refinery89\",\"https:\/\/www.instagram.com\/refinery_89\/\",\"https:\/\/www.reddit.com\/user\/Refinery89\/\",\"https:\/\/share.google\/K8hFf3ktmUrTi1XCa\"]}]}<\/script>\n<!-- \/ Yoast SEO plugin. -->","yoast_head_json":{"title":"Legal Notice | Refinery89","description":"Witaj na stronie Informacji Prawnych refinery89.com. Potrzebujesz pomocy? Skontaktuj si\u0119 z nami","robots":{"index":"noindex","follow":"nofollow"},"og_locale":"pl_PL","og_type":"article","og_title":"Legal Notice | Refinery89","og_description":"Welcome to the Legal Notice page for refinery89.com. Need help? Get in touch with us and let us know! Refinery89","og_url":"https:\/\/refinery89.com\/pl\/informacje-prawne\/","og_site_name":"Refinery89","article_publisher":"https:\/\/www.facebook.com\/Refinery89\/","article_modified_time":"2026-01-13T15:24:40+00:00","og_image":[{"width":200,"height":200,"url":"https:\/\/refinery89.com\/wp-content\/uploads\/2025\/08\/r89-thumbnail.png","type":"image\/png"}],"twitter_card":"summary_large_image","twitter_site":"@refinery89","twitter_misc":{"Szacowany czas czytania":"2 minuty"},"schema":{"@context":"https:\/\/schema.org","@graph":[{"@type":"WebPage","@id":"https:\/\/refinery89.com\/legal-notice\/","url":"https:\/\/refinery89.com\/legal-notice\/","name":"Legal Notice | Refinery89","isPartOf":{"@id":"https:\/\/refinery89.com\/#website"},"datePublished":"2024-05-07T12:49:39+00:00","dateModified":"2026-01-13T15:24:40+00:00","description":"Witaj na stronie Informacji Prawnych refinery89.com. Potrzebujesz pomocy? Skontaktuj si\u0119 z nami","breadcrumb":{"@id":"https:\/\/refinery89.com\/legal-notice\/#breadcrumb"},"inLanguage":"pl-PL","potentialAction":[{"@type":"ReadAction","target":["https:\/\/refinery89.com\/legal-notice\/"]}]},{"@type":"BreadcrumbList","@id":"https:\/\/refinery89.com\/legal-notice\/#breadcrumb","itemListElement":[{"@type":"ListItem","position":1,"name":"Home","item":"https:\/\/refinery89.com\/"},{"@type":"ListItem","position":2,"name":"Legal Notice"}]},{"@type":"WebSite","@id":"https:\/\/refinery89.com\/#website","url":"https:\/\/refinery89.com\/","name":"Refinery89","description":"","publisher":{"@id":"https:\/\/refinery89.com\/#organization"},"potentialAction":[{"@type":"SearchAction","target":{"@type":"EntryPoint","urlTemplate":"https:\/\/refinery89.com\/?s={search_term_string}"},"query-input":{"@type":"PropertyValueSpecification","valueRequired":true,"valueName":"search_term_string"}}],"inLanguage":"pl-PL"},{"@type":"Organization","@id":"https:\/\/refinery89.com\/#organization","name":"Refinery89","alternateName":"R89","url":"https:\/\/refinery89.com\/","logo":{"@type":"ImageObject","inLanguage":"pl-PL","@id":"https:\/\/refinery89.com\/#\/schema\/logo\/image\/","url":"https:\/\/refinery89.com\/wp-content\/uploads\/2025\/08\/r89-thumbnail.png","contentUrl":"https:\/\/refinery89.com\/wp-content\/uploads\/2025\/08\/r89-thumbnail.png","width":200,"height":200,"caption":"Refinery89"},"image":{"@id":"https:\/\/refinery89.com\/#\/schema\/logo\/image\/"},"sameAs":["https:\/\/www.facebook.com\/Refinery89\/","https:\/\/x.com\/refinery89","https:\/\/www.linkedin.com\/company\/refinery89\/","https:\/\/www.youtube.com\/@refinery89","https:\/\/www.instagram.com\/refinery_89\/","https:\/\/www.reddit.com\/user\/Refinery89\/","https:\/\/share.google\/K8hFf3ktmUrTi1XCa"]}]}},"_links":{"self":[{"href":"https:\/\/refinery89.com\/pl\/wp-json\/wp\/v2\/pages\/9122","targetHints":{"allow":["GET"]}}],"collection":[{"href":"https:\/\/refinery89.com\/pl\/wp-json\/wp\/v2\/pages"}],"about":[{"href":"https:\/\/refinery89.com\/pl\/wp-json\/wp\/v2\/types\/page"}],"author":[{"embeddable":true,"href":"https:\/\/refinery89.com\/pl\/wp-json\/wp\/v2\/users\/7"}],"replies":[{"embeddable":true,"href":"https:\/\/refinery89.com\/pl\/wp-json\/wp\/v2\/comments?post=9122"}],"version-history":[{"count":0,"href":"https:\/\/refinery89.com\/pl\/wp-json\/wp\/v2\/pages\/9122\/revisions"}],"wp:attachment":[{"href":"https:\/\/refinery89.com\/pl\/wp-json\/wp\/v2\/media?parent=9122"}],"curies":[{"name":"wp","href":"https:\/\/api.w.org\/{rel}","templated":true}]}}