{"id":4811,"date":"2023-04-03T17:24:20","date_gmt":"2023-04-03T15:24:20","guid":{"rendered":"https:\/\/refinery89.com\/?page_id=4811"},"modified":"2026-01-13T16:24:13","modified_gmt":"2026-01-13T15:24:13","slug":"polityka-prywatnosci","status":"publish","type":"page","link":"https:\/\/refinery89.com\/pl\/privacy-policy\/","title":{"rendered":"Polityka Prywatno\u015bci"},"content":{"rendered":"<div data-elementor-type=\"wp-page\" data-elementor-id=\"4811\" class=\"elementor elementor-4811\" data-elementor-post-type=\"page\">\n\t\t\t\t\t\t<section class=\"elementor-section elementor-top-section elementor-element elementor-element-6a9582a4 elementor-section-content-middle elementor-section-boxed elementor-section-height-default elementor-section-height-default\" data-id=\"6a9582a4\" data-element_type=\"section\" data-e-type=\"section\">\n\t\t\t\t\t\t<div class=\"elementor-container elementor-column-gap-default\">\n\t\t\t\t\t<div class=\"elementor-column elementor-col-100 elementor-top-column elementor-element elementor-element-10b5268d\" data-id=\"10b5268d\" data-element_type=\"column\" data-e-type=\"column\">\n\t\t\t<div class=\"elementor-widget-wrap elementor-element-populated\">\n\t\t\t\t\t\t<div class=\"elementor-element elementor-element-6edb2c02 elementor-widget__width-initial elementor-invisible elementor-widget elementor-widget-text-editor\" data-id=\"6edb2c02\" data-element_type=\"widget\" data-e-type=\"widget\" data-settings=\"{&quot;_animation&quot;:&quot;fadeInUp&quot;,&quot;_animation_delay&quot;:400}\" data-widget_type=\"text-editor.default\">\n\t\t\t\t<div class=\"elementor-widget-container\">\n\t\t\t\t\t\t\t\t\t<div>\u00a0<\/div><div style=\"text-align: left;\"><p>Polityka Prywatno\u015bci \u2013 Aktualizacja maja 2024<\/p><\/div><div style=\"text-align: left;\">\u00a0<\/div><div><p>Grupa Refinery89 (Refinery89 B.V i Refinery89, S.L.), dalej zwana Refinery89, w zgodzie z obowi\u0105zuj\u0105cymi przepisami dotycz\u0105cymi ochrony danych osobowych informuje, \u017ce dane osobowe zbierane za po\u015brednictwem formularzy na stronie internetowej: https:\/\/refinery89.com\/, s\u0105 zawarte w okre\u015blonych zautomatyzowanych plikach u\u017cytkownik\u00f3w us\u0142ug Refinery89.<\/p><p>Celem zbierania i zautomatyzowanego przetwarzania danych osobowych jest utrzymanie relacji handlowej oraz wykonywanie dzia\u0142a\u0144 informacyjnych, szkoleniowych, doradczych i innych dzia\u0142a\u0144 Refinery89.<\/p><p>Te dane b\u0119d\u0105 przekazywane wy\u0142\u0105cznie tym podmiotom, kt\u00f3re s\u0105 niezb\u0119dne do realizacji wymienionego celu.<\/p><p>Refinery89 podejmuje niezb\u0119dne \u015brodki w celu zapewnienia bezpiecze\u0144stwa, integralno\u015bci i poufno\u015bci danych zgodnie z postanowieniami Rozporz\u0105dzenia (UE) 2016\/679 Parlamentu Europejskiego i Rady z dnia 27 kwietnia 2016 r. w sprawie ochrony os\u00f3b fizycznych w zwi\u0105zku z przetwarzaniem danych osobowych i swobodnym przep\u0142ywem takich danych oraz uchylaj\u0105cego star\u0105 LOPD, now\u0105 Ustaw\u0119 Organiczna 3\/2018 z dnia 5 grudnia o Ochronie Danych Osobowych i Gwarancji Praw Cyfrowych (LOPDGDDD).<\/p><p>U\u017cytkownik mo\u017ce w dowolnym momencie skorzysta\u0107 z praw dost\u0119pu, sprzeciwu, korekty , anulowania, ograniczenia i przenoszenia uznanych w wymienionym Rozporz\u0105dzeniu (UE). Prawa mog\u0105 by\u0107 wykonywane przez u\u017cytkownika, wysy\u0142aj\u0105c e-mail na adres Sandra Molina: dpo@refinery89.com lub na nast\u0119puj\u0105cy adres: Calle De Francisco Salas, 24, C.P. 28039 \u2013 Madryt (Hiszpania).<\/p><p>U\u017cytkownik o\u015bwiadcza, \u017ce wszystkie dane przekazane przez niego s\u0105 prawdziwe i poprawne oraz zobowi\u0105zuje si\u0119 do ich aktualizowania, informuj\u0105c Refinery89 o wszelkich zmianach.<\/p><p><strong>Cel przetwarzania danych osobowych:<\/strong><\/p><p><strong>W jakim celu b\u0119dziemy przetwarza\u0107 Twoje dane osobowe?<\/strong><\/p><p>W Refinery89 b\u0119dziemy przetwarza\u0107 Twoje dane osobowe zbierane za po\u015brednictwem strony internetowej: https:\/\/refinery89.com\/, w nast\u0119puj\u0105cych celach:<\/p><ul><li>Wysy\u0142anie informacji handlowych i newsletter\u00f3w o nowych us\u0142ugach oferowanych na stronie, oraz w sektorze.<\/li><li>Proces archiwizacji, aktualizacji system\u00f3w, ochrony i przechowywania informacji oraz baz danych firmy.<\/li><li>Przekazywanie danych stronom trzecim, z kt\u00f3rymi zosta\u0142y zawarte umowy , w celach handlowych, kontraktowych, administracyjnych, marketingowych i\/lub operacyjnych.<\/li><li>Wysy\u0142anie informacji promocyjnych drog\u0105 elektroniczn\u0105.<\/li><li>Dostarczanie informacji \u017c\u0105danych przez u\u017cytkownika za po\u015brednictwem formularza kontaktowego.<\/li><\/ul><div>\u00a0<\/div><p>Przypominamy, \u017ce mo\u017cesz si\u0119 sprzeciwi\u0107 wysy\u0142aniu komunikat\u00f3w handlowych w dowolny spos\u00f3b i w dowolnym momencie, wysy\u0142aj\u0105c e-mail na podany powy\u017cej adres.<\/p><p>Pola w tych rejestrach musz\u0105 by\u0107 wype\u0142nione, a realizacja wyra\u017conych cel\u00f3w b\u0119dzie niemo\u017cliwa, je\u015bli nie podasz tych informacji.<\/p><p><strong>Jak d\u0142ugo b\u0119d\u0105 przechowywane zebrane dane osobowe?<\/strong><\/p><p>Dane osobowe dostarczone b\u0119d\u0105 przechowywane tak d\u0142ugo, jak b\u0119dzie trwa\u0142a relacja handlowa lub do momentu, gdy nie za\u017c\u0105dasz ich usuni\u0119cia oraz przez okres czasu, w kt\u00f3rym mog\u0105 wynika\u0107 zobowi\u0105zania prawne z \u015bwiadczonych us\u0142ug.<\/p><p><strong>Legitymacja:<\/strong><\/p><p>Przetwarzanie Twoich danych odbywa si\u0119 na podstawie nast\u0119puj\u0105cych podstaw prawnych, kt\u00f3re je legitymizuj\u0105:<\/p><ul><li>\u017b\u0105danie informacji i\/lub zam\u00f3wienie us\u0142ug Refinery89, kt\u00f3rych warunki zostan\u0105 udost\u0119pnione w ka\u017cdym przypadku przed ewentualnym zam\u00f3wieniem.<\/li><li>Bezp\u0142atna, konkretnie udzielona, \u015bwiadoma i jednoznaczna zgoda, o ile informujemy, udost\u0119pniaj\u0105c niniejsz\u0105 Polityk\u0119 prywatno\u015bci, kt\u00f3r\u0105 po jej przeczytaniu, je\u015bli wyrazisz na to zgod\u0119, mo\u017cesz zaakceptowa\u0107 poprzez z\u0142o\u017cenie o\u015bwiadczenia lub wyra\u017ane dzia\u0142anie potwierdzaj\u0105ce, takie jak zaznaczenie pola przeznaczonego do tego celu.<\/li><\/ul><div>\u00a0<\/div><p>Je\u015bli nie dostarczysz nam swoich danych lub dostarczysz je nieprawid\u0142owo lub niekompletnie, nie b\u0119dziemy w stanie obs\u0142u\u017cy\u0107 twojego \u017c\u0105dania, co ca\u0142kowicie uniemo\u017cliwi dostarczenie \u017c\u0105danych informacji lub zawarcie umowy o \u015bwiadczonych us\u0142ug.<\/p><p><strong>Odbiorcy:<\/strong><\/p><p>Dane nie b\u0119d\u0105 przekazywane \u017cadnej stronie trzeciej poza Refinery89, chyba \u017ce b\u0119d\u0105 do tego prawnie zobowi\u0105zane.<\/p><p><strong>Dane zbierane przez u\u017cytkownik\u00f3w us\u0142ug<\/strong><\/p><p>W przypadkach, gdy u\u017cytkownik umieszcza pliki z danymi osobowymi na wsp\u00f3\u0142dzielonych serwerach hostingowych, Refinery89 nie ponosi odpowiedzialno\u015bci za niezgodno\u015b\u0107 u\u017cytkownika z RODO.<\/p><p><strong>Prawa w\u0142asno\u015bci intelektualnej https:\/\/refinery89.com\/<\/strong><\/p><p>Refinery89 jest w\u0142a\u015bcicielem wszystkich praw autorskich, praw w\u0142asno\u015bci intelektualnej i przemys\u0142owej, wiedzy technicznej oraz wszelkich innych praw zwi\u0105zanych z tre\u015bciami strony internetowej https:\/\/refinery89.com\/ oraz oferowanymi tam us\u0142ugami, a tak\u017ce programami niezb\u0119dnymi do ich wdro\u017cenia i powi\u0105zanymi informacjami.<\/p><p>Reprodukcja, publikacja i\/lub wykorzystanie tre\u015bci, w ca\u0142o\u015bci lub w cz\u0119\u015bci, ze strony internetowej https:\/\/refinery89.com\/, inne ni\u017c do u\u017cytku prywatnego, nie jest dozwolone bez uprzedniej pisemnej zgody.<\/p><p><strong>Intelektualna w\u0142asno\u015b\u0107 oprogramowania:<\/strong><\/p><p>U\u017cytkownik musi przestrzega\u0107 oprogramowania stron trzecich udost\u0119pnionego przez Refinery89, nawet je\u015bli jest ono bezp\u0142atne i\/lub publicznie dost\u0119pne.<\/p><p>Refinery89 posiada niezb\u0119dne wykorzystanie i prawa w\u0142asno\u015bci intelektualnej do oprogramowania.<\/p><p>U\u017cytkownik nie nabywa \u017cadnych praw ani licencji do zakontraktowanej us\u0142ugi, niezb\u0119dnego oprogramowania do \u015bwiadczonej us\u0142ugi ani technicznych informacji s\u0142u\u017c\u0105cych do monitorowania us\u0142ug, z wyj\u0105tkiem praw i licencji niezb\u0119dnych do realizacji zakontraktowanych us\u0142ug i tylko na czas ich trwania.<\/p><p>W przypadku dzia\u0142a\u0144 wykraczaj\u0105cych poza realizacj\u0119 umowy, u\u017cytkownik b\u0119dzie potrzebowa\u0142 pisemnej zgody Refinery89, a u\u017cytkownikowi zabrania si\u0119 dost\u0119pu, modyfikacji, przegl\u0105dania konfiguracji, struktury i plik\u00f3w serwer\u00f3w b\u0119d\u0105cych w\u0142asno\u015bci\u0105 Refinery89, przyjmuj\u0105c odpowiedzialno\u015b\u0107 cywiln\u0105 i karn\u0105 wynikaj\u0105c\u0105 z wszelkich incydent\u00f3w, kt\u00f3re mog\u0105 wyst\u0105pi\u0107 na serwerach i systemach bezpiecze\u0144stwa w wyniku zaniedbania lub z\u0142o\u015bliwego dzia\u0142ania z ich strony.<\/p><p><strong>W\u0142asno\u015b\u0107 intelektualna przechowywanych tre\u015bci:<\/strong><\/p><p>Wykorzystywanie niezgodne z przepisami prawa w\u0142asno\u015bci intelektualnej us\u0142ug \u015bwiadczonych przez Rafineri\u011989, a w szczeg\u00f3lno\u015bci:<\/p><ul><li>Korzystanie niezgodne z prawem hiszpa\u0144skim lub naruszaj\u0105ce prawa os\u00f3b trzecich.<\/li><li>Publikowanie lub przekazywanie jakichkolwiek tre\u015bci, w opinii Refinery89, s\u0105 brutalne, obsceniczne, obra\u017aliwe, nielegalne, rasowe, ksenofobiczne lub znies\u0142awiaj\u0105ce.<\/li><li>P\u0119kni\u0119cia , numery seryjne program\u00f3w lub inne tre\u015bci naruszaj\u0105ce prawa w\u0142asno\u015bci intelektualnej os\u00f3b trzecich.<\/li><li>Gromadzenie i\/lub wykorzystywanie danych osobowych innych u\u017cytkownik\u00f3w bez ich wyra\u017anej zgody lub sprzecznie z przepisami Rozporz\u0105dzenia (UE) 2016\/679 Parlamentu Europejskiego i Rady z dnia 27 kwietnia 2016 r. w sprawie ochrony os\u00f3b fizycznych w zwi\u0105zku z przetwarzaniem danych osobowych i swobodnym przep\u0142ywem takich danych.<\/li><li>Korzystanie z serwera pocztowej domeny oraz adres\u00f3w e-mail do wysy\u0142ania niechcianych wiadomo\u015bci masowych.<\/li><\/ul><div>\u00a0<\/div><p>U\u017cytkownik ponosi pe\u0142n\u0105 odpowiedzialno\u015b\u0107 za tre\u015b\u0107 swojej strony internetowej, przekazywane i przechowywane informacje, linki hipertekstowe, roszczenia os\u00f3b trzecich i dzia\u0142ania prawne w odniesieniu do w\u0142asno\u015bci intelektualnej, praw os\u00f3b trzecich i ochrony nieletnich.<\/p><p>U\u017cytkownik jest odpowiedzialny za przestrzeganie obowi\u0105zuj\u0105cych przepis\u00f3w prawnych i regulacji oraz zasad dotycz\u0105cych funkcjonowania us\u0142ug online, handlu elektronicznego, praw autorskich, utrzymania porz\u0105dku publicznego oraz powszechnych zasad korzystania z Internetu.<\/p><p>U\u017cytkownik zobowi\u0105zuje si\u0119 do pokrycia koszt\u00f3w poniesionych przez Refinery89 w wyniku jakiejkolwiek sprawy, za kt\u00f3r\u0105 u\u017cytkownik mo\u017ce by\u0107 odpowiedzialny, w tym op\u0142at i koszt\u00f3w prawnych, nawet w przypadku nieprawomocnego orzeczenia s\u0105dowego.<\/p><p><strong>Ochrona przechowywanych informacji:<\/strong><\/p><p>Refinery89 wykonuje kopie zapasowe tre\u015bci przechowywanych na swoich serwerach, jednak nie ponosi odpowiedzialno\u015bci za przypadkow\u0105 utrat\u0119 lub usuni\u0119cie danych przez u\u017cytkownik\u00f3w. Podobnie, nie gwarantuje ca\u0142kowitego przywr\u00f3cenia danych usuni\u0119tych przez u\u017cytkownik\u00f3w, poniewa\u017c wspomniane dane mog\u0142y zosta\u0107 usuni\u0119te i\/lub zmodyfikowane w okresie czasu, kt\u00f3ry up\u0142yn\u0105\u0142 od ostatniej kopii zapasowej.<\/p><p>Oferowane us\u0142ugi, z wyj\u0105tkiem specyficznych us\u0142ug backupowych, nie obejmuj\u0105 przywracania zawarto\u015bci przechowywanej w kopiach zapasowych wykonanych przez Refinery89, gdy utrata tre\u015bci jest przypisana u\u017cytkownikowi; w takim przypadku zostanie okre\u015blona op\u0142ata w zale\u017cno\u015bci od z\u0142o\u017cono\u015bci i obj\u0119to\u015bci odzyskiwania, zawsze za uprzedni\u0105 akceptacj\u0105 u\u017cytkownika.<\/p><p>Przywracanie usuni\u0119tych danych jest uwzgl\u0119dnione w cenie us\u0142ugi tylko wtedy, gdy utrata zawarto\u015bci wynika z przyczyn przypisanych Refinery89.<\/p><p><strong>Komunikacja handlowa:<\/strong><\/p><p>W zgodzie z LSSI, Refinery89 nie b\u0119dzie wysy\u0142a\u0107 reklam ani komunikat\u00f3w promocyjnych za po\u015brednictwem poczty elektronicznej lub innych r\u00f3wnowa\u017cnych \u015brodk\u00f3w komunikacji elektronicznej, kt\u00f3re nie zosta\u0142y wcze\u015bniej zam\u00f3wione lub wyra\u017anie autoryzowane przez odbiorc\u00f3w.<\/p><p>W przypadku u\u017cytkownik\u00f3w, z kt\u00f3rymi istnieje wcze\u015bniejszy zwi\u0105zek kontraktowy, Refinery89 jest upowa\u017cniony do wysy\u0142ania komunikat\u00f3w handlowych dotycz\u0105cych produkt\u00f3w lub us\u0142ug Refinery89, podobnych do tych, kt\u00f3re pierwotnie zawar\u0142y z klientem.<\/p><p>W ka\u017cdym przypadku u\u017cytkownik, po udowodnieniu swojej to\u017csamo\u015bci, mo\u017ce za\u017c\u0105da\u0107, aby nie wysy\u0142a\u0107 mu wi\u0119cej informacji handlowych za po\u015brednictwem kana\u0142\u00f3w obs\u0142ugi klienta.<\/p><\/div>\t\t\t\t\t\t\t\t<\/div>\n\t\t\t\t<\/div>\n\t\t\t\t\t<\/div>\n\t\t<\/div>\n\t\t\t\t\t<\/div>\n\t\t<\/section>\n\t\t\t\t<\/div>","protected":false},"excerpt":{"rendered":"<p>\u00a0 Privacy Policy \u2013 Updated May 2024 \u00a0 The Refinery89 Group (Refinery89 B.V and Refinery89, S.L.), from here on Refinery89, in application of current legislation on the protection of personal data, informs that the personal data collected through the forms on the website: https:\/\/refinery89.com\/, are included in the specific automated files of users of Refinery89 [&hellip;]<\/p>\n","protected":false},"author":12,"featured_media":0,"parent":0,"menu_order":0,"comment_status":"closed","ping_status":"closed","template":"","meta":{"footnotes":""},"class_list":["post-4811","page","type-page","status-publish","hentry"],"yoast_head":"<!-- This site is optimized with the Yoast SEO plugin v27.4 - https:\/\/yoast.com\/product\/yoast-seo-wordpress\/ -->\n<title>Privacy Policy | Refinery89<\/title>\n<meta name=\"description\" content=\"Welcome to the Privacy Policy page for refinery89.com. Need help with anything? Get in touch with us and let us know\" \/>\n<meta name=\"robots\" content=\"noindex, nofollow\" \/>\n<meta property=\"og:locale\" content=\"pl_PL\" \/>\n<meta property=\"og:type\" content=\"article\" \/>\n<meta property=\"og:title\" content=\"Privacy Policy | Refinery89\" \/>\n<meta property=\"og:description\" content=\"Welcome to the Privacy Policy page for refinery89.com. Need help with anything? Get in touch with us and let us know\" \/>\n<meta property=\"og:url\" content=\"https:\/\/refinery89.com\/pl\/polityka-prywatnosci\/\" \/>\n<meta property=\"og:site_name\" content=\"Refinery89\" \/>\n<meta property=\"article:publisher\" content=\"https:\/\/www.facebook.com\/Refinery89\/\" \/>\n<meta property=\"article:modified_time\" content=\"2026-01-13T15:24:13+00:00\" \/>\n<meta property=\"og:image\" content=\"https:\/\/refinery89.com\/wp-content\/uploads\/2025\/08\/r89-thumbnail.png\" \/>\n\t<meta property=\"og:image:width\" content=\"200\" \/>\n\t<meta property=\"og:image:height\" content=\"200\" \/>\n\t<meta property=\"og:image:type\" content=\"image\/png\" \/>\n<meta name=\"twitter:card\" content=\"summary_large_image\" \/>\n<meta name=\"twitter:site\" content=\"@refinery89\" \/>\n<meta name=\"twitter:label1\" content=\"Szacowany czas czytania\" \/>\n\t<meta name=\"twitter:data1\" content=\"7 minut\" \/>\n<script type=\"application\/ld+json\" class=\"yoast-schema-graph\">{\"@context\":\"https:\\\/\\\/schema.org\",\"@graph\":[{\"@type\":\"WebPage\",\"@id\":\"https:\\\/\\\/refinery89.com\\\/privacy-policy\\\/\",\"url\":\"https:\\\/\\\/refinery89.com\\\/privacy-policy\\\/\",\"name\":\"Privacy Policy | Refinery89\",\"isPartOf\":{\"@id\":\"https:\\\/\\\/refinery89.com\\\/#website\"},\"datePublished\":\"2023-04-03T15:24:20+00:00\",\"dateModified\":\"2026-01-13T15:24:13+00:00\",\"description\":\"Welcome to the Privacy Policy page for refinery89.com. Need help with anything? Get in touch with us and let us know\",\"breadcrumb\":{\"@id\":\"https:\\\/\\\/refinery89.com\\\/privacy-policy\\\/#breadcrumb\"},\"inLanguage\":\"pl-PL\",\"potentialAction\":[{\"@type\":\"ReadAction\",\"target\":[\"https:\\\/\\\/refinery89.com\\\/privacy-policy\\\/\"]}]},{\"@type\":\"BreadcrumbList\",\"@id\":\"https:\\\/\\\/refinery89.com\\\/privacy-policy\\\/#breadcrumb\",\"itemListElement\":[{\"@type\":\"ListItem\",\"position\":1,\"name\":\"Home\",\"item\":\"https:\\\/\\\/refinery89.com\\\/\"},{\"@type\":\"ListItem\",\"position\":2,\"name\":\"Privacy Policy\"}]},{\"@type\":\"WebSite\",\"@id\":\"https:\\\/\\\/refinery89.com\\\/#website\",\"url\":\"https:\\\/\\\/refinery89.com\\\/\",\"name\":\"Refinery89\",\"description\":\"\",\"publisher\":{\"@id\":\"https:\\\/\\\/refinery89.com\\\/#organization\"},\"potentialAction\":[{\"@type\":\"SearchAction\",\"target\":{\"@type\":\"EntryPoint\",\"urlTemplate\":\"https:\\\/\\\/refinery89.com\\\/?s={search_term_string}\"},\"query-input\":{\"@type\":\"PropertyValueSpecification\",\"valueRequired\":true,\"valueName\":\"search_term_string\"}}],\"inLanguage\":\"pl-PL\"},{\"@type\":\"Organization\",\"@id\":\"https:\\\/\\\/refinery89.com\\\/#organization\",\"name\":\"Refinery89\",\"alternateName\":\"R89\",\"url\":\"https:\\\/\\\/refinery89.com\\\/\",\"logo\":{\"@type\":\"ImageObject\",\"inLanguage\":\"pl-PL\",\"@id\":\"https:\\\/\\\/refinery89.com\\\/#\\\/schema\\\/logo\\\/image\\\/\",\"url\":\"https:\\\/\\\/refinery89.com\\\/wp-content\\\/uploads\\\/2025\\\/08\\\/r89-thumbnail.png\",\"contentUrl\":\"https:\\\/\\\/refinery89.com\\\/wp-content\\\/uploads\\\/2025\\\/08\\\/r89-thumbnail.png\",\"width\":200,\"height\":200,\"caption\":\"Refinery89\"},\"image\":{\"@id\":\"https:\\\/\\\/refinery89.com\\\/#\\\/schema\\\/logo\\\/image\\\/\"},\"sameAs\":[\"https:\\\/\\\/www.facebook.com\\\/Refinery89\\\/\",\"https:\\\/\\\/x.com\\\/refinery89\",\"https:\\\/\\\/www.linkedin.com\\\/company\\\/refinery89\\\/\",\"https:\\\/\\\/www.youtube.com\\\/@refinery89\",\"https:\\\/\\\/www.instagram.com\\\/refinery_89\\\/\",\"https:\\\/\\\/www.reddit.com\\\/user\\\/Refinery89\\\/\",\"https:\\\/\\\/share.google\\\/K8hFf3ktmUrTi1XCa\"]}]}<\/script>\n<!-- \/ Yoast SEO plugin. -->","yoast_head_json":{"title":"Privacy Policy | Refinery89","description":"Witaj na stronie Polityki Prywatno\u015bci refinery89.com. Potrzebujesz pomocy? Skontaktuj si\u0119 z nami","robots":{"index":"noindex","follow":"nofollow"},"og_locale":"pl_PL","og_type":"article","og_title":"Privacy Policy | Refinery89","og_description":"Welcome to the Privacy Policy page for refinery89.com. Need help with anything? Get in touch with us and let us know","og_url":"https:\/\/refinery89.com\/pl\/polityka-prywatnosci\/","og_site_name":"Refinery89","article_publisher":"https:\/\/www.facebook.com\/Refinery89\/","article_modified_time":"2026-01-13T15:24:13+00:00","og_image":[{"width":200,"height":200,"url":"https:\/\/refinery89.com\/wp-content\/uploads\/2025\/08\/r89-thumbnail.png","type":"image\/png"}],"twitter_card":"summary_large_image","twitter_site":"@refinery89","twitter_misc":{"Szacowany czas czytania":"7 minut"},"schema":{"@context":"https:\/\/schema.org","@graph":[{"@type":"WebPage","@id":"https:\/\/refinery89.com\/privacy-policy\/","url":"https:\/\/refinery89.com\/privacy-policy\/","name":"Privacy Policy | Refinery89","isPartOf":{"@id":"https:\/\/refinery89.com\/#website"},"datePublished":"2023-04-03T15:24:20+00:00","dateModified":"2026-01-13T15:24:13+00:00","description":"Witaj na stronie Polityki Prywatno\u015bci refinery89.com. Potrzebujesz pomocy? Skontaktuj si\u0119 z nami","breadcrumb":{"@id":"https:\/\/refinery89.com\/privacy-policy\/#breadcrumb"},"inLanguage":"pl-PL","potentialAction":[{"@type":"ReadAction","target":["https:\/\/refinery89.com\/privacy-policy\/"]}]},{"@type":"BreadcrumbList","@id":"https:\/\/refinery89.com\/privacy-policy\/#breadcrumb","itemListElement":[{"@type":"ListItem","position":1,"name":"Home","item":"https:\/\/refinery89.com\/"},{"@type":"ListItem","position":2,"name":"Privacy Policy"}]},{"@type":"WebSite","@id":"https:\/\/refinery89.com\/#website","url":"https:\/\/refinery89.com\/","name":"Refinery89","description":"","publisher":{"@id":"https:\/\/refinery89.com\/#organization"},"potentialAction":[{"@type":"SearchAction","target":{"@type":"EntryPoint","urlTemplate":"https:\/\/refinery89.com\/?s={search_term_string}"},"query-input":{"@type":"PropertyValueSpecification","valueRequired":true,"valueName":"search_term_string"}}],"inLanguage":"pl-PL"},{"@type":"Organization","@id":"https:\/\/refinery89.com\/#organization","name":"Refinery89","alternateName":"R89","url":"https:\/\/refinery89.com\/","logo":{"@type":"ImageObject","inLanguage":"pl-PL","@id":"https:\/\/refinery89.com\/#\/schema\/logo\/image\/","url":"https:\/\/refinery89.com\/wp-content\/uploads\/2025\/08\/r89-thumbnail.png","contentUrl":"https:\/\/refinery89.com\/wp-content\/uploads\/2025\/08\/r89-thumbnail.png","width":200,"height":200,"caption":"Refinery89"},"image":{"@id":"https:\/\/refinery89.com\/#\/schema\/logo\/image\/"},"sameAs":["https:\/\/www.facebook.com\/Refinery89\/","https:\/\/x.com\/refinery89","https:\/\/www.linkedin.com\/company\/refinery89\/","https:\/\/www.youtube.com\/@refinery89","https:\/\/www.instagram.com\/refinery_89\/","https:\/\/www.reddit.com\/user\/Refinery89\/","https:\/\/share.google\/K8hFf3ktmUrTi1XCa"]}]}},"_links":{"self":[{"href":"https:\/\/refinery89.com\/pl\/wp-json\/wp\/v2\/pages\/4811","targetHints":{"allow":["GET"]}}],"collection":[{"href":"https:\/\/refinery89.com\/pl\/wp-json\/wp\/v2\/pages"}],"about":[{"href":"https:\/\/refinery89.com\/pl\/wp-json\/wp\/v2\/types\/page"}],"author":[{"embeddable":true,"href":"https:\/\/refinery89.com\/pl\/wp-json\/wp\/v2\/users\/12"}],"replies":[{"embeddable":true,"href":"https:\/\/refinery89.com\/pl\/wp-json\/wp\/v2\/comments?post=4811"}],"version-history":[{"count":0,"href":"https:\/\/refinery89.com\/pl\/wp-json\/wp\/v2\/pages\/4811\/revisions"}],"wp:attachment":[{"href":"https:\/\/refinery89.com\/pl\/wp-json\/wp\/v2\/media?parent=4811"}],"curies":[{"name":"wp","href":"https:\/\/api.w.org\/{rel}","templated":true}]}}