{"id":9130,"date":"2024-05-07T16:08:55","date_gmt":"2024-05-07T14:08:55","guid":{"rendered":"https:\/\/refinery89.com\/?page_id=9130"},"modified":"2025-08-04T11:29:45","modified_gmt":"2025-08-04T09:29:45","slug":"politica-dei-cookie","status":"publish","type":"page","link":"https:\/\/refinery89.com\/it\/cookies-policy\/","title":{"rendered":"Politica dei Cookie"},"content":{"rendered":"<div data-elementor-type=\"wp-page\" data-elementor-id=\"9130\" class=\"elementor elementor-9130\" data-elementor-post-type=\"page\">\n\t\t\t\t\t\t<section class=\"elementor-section elementor-top-section elementor-element elementor-element-7fcffa3 elementor-section-content-middle elementor-section-boxed elementor-section-height-default elementor-section-height-default\" data-id=\"7fcffa3\" data-element_type=\"section\" data-e-type=\"section\">\n\t\t\t\t\t\t<div class=\"elementor-container elementor-column-gap-default\">\n\t\t\t\t\t<div class=\"elementor-column elementor-col-100 elementor-top-column elementor-element elementor-element-545d22d\" data-id=\"545d22d\" data-element_type=\"column\" data-e-type=\"column\">\n\t\t\t<div class=\"elementor-widget-wrap elementor-element-populated\">\n\t\t\t\t\t\t<div class=\"elementor-element elementor-element-c3179fd elementor-widget__width-initial elementor-invisible elementor-widget elementor-widget-text-editor\" data-id=\"c3179fd\" data-element_type=\"widget\" data-e-type=\"widget\" data-settings=\"{&quot;_animation&quot;:&quot;fadeInUp&quot;,&quot;_animation_delay&quot;:400}\" data-widget_type=\"text-editor.default\">\n\t\t\t\t<div class=\"elementor-widget-container\">\n\t\t\t\t\t\t\t\t\t<p>Refinery89 informa sull'uso dei cookie sul suo sito web: https:\/\/refinery89.com\/<\/p>\n<p><strong>Cosa sono i cookie?<\/strong><\/p>\n<p>I cookie sono file che possono essere scaricati sul tuo computer dai siti web. Sono strumenti che svolgono un ruolo essenziale nella fornitura di numerosi servizi della societ\u00e0 dell'informazione. Tra le altre cose, consentono a un sito web di memorizzare e recuperare informazioni sulle abitudini di navigazione di un utente o sul suo dispositivo e, in base alle informazioni ottenute, possono essere utilizzati per riconoscere l'utente e migliorare il servizio offerto.<\/p>\n<p><strong>Tipi di cookie<\/strong><\/p>\n<p>A seconda dell'entit\u00e0 che gestisce il dominio da cui vengono inviati i cookie e elaborati i dati ottenuti, si possono distinguere due tipi:<\/p>\n<ul>\n<li>Cookie di prima parte: Quelli che vengono inviati all'apparecchiatura terminale dell'utente da un computer o da un dominio gestito direttamente dall'editore e da cui viene fornito il servizio richiesto dall'utente.<\/li>\n<li>Cookie di terze parti: Quelli che vengono inviati all'apparecchiatura terminale dell'utente da un computer o da un dominio che non \u00e8 gestito direttamente dall'editore, ma da un'altra entit\u00e0 che elabora i dati ottenuti attraverso i cookie.<\/li>\n<\/ul>\n<p>Nel caso in cui i cookie siano installati da un computer o da un dominio gestito direttamente dall'editore ma le informazioni raccolte tramite di essi siano gestite da un terzo, non possono essere considerati come cookie di prima parte.<\/p>\n<p>Esiste anche una seconda classificazione in base alla durata per cui rimangono memorizzati nel browser del cliente:<\/p>\n<ul>\n<li>Cookie di sessione: Progettati per raccogliere e memorizzare dati mentre l'utente accede a un sito web. Sono generalmente utilizzati per memorizzare informazioni che sono interessanti da conservare solo per la fornitura del servizio richiesto dall'utente in un'unica occasione (ad esempio, un elenco di prodotti acquistati).<\/li>\n<li>Cookie persistenti: I dati rimangono memorizzati nel terminale e possono essere accessibili e trattati per un periodo definito dalla parte responsabile del cookie, che pu\u00f2 variare da alcuni minuti a diversi anni.<\/li>\n<\/ul>\n<p>Infine, esiste un'altra classificazione con sei tipi di cookie a seconda dello scopo per il quale i dati ottenuti vengono elaborati:<\/p>\n<ul>\n<li>Cookie tecnici: Quelli che consentono all'utente di navigare su un sito web, una piattaforma o un'applicazione e di utilizzare le diverse opzioni o servizi presenti in esso, come ad esempio controllare il traffico e la comunicazione di dati, identificare la sessione, accedere alle parti a accesso limitato, ricordare gli elementi che compongono un ordine, effettuare il processo di acquisto di un ordine, effettuare la richiesta di registrazione o partecipazione a un evento, utilizzare elementi di sicurezza durante la navigazione, memorizzare contenuti per la diffusione di video o audio o condividere contenuti tramite social network.<\/li>\n<li>Cookie di personalizzazione: Quelli che consentono all'utente di accedere al servizio con alcune caratteristiche generali predefinite in base a una serie di criteri sul terminale dell'utente, come ad esempio la lingua, il tipo di browser utilizzato per accedere al servizio, le impostazioni regionali da cui si accede al servizio, ecc.<\/li>\n<li>Cookie analitici: Quelli che consentono all'ente responsabile di tracciare e analizzare il comportamento degli utenti sui siti web a cui sono collegati. Le informazioni raccolte attraverso questo tipo di cookie vengono utilizzate per misurare l'attivit\u00e0 dei siti web, delle applicazioni o delle piattaforme e per creare profili di navigazione degli utenti di tali siti, applicazioni e piattaforme, al fine di introdurre miglioramenti basati sull'analisi dei dati di utilizzo effettuata dagli utenti del servizio.<\/li>\n<li>Cookie pubblicitari: Quelli che consentono la gestione pi\u00f9 efficiente degli spazi pubblicitari.<\/li>\n<li>Cookie pubblicitari comportamentali: Quelli che memorizzano informazioni sul comportamento degli utenti ottenute attraverso un'osservazione continua delle loro abitudini di navigazione, il che consente lo sviluppo di un profilo specifico per mostrare pubblicit\u00e0 basata su di esso.<\/li>\n<li>Cookie provenienti da social network esterni: Questi vengono utilizzati in modo che i visitatori possano interagire con i contenuti delle diverse piattaforme sociali (Facebook, YouTube, X, LinkedIn, ecc.) e vengono generati solo per gli utenti di questi social network. Le condizioni d'uso di questi cookie e le informazioni raccolte sono regolate dalla politica sulla privacy della piattaforma sociale corrispondente.<\/li>\n<\/ul><div><br><\/div>\n<p><strong>Disabilitazione ed eliminazione dei cookie<\/strong><\/p>\n<p>Hai la possibilit\u00e0 di consentire, bloccare o eliminare i cookie installati sul tuo computer configurando le opzioni del browser installato sul tuo computer. Disabilitando i cookie, alcuni dei servizi disponibili potrebbero non essere pi\u00f9 operativi. Il modo per disabilitare i cookie \u00e8 diverso per ogni browser, ma di solito pu\u00f2 essere fatto dal menu Strumenti o Opzioni. Puoi anche consultare il menu Aiuto del browser dove troverai istruzioni. Puoi in qualsiasi momento scegliere quali cookie desideri attivare su questo sito web.<\/p>\n<p>Puoi permettere, bloccare o eliminare i cookie installati sul tuo computer configurando le opzioni del browser installato sul tuo computer.<\/p>\n<ul>\n<li>Microsoft Internet Explorer o Microsoft Edge: http:\/\/windows.microsoft.com\/windows-vista\/Block-or-allow-cookies<\/li>\n<li>Mozilla Firefox: http:\/\/support.mozilla.org\/kb\/impedir-que-los-sitios-web-guarden-sus-preferencia<\/li>\n<li>Chrome: https:\/\/support.google.com\/accounts\/answer\/61416?hl<\/li>\n<li>Safari: http:\/\/safari.helpmax.net\/es\/privacidad-y-seguridad\/como-gestionar-las-cookies\/<\/li>\n<li>Opera: <a href=\"http:\/\/help.opera.com\/Linux\/10.60\/es-ES\/cookies.html\">http:\/\/help.opera.com\/Linux\/10.60\/es-ES\/cookies.html<\/a><\/li>\n<\/ul>\n<p>Inoltre, puoi gestire il salvataggio dei cookie nel tuo browser utilizzando strumenti come i seguenti:<\/p>\n<ul>\n<li>Ghostery: www.ghostery.com<\/li>\n<li>Your Online Choices: www.youronlinechoices.com\/<\/li>\n<\/ul>\n<p>Cookie utilizzati su https:\/\/refinery89.com\/<\/p>\n<p>Di seguito sono identificati i cookie utilizzati in questo portale, nonch\u00e9 il loro tipo e la loro funzione:<\/p>\n<ul>\n<li>__cmpcc\n<ul>\n<li>Durata: 1 anno e 1 mese<\/li>\n<li>Descrizione: Questo cookie viene utilizzato per memorizzare lo stato di consenso dell'utente per i cookie nella categoria Conforme.<\/li>\n<li>Tipo: Proprio<\/li>\n<li>Scopo: Tecnico<\/li>\n<\/ul>\n<\/li>\n<li>MUID\n<ul>\n<li>Durata: 1 anno<\/li>\n<li>Descrizione: Questo cookie \u00e8 ampiamente utilizzato da Microsoft come identificatore univoco dell'utente. Pu\u00f2 essere impostato da script Microsoft incorporati. Si ritiene che sia sincronizzato su diversi domini Microsoft, consentendo il tracciamento degli utenti.<\/li>\n<li>Tipo: Terze parti<\/li>\n<li>Scopo: Personalizzazione<\/li>\n<\/ul>\n<\/li>\n<li>_ga\n<ul>\n<li>Durata: 2 anni<\/li>\n<li>Descrizione: Usato per distinguere gli utenti. Generato da Google Analytics. Google memorizza le informazioni raccolte dai cookie su server situati negli Stati Uniti, conformemente alla legislazione europea sulla protezione dei dati personali e si impegna a non condividerle con terzi, tranne nei casi in cui ci\u00f2 sia richiesto dalla legge o sia necessario per il funzionamento del sistema. Google non associa il tuo indirizzo IP ad altre informazioni detenute da Google. Se desideri ulteriori informazioni sui cookie utilizzati da Google Analytics, vai a questo indirizzo: https:\/\/developers.google.com\/analytics\/devguides\/collection\/analyticsjs\/cookie-usage?hl=es&amp;csw=1<\/li>\n<li>Tipo: Terze parti<\/li>\n<li>Scopo: Analitica<\/li>\n<\/ul>\n<\/li>\n<li>_gat\n<ul>\n<li>Durata: 1 minuto<\/li>\n<li>Descrizione: Utilizzato per mostrare la nostra pubblicit\u00e0 su altre pagine della rete Google. Generato da Google Analytics. Google memorizza le informazioni raccolte dai cookie su server situati negli Stati Uniti, conformemente alla legislazione europea sulla protezione dei dati personali e si impegna a non condividerle con terzi, tranne nei casi in cui ci\u00f2 sia richiesto dalla legge o sia necessario per il funzionamento del sistema. Google non associa il tuo indirizzo IP ad altre informazioni detenute da Google. Se desideri ulteriori informazioni sui cookie utilizzati da Google Analytics, vai a questo indirizzo: https:\/\/developers.google.com\/analytics\/devguides\/collection\/analyticsjs\/cookie-usage?hl=es&amp;csw=1<\/li>\n<li>Tipo: Terze parti<\/li>\n<li>Scopo: Pubblicit\u00e0 comportamentale<\/li>\n<\/ul>\n<\/li>\n<li>_gid\n<ul>\n<li>Durata: 24 ore<\/li>\n<li>Descrizione: Generato da Google Analytics. Google memorizza le informazioni raccolte dai cookie su server situati negli Stati Uniti, conformemente alla legislazione europea sulla protezione dei dati personali, e si impegna a non condividerle con terzi, tranne nei casi in cui ci\u00f2 sia richiesto dalla legge o sia necessario per il funzionamento del sistema. Google non associa il tuo indirizzo IP ad altre informazioni detenute da Google. Se desideri ulteriori informazioni sui cookie utilizzati da Google Analytics, vai a questo indirizzo: https:\/\/developers.google.com\/analytics\/devguides\/collection\/analyticsjs\/cookie-usage?hl=es&amp;csw<\/li>\n<li>Tipo: Terze parti<\/li>\n<li>Scopo: Pubblicit\u00e0 comportamentale<\/li>\n<\/ul>\n<\/li>\n<li>ANONCHK\n<ul>\n<li>Durata: 10 minuti<\/li>\n<li>Descrizione: Questo cookie trasmette informazioni su come l'utente finale utilizza il sito web e su quali pubblicit\u00e0 l'utente finale potrebbe aver visto prima di visitare quel sito web.<\/li>\n<li>Tipo: Terze parti<\/li>\n<li>Scopo: Analitica<\/li>\n<\/ul>\n<\/li>\n<li>XANDR_PANID\n<ul>\n<li>Durata: 3 mesi<\/li>\n<li>Descrizione: Questo cookie viene utilizzato per fornire annunci pi\u00f9 pertinenti per te e i tuoi interessi. \u00c8 anche utilizzato per limitare il numero di volte in cui visualizzi un annuncio, nonch\u00e9 per aiutare a misurare l'efficacia della campagna pubblicitaria.<\/li>\n<li>Tipo: Terze parti<\/li>\n<li>Scopo: Analitica<\/li>\n<\/ul>\n<\/li>\n<li>CLID\n<ul>\n<li>Durata: 1 anno<\/li>\n<li>Descrizione: Questo cookie viene tipicamente impostato da Dstillery per poter condividere contenuti multimediali sui social media. Potrebbe anche raccogliere informazioni sui visitatori del sito web quando utilizzano i social media per condividere i contenuti del sito web dalla pagina visitata.<\/li>\n<li>Tipo: Terze parti<\/li>\n<li>Scopo: Analitica<\/li>\n<\/ul>\n<\/li>\n<li>uuid2\n<ul>\n<li>Durata: 3 mesi<\/li>\n<li>Descrizione: Questo cookie consente la pubblicit\u00e0 mirata tramite la piattaforma AppNexus: raccoglie dati anonimi sulle visite pubblicitarie, gli indirizzi IP, le visualizzazioni delle pagine, ecc.<\/li>\n<li>Tipo: Terze parti<\/li>\n<li>Scopo: Analitica<\/li>\n<\/ul>\n<\/li>\n<li>anj\n<ul>\n<li>Durata: 3 mesi<\/li>\n<li>Questo cookie contiene dati che indicano se un ID cookie \u00e8 sincronizzato con un partner di AppNexus.<\/li>\n<li>Tipo: Terze parti<\/li>\n<li>Scopo: Analitica<\/li>\n<\/ul>\n<\/li>\n<li>MR\n<ul>\n<li>Durata: 7 giorni<\/li>\n<li>Descrizione: Si tratta di un cookie di prima parte di Microsoft MSN che utilizziamo per misurare l'utilizzo del sito web a fini di analisi interna.<\/li>\n<li>Tipo: Terze parti<\/li>\n<li>Scopo: Analitica<\/li>\n<\/ul>\n<\/li>\n<li>SRM_B\n<ul>\n<li>Durata: 1 anno<\/li>\n<li>Descrizione: Si tratta di un cookie di prima parte di Microsoft MSN che utilizziamo per misurare l'utilizzo del sito web a fini di analisi interna.<\/li>\n<li>Tipo: Terze parti<\/li>\n<li>Scopo: Analitica<\/li>\n<\/ul>\n<\/li>\n<li>SM\n<ul>\n<li>Durata: 1 anno<\/li>\n<li>Descrizione: Questo \u00e8 un cookie di prima parte Microsoft MSN che utilizziamo per misurare l'uso del sito web a fini di analisi interna.<\/li>\n<li>Tipo: Terze parti<\/li>\n<li>Scopo: Analitica<\/li>\n<\/ul>\n<\/li>\n<li>trp_language\n<ul>\n<li>Durata: 1 mese<\/li>\n<li>Descrizione:<\/li>\n<li>Tipo: Proprio<\/li>\n<li>Scopo: Tecnico<\/li>\n<\/ul>\n<\/li>\n<li>__cmpconsentx84471\n<ul>\n<li>Durata: 14 giorni<\/li>\n<li>Descrizione:<\/li>\n<li>Tipo: Proprio<\/li>\n<li>Scopo: Tecnico<\/li>\n<\/ul>\n<\/li>\n<li>__cmpconsentx84471\n<ul>\n<li>Durata: 14 giorni<\/li>\n<li>Descrizione:<\/li>\n<li>Tipo: Proprio<\/li>\n<li>Scopo: Tecnico<\/li>\n<\/ul>\n<\/li>\n<li>__cmpcccx84471\n<ul>\n<li>Durata: 14 giorni<\/li>\n<li>Descrizione:<\/li>\n<li>Tipo: Proprio<\/li>\n<li>Scopo: Tecnico<\/li>\n<\/ul>\n<\/li>\n<li>_gac_\n<ul>\n<li>Durata: 90 giorni<\/li>\n<li>Descrizione: Include informazioni sulla campagna relative all'utente. Se hai collegato i tuoi account Google Analytics e Ads, i tag di conversione del sito web leggeranno questo cookie, a meno che tu non lo disabiliti.<\/li>\n<li>Tipo: Terze parti<\/li>\n<li>Scopo: Analitica<\/li>\n<\/ul>\n<\/li>\n<\/ul>\n<p>https:\/\/refinery89.com\/ visualizza informazioni sulla sua Cookie Policy nella parte inferiore o superiore di ogni pagina del sito ad ogni accesso.<\/p>\n<p>Alla luce di queste informazioni \u00e8 possibile effettuare le seguenti azioni:<\/p>\n<ul>\n<li>Accetta i cookie: Questo avviso non verr\u00e0 pi\u00f9 visualizzato durante l'accesso a qualsiasi pagina del portale durante la sessione in corso.<\/li>\n<li>Modifica\/personalizza la tua configurazione: Puoi ottenere ulteriori informazioni su cosa sono i cookie, consultare la Cookie Policy di: https:\/\/refinery89.com\/ e modificare la configurazione del tuo browser.<\/li>\n<\/ul>\t\t\t\t\t\t\t\t<\/div>\n\t\t\t\t<\/div>\n\t\t\t\t\t<\/div>\n\t\t<\/div>\n\t\t\t\t\t<\/div>\n\t\t<\/section>\n\t\t\t\t<\/div>","protected":false},"excerpt":{"rendered":"<p>Refinery89 informs about the use of cookies on its website: https:\/\/refinery89.com\/ What are cookies? Cookies are files that can be downloaded to your computer by websites. They are tools that play an essential role in the provision of numerous information society services. Among other things, they allow a website to store and retrieve information about [&hellip;]<\/p>\n","protected":false},"author":7,"featured_media":0,"parent":0,"menu_order":0,"comment_status":"closed","ping_status":"closed","template":"","meta":{"footnotes":""},"class_list":["post-9130","page","type-page","status-publish","hentry"],"yoast_head":"<!-- This site is optimized with the Yoast SEO plugin v27.3 - https:\/\/yoast.com\/product\/yoast-seo-wordpress\/ -->\n<title>Cookies Policy | Refinery89<\/title>\n<meta name=\"description\" content=\"Learn about how Refinery89 uses cookies to enhance your experience, improve our services, and ensure compliance with privacy regulations\" \/>\n<meta name=\"robots\" content=\"noindex, nofollow\" \/>\n<meta property=\"og:locale\" content=\"it_IT\" \/>\n<meta property=\"og:type\" content=\"article\" \/>\n<meta property=\"og:title\" content=\"Cookies Policy | Refinery89\" \/>\n<meta property=\"og:description\" content=\"Learn about how Refinery89 uses cookies to enhance your experience, improve our services, and ensure compliance with privacy regulations\" \/>\n<meta property=\"og:url\" content=\"https:\/\/refinery89.com\/it\/politica-dei-cookie\/\" \/>\n<meta property=\"og:site_name\" content=\"Refinery89\" \/>\n<meta property=\"article:publisher\" content=\"https:\/\/www.facebook.com\/Refinery89\/\" \/>\n<meta property=\"article:modified_time\" content=\"2025-08-04T09:29:45+00:00\" \/>\n<meta property=\"og:image\" content=\"https:\/\/refinery89.com\/wp-content\/uploads\/2025\/08\/r89-thumbnail.png\" \/>\n\t<meta property=\"og:image:width\" content=\"200\" \/>\n\t<meta property=\"og:image:height\" content=\"200\" \/>\n\t<meta property=\"og:image:type\" content=\"image\/png\" \/>\n<meta name=\"twitter:card\" content=\"summary_large_image\" \/>\n<meta name=\"twitter:site\" content=\"@refinery89\" \/>\n<meta name=\"twitter:label1\" content=\"Tempo di lettura stimato\" \/>\n\t<meta name=\"twitter:data1\" content=\"8 minuti\" \/>\n<script type=\"application\/ld+json\" class=\"yoast-schema-graph\">{\"@context\":\"https:\\\/\\\/schema.org\",\"@graph\":[{\"@type\":\"WebPage\",\"@id\":\"https:\\\/\\\/refinery89.com\\\/cookies-policy\\\/\",\"url\":\"https:\\\/\\\/refinery89.com\\\/cookies-policy\\\/\",\"name\":\"Cookies Policy | Refinery89\",\"isPartOf\":{\"@id\":\"https:\\\/\\\/refinery89.com\\\/#website\"},\"datePublished\":\"2024-05-07T14:08:55+00:00\",\"dateModified\":\"2025-08-04T09:29:45+00:00\",\"description\":\"Learn about how Refinery89 uses cookies to enhance your experience, improve our services, and ensure compliance with privacy regulations\",\"breadcrumb\":{\"@id\":\"https:\\\/\\\/refinery89.com\\\/cookies-policy\\\/#breadcrumb\"},\"inLanguage\":\"it-IT\",\"potentialAction\":[{\"@type\":\"ReadAction\",\"target\":[\"https:\\\/\\\/refinery89.com\\\/cookies-policy\\\/\"]}]},{\"@type\":\"BreadcrumbList\",\"@id\":\"https:\\\/\\\/refinery89.com\\\/cookies-policy\\\/#breadcrumb\",\"itemListElement\":[{\"@type\":\"ListItem\",\"position\":1,\"name\":\"Home\",\"item\":\"https:\\\/\\\/refinery89.com\\\/\"},{\"@type\":\"ListItem\",\"position\":2,\"name\":\"Cookies Policy\"}]},{\"@type\":\"WebSite\",\"@id\":\"https:\\\/\\\/refinery89.com\\\/#website\",\"url\":\"https:\\\/\\\/refinery89.com\\\/\",\"name\":\"Refinery89\",\"description\":\"\",\"publisher\":{\"@id\":\"https:\\\/\\\/refinery89.com\\\/#organization\"},\"potentialAction\":[{\"@type\":\"SearchAction\",\"target\":{\"@type\":\"EntryPoint\",\"urlTemplate\":\"https:\\\/\\\/refinery89.com\\\/?s={search_term_string}\"},\"query-input\":{\"@type\":\"PropertyValueSpecification\",\"valueRequired\":true,\"valueName\":\"search_term_string\"}}],\"inLanguage\":\"it-IT\"},{\"@type\":\"Organization\",\"@id\":\"https:\\\/\\\/refinery89.com\\\/#organization\",\"name\":\"Refinery89\",\"alternateName\":\"R89\",\"url\":\"https:\\\/\\\/refinery89.com\\\/\",\"logo\":{\"@type\":\"ImageObject\",\"inLanguage\":\"it-IT\",\"@id\":\"https:\\\/\\\/refinery89.com\\\/#\\\/schema\\\/logo\\\/image\\\/\",\"url\":\"https:\\\/\\\/refinery89.com\\\/wp-content\\\/uploads\\\/2025\\\/08\\\/r89-thumbnail.png\",\"contentUrl\":\"https:\\\/\\\/refinery89.com\\\/wp-content\\\/uploads\\\/2025\\\/08\\\/r89-thumbnail.png\",\"width\":200,\"height\":200,\"caption\":\"Refinery89\"},\"image\":{\"@id\":\"https:\\\/\\\/refinery89.com\\\/#\\\/schema\\\/logo\\\/image\\\/\"},\"sameAs\":[\"https:\\\/\\\/www.facebook.com\\\/Refinery89\\\/\",\"https:\\\/\\\/x.com\\\/refinery89\",\"https:\\\/\\\/www.linkedin.com\\\/company\\\/refinery89\\\/\",\"https:\\\/\\\/www.youtube.com\\\/@refinery89\",\"https:\\\/\\\/www.instagram.com\\\/refinery_89\\\/\",\"https:\\\/\\\/www.reddit.com\\\/user\\\/Refinery89\\\/\",\"https:\\\/\\\/share.google\\\/K8hFf3ktmUrTi1XCa\"]}]}<\/script>\n<!-- \/ Yoast SEO plugin. -->","yoast_head_json":{"title":"Cookies Policy | Refinery89","description":"Scopri come Refinery89 utilizza i cookie per migliorare la tua esperienza, ottimizzare i nostri servizi e garantire il rispetto delle normative sulla privacy","robots":{"index":"noindex","follow":"nofollow"},"og_locale":"it_IT","og_type":"article","og_title":"Cookies Policy | Refinery89","og_description":"Learn about how Refinery89 uses cookies to enhance your experience, improve our services, and ensure compliance with privacy regulations","og_url":"https:\/\/refinery89.com\/it\/politica-dei-cookie\/","og_site_name":"Refinery89","article_publisher":"https:\/\/www.facebook.com\/Refinery89\/","article_modified_time":"2025-08-04T09:29:45+00:00","og_image":[{"width":200,"height":200,"url":"https:\/\/refinery89.com\/wp-content\/uploads\/2025\/08\/r89-thumbnail.png","type":"image\/png"}],"twitter_card":"summary_large_image","twitter_site":"@refinery89","twitter_misc":{"Tempo di lettura stimato":"8 minuti"},"schema":{"@context":"https:\/\/schema.org","@graph":[{"@type":"WebPage","@id":"https:\/\/refinery89.com\/cookies-policy\/","url":"https:\/\/refinery89.com\/cookies-policy\/","name":"Cookies Policy | Refinery89","isPartOf":{"@id":"https:\/\/refinery89.com\/#website"},"datePublished":"2024-05-07T14:08:55+00:00","dateModified":"2025-08-04T09:29:45+00:00","description":"Scopri come Refinery89 utilizza i cookie per migliorare la tua esperienza, ottimizzare i nostri servizi e garantire il rispetto delle normative sulla privacy","breadcrumb":{"@id":"https:\/\/refinery89.com\/cookies-policy\/#breadcrumb"},"inLanguage":"it-IT","potentialAction":[{"@type":"ReadAction","target":["https:\/\/refinery89.com\/cookies-policy\/"]}]},{"@type":"BreadcrumbList","@id":"https:\/\/refinery89.com\/cookies-policy\/#breadcrumb","itemListElement":[{"@type":"ListItem","position":1,"name":"Home","item":"https:\/\/refinery89.com\/"},{"@type":"ListItem","position":2,"name":"Cookies Policy"}]},{"@type":"WebSite","@id":"https:\/\/refinery89.com\/#website","url":"https:\/\/refinery89.com\/","name":"Refinery89","description":"","publisher":{"@id":"https:\/\/refinery89.com\/#organization"},"potentialAction":[{"@type":"SearchAction","target":{"@type":"EntryPoint","urlTemplate":"https:\/\/refinery89.com\/?s={search_term_string}"},"query-input":{"@type":"PropertyValueSpecification","valueRequired":true,"valueName":"search_term_string"}}],"inLanguage":"it-IT"},{"@type":"Organization","@id":"https:\/\/refinery89.com\/#organization","name":"Refinery89","alternateName":"R89","url":"https:\/\/refinery89.com\/","logo":{"@type":"ImageObject","inLanguage":"it-IT","@id":"https:\/\/refinery89.com\/#\/schema\/logo\/image\/","url":"https:\/\/refinery89.com\/wp-content\/uploads\/2025\/08\/r89-thumbnail.png","contentUrl":"https:\/\/refinery89.com\/wp-content\/uploads\/2025\/08\/r89-thumbnail.png","width":200,"height":200,"caption":"Refinery89"},"image":{"@id":"https:\/\/refinery89.com\/#\/schema\/logo\/image\/"},"sameAs":["https:\/\/www.facebook.com\/Refinery89\/","https:\/\/x.com\/refinery89","https:\/\/www.linkedin.com\/company\/refinery89\/","https:\/\/www.youtube.com\/@refinery89","https:\/\/www.instagram.com\/refinery_89\/","https:\/\/www.reddit.com\/user\/Refinery89\/","https:\/\/share.google\/K8hFf3ktmUrTi1XCa"]}]}},"_links":{"self":[{"href":"https:\/\/refinery89.com\/it\/wp-json\/wp\/v2\/pages\/9130","targetHints":{"allow":["GET"]}}],"collection":[{"href":"https:\/\/refinery89.com\/it\/wp-json\/wp\/v2\/pages"}],"about":[{"href":"https:\/\/refinery89.com\/it\/wp-json\/wp\/v2\/types\/page"}],"author":[{"embeddable":true,"href":"https:\/\/refinery89.com\/it\/wp-json\/wp\/v2\/users\/7"}],"replies":[{"embeddable":true,"href":"https:\/\/refinery89.com\/it\/wp-json\/wp\/v2\/comments?post=9130"}],"version-history":[{"count":0,"href":"https:\/\/refinery89.com\/it\/wp-json\/wp\/v2\/pages\/9130\/revisions"}],"wp:attachment":[{"href":"https:\/\/refinery89.com\/it\/wp-json\/wp\/v2\/media?parent=9130"}],"curies":[{"name":"wp","href":"https:\/\/api.w.org\/{rel}","templated":true}]}}