{"id":4811,"date":"2023-04-03T17:24:20","date_gmt":"2023-04-03T15:24:20","guid":{"rendered":"https:\/\/refinery89.com\/?page_id=4811"},"modified":"2026-01-13T16:24:13","modified_gmt":"2026-01-13T15:24:13","slug":"politica-sulla-privacy","status":"publish","type":"page","link":"https:\/\/refinery89.com\/it\/privacy-policy\/","title":{"rendered":"Informativa sulla Privacy"},"content":{"rendered":"<div data-elementor-type=\"wp-page\" data-elementor-id=\"4811\" class=\"elementor elementor-4811\" data-elementor-post-type=\"page\">\n\t\t\t\t\t\t<section class=\"elementor-section elementor-top-section elementor-element elementor-element-6a9582a4 elementor-section-content-middle elementor-section-boxed elementor-section-height-default elementor-section-height-default\" data-id=\"6a9582a4\" data-element_type=\"section\" data-e-type=\"section\">\n\t\t\t\t\t\t<div class=\"elementor-container elementor-column-gap-default\">\n\t\t\t\t\t<div class=\"elementor-column elementor-col-100 elementor-top-column elementor-element elementor-element-10b5268d\" data-id=\"10b5268d\" data-element_type=\"column\" data-e-type=\"column\">\n\t\t\t<div class=\"elementor-widget-wrap elementor-element-populated\">\n\t\t\t\t\t\t<div class=\"elementor-element elementor-element-6edb2c02 elementor-widget__width-initial elementor-invisible elementor-widget elementor-widget-text-editor\" data-id=\"6edb2c02\" data-element_type=\"widget\" data-e-type=\"widget\" data-settings=\"{&quot;_animation&quot;:&quot;fadeInUp&quot;,&quot;_animation_delay&quot;:400}\" data-widget_type=\"text-editor.default\">\n\t\t\t\t<div class=\"elementor-widget-container\">\n\t\t\t\t\t\t\t\t\t<div>\u00a0<\/div><div style=\"text-align: left;\"><p>Informativa sulla privacy \u2013 Aggiornata a maggio 2024<\/p><\/div><div style=\"text-align: left;\">\u00a0<\/div><div><p>Il Gruppo Refinery89 (Refinery89 B.V. e Refinery89, S.L.), d'ora in poi Refinery89, in applicazione della normativa vigente sulla protezione dei dati personali, informa che i dati personali raccolti tramite i moduli sul sito web: https:\/\/refinery89.com\/, sono inclusi negli specifici file automatizzati degli utenti dei servizi di Refinery89.<\/p><p>Lo scopo della raccolta e del trattamento automatizzato dei dati personali \u00e8 il mantenimento della relazione commerciale e lo svolgimento di attivit\u00e0 di informazione, formazione, consulenza e altre attivit\u00e0 di Refinery89.<\/p><p>Questi dati saranno trasferiti solo alle entit\u00e0 necessarie al solo scopo di adempiere allo scopo sopra menzionato.<\/p><p>Refinery89 adotta le misure necessarie per garantire la sicurezza, l'integrit\u00e0 e la riservatezza dei dati in conformit\u00e0 con le disposizioni del Regolamento (UE) 2016\/679 del Parlamento europeo e del Consiglio, del 27 aprile 2016, sulla protezione delle persone fisiche con riguardo al trattamento dei dati personali e alla libera circolazione di tali dati, e abrogando la vecchia LOPD, la nuova Legge Organica 3\/2018, del 5 dicembre, sulla Protezione dei Dati e Garanzia dei Diritti Digitali (LOPDGDDD).<\/p><p>L'utente pu\u00f2 in qualsiasi momento esercitare i diritti di accesso, opposizione, rettifica, cancellazione, limitazione e portabilit\u00e0 riconosciuti nel suddetto Regolamento (UE). Tali diritti possono essere esercitati dall'utente inviando un'email a Sandra Molina: dpo@refinery89.com o al seguente indirizzo: Calle De Francisco Salas, 24, C.P. 28039 \u2013 Madrid (Madrid).<\/p><p>L'utente dichiara che tutti i dati forniti sono veri e corretti e si impegna a mantenerli aggiornati, notificando a Refinery89 eventuali modifiche.<\/p><p><strong>Scopo del trattamento dei dati personali:<\/strong><\/p><p><strong>A quale scopo tratteremo i vostri dati personali?<\/strong><\/p><p>In Refinery89, tratteremo i vostri dati personali raccolti attraverso il sito web: https:\/\/refinery89.com\/, per i seguenti scopi:<\/p><ul><li>Invio di informazioni commerciali e newsletter sui nuovi servizi offerti sul sito e nel settore.<\/li><li>Il processo di archiviazione, aggiornamento dei sistemi, protezione e custodia delle informazioni e dei database dell'azienda.<\/li><li>La trasmissione dei dati a terzi con i quali sono stati stipulati contratti a tale scopo, per finalit\u00e0 commerciali, contrattuali, amministrative, di marketing e\/o operative.<\/li><li>Invio di informazioni promozionali elettronicamente.<\/li><li>Fornire le informazioni richieste dall'utente tramite il modulo di contatto.<\/li><\/ul><div>\u00a0<\/div><p>Vi ricordiamo che potete opporvi all'invio di comunicazioni commerciali in qualsiasi modo e in qualsiasi momento inviando una e-mail all'indirizzo sopra indicato.<\/p><p>I campi di questi registri devono essere compilati, e sar\u00e0 impossibile realizzare gli scopi espressi se non si forniscono queste informazioni.<\/p><p><strong>Per quanto tempo verranno conservati i dati personali raccolti?<\/strong><\/p><p>I dati personali forniti saranno conservati fintanto che la relazione commerciale \u00e8 mantenuta o finch\u00e9 non ne richiedete la cancellazione, e per il periodo durante il quale possono sorgere responsabilit\u00e0 legali dai servizi forniti.<\/p><p><strong>Legittimazione:<\/strong><\/p><p>Il trattamento dei vostri dati avviene sulle seguenti basi legali che lo legittimano:<\/p><ul><li>La richiesta di informazioni e\/o la stipula dei servizi di Refinery89, i cui termini e condizioni vi saranno forniti in ogni caso, prima di qualsiasi eventuale contratto.<\/li><li>Consenso libero, specifico, informato e inequivocabile, in quanto vi informiamo rendendo disponibile questa politica sulla privacy, che, dopo averla letta, se siete d'accordo, potete accettare tramite una dichiarazione o un'azione affermativa chiara, come spuntare una casella prevista a tale scopo.<\/li><\/ul><div>\u00a0<\/div><p>Se non ci fornite i vostri dati, o se lo fate in modo errato o incompleto, non saremo in grado di gestire la vostra richiesta, rendendo cos\u00ec completamente impossibile fornirvi le informazioni richieste o procedere alla stipula dei servizi.<\/p><p><strong>Destinatari:<\/strong><\/p><p>I dati non saranno comunicati a terzi al di fuori di Refinery89, a meno che non sia legalmente obbligato a farlo.<\/p><p><strong>Dati raccolti dagli utenti dei servizi<\/strong><\/p><p>Nei casi in cui l'utente includa file con dati personali nei server di hosting condiviso, Refinery89 non \u00e8 responsabile per il mancato rispetto del RGPD da parte dell'utente.<\/p><p><strong>Diritti di propriet\u00e0 intellettuale https:\/\/refinery89.com\/<\/strong><\/p><p>Refinery89 \u00e8 proprietaria di tutti i diritti d'autore, i diritti di propriet\u00e0 intellettuale e industriale, il know-how e altri diritti correlati ai contenuti del sito web https:\/\/refinery89.com\/ e ai servizi offerti al suo interno, nonch\u00e9 ai programmi necessari per la loro implementazione e alle informazioni correlate.<\/p><p>La riproduzione, la pubblicazione e\/o l'uso dei contenuti, in tutto o in parte, del sito web https:\/\/refinery89.com\/, diversamente dall'uso strettamente privato, non sono consentiti senza il previo consenso scritto.<\/p><p><strong>Propriet\u00e0 intellettuale del software<\/strong><\/p><p>L'utente deve rispettare il software di terze parti reso disponibile da Refinery89, anche se \u00e8 gratuito e\/o disponibile pubblicamente.<\/p><p>Refinery89 possiede i diritti di sfruttamento e di propriet\u00e0 intellettuale necessari del software.<\/p><p>L'utente non acquisisce alcun diritto o licenza per il servizio contrattato, sul software necessario per la fornitura del servizio, n\u00e9 sulle informazioni tecniche per il monitoraggio del servizio, ad eccezione dei diritti e delle licenze necessari per l'adempimento dei servizi contrattati e solo per la durata degli stessi.<\/p><p>Per qualsiasi azione che superi l'adempimento del contratto, l'utente avr\u00e0 bisogno dell'autorizzazione scritta da parte di Refinery89, ed \u00e8 vietato all'utente accedere, modificare, visualizzare la configurazione, la struttura e i file dei server di propriet\u00e0 di Refinery89, assumendo la responsabilit\u00e0 civile e penale derivante da qualsiasi incidente che possa verificarsi nei server e nei sistemi di sicurezza come diretta conseguenza di un'azione negligente o maliziosa da parte sua.<\/p><p><strong>Propriet\u00e0 intellettuale dei contenuti ospitati<\/strong><\/p><p>L'uso contrario alla legislazione sulla propriet\u00e0 intellettuale dei servizi forniti da Refinery89 e, in particolare, di:<\/p><ul><li>Un uso contrario alla legge spagnola o che violi i diritti di terzi.<\/li><li>La pubblicazione o trasmissione di qualsiasi contenuto che, secondo l'opinione di Refinery89, \u00e8 violento, osceno, abusivo, illegale, razzista, xenofobo o diffamatorio.<\/li><li>Cracks, numeri di serie di programmi o qualsiasi altro contenuto che violi i diritti di propriet\u00e0 intellettuale di terzi.<\/li><li>La raccolta e\/o l'uso dei dati personali di altri utenti senza il loro consenso espresso o in violazione delle disposizioni del Regolamento (UE) 2016\/679 del Parlamento europeo e del Consiglio del 27 aprile 2016 relativo alla protezione delle persone fisiche con riguardo al trattamento dei dati personali e alla libera circolazione di tali dati.<\/li><li>L'uso del server di posta elettronica del dominio e degli indirizzi email per l'invio di email in massa non richieste.<\/li><\/ul><div>\u00a0<\/div><p>L'utente \u00e8 pienamente responsabile del contenuto del suo sito web, delle informazioni trasmesse e memorizzate, dei collegamenti ipertestuali, delle rivendicazioni di terzi e delle azioni legali relative alla propriet\u00e0 intellettuale, ai diritti di terzi e alla protezione dei minori.<\/p><p>L'utente \u00e8 responsabile per quanto riguarda le leggi e i regolamenti in vigore e le norme relative al funzionamento del servizio online, dell'e-commerce, del diritto d'autore, del mantenimento dell'ordine pubblico, cos\u00ec come dei principi universali dell'uso di Internet.<\/p><p>L'utente deve indennizzare Refinery89 per i costi sostenuti da Refinery89 in qualsiasi caso per il quale l'utente potrebbe essere ritenuto responsabile, comprese le spese legali e le spese, anche in caso di decisione non definitiva del tribunale.<\/p><p><strong>Protezione delle informazioni ospitate<\/strong><\/p><p>Refinery89 effettua copie di backup dei contenuti ospitati sui suoi server, tuttavia non sar\u00e0 ritenuta responsabile per la perdita o la cancellazione accidentale di dati da parte degli utenti. Allo stesso modo, non garantisce il completo ripristino dei dati eliminati dagli utenti, poich\u00e9 i dati menzionati potrebbero essere stati eliminati e\/o modificati durante il periodo trascorso dall'ultima copia di backup.<\/p><p>I servizi offerti, ad eccezione dei servizi di backup specifici, non includono il ripristino dei contenuti mantenuti nelle copie di backup effettuate da Refinery89, quando questa perdita \u00e8 imputabile all'utente; in questo caso, verr\u00e0 determinata una tariffa in base alla complessit\u00e0 e al volume del ripristino, sempre previa accettazione dell'utente.<\/p><p>Il ripristino dei dati eliminati \u00e8 incluso solo nel prezzo del servizio quando la perdita del contenuto \u00e8 dovuta a cause imputabili a Refinery89.<\/p><p><strong>Comunicazioni commerciali<\/strong><\/p><p>In applicazione della LSSI, Refinery89 non invier\u00e0 comunicazioni pubblicitarie o promozionali via e-mail o qualsiasi altro mezzo equivalente di comunicazione elettronica che non siano state precedentemente richieste o espressamente autorizzate dai destinatari.<\/p><p>Nel caso degli utenti con i quali esiste un rapporto contrattuale precedente, Refinery89 \u00e8 autorizzata a inviare comunicazioni commerciali relative a prodotti o servizi di Refinery89 simili a quelli inizialmente contrattati con il cliente.<\/p><p>In ogni caso, l'utente, dopo aver provato la propria identit\u00e0, pu\u00f2 richiedere che non gli vengano inviate ulteriori informazioni commerciali attraverso i canali del Servizio Clienti.<\/p><\/div>\t\t\t\t\t\t\t\t<\/div>\n\t\t\t\t<\/div>\n\t\t\t\t\t<\/div>\n\t\t<\/div>\n\t\t\t\t\t<\/div>\n\t\t<\/section>\n\t\t\t\t<\/div>","protected":false},"excerpt":{"rendered":"<p>\u00a0 Privacy Policy \u2013 Updated May 2024 \u00a0 The Refinery89 Group (Refinery89 B.V and Refinery89, S.L.), from here on Refinery89, in application of current legislation on the protection of personal data, informs that the personal data collected through the forms on the website: https:\/\/refinery89.com\/, are included in the specific automated files of users of Refinery89 [&hellip;]<\/p>\n","protected":false},"author":12,"featured_media":0,"parent":0,"menu_order":0,"comment_status":"closed","ping_status":"closed","template":"","meta":{"footnotes":""},"class_list":["post-4811","page","type-page","status-publish","hentry"],"yoast_head":"<!-- This site is optimized with the Yoast SEO plugin v27.2 - https:\/\/yoast.com\/product\/yoast-seo-wordpress\/ -->\n<title>Privacy Policy | Refinery89<\/title>\n<meta name=\"description\" content=\"Welcome to the Privacy Policy page for refinery89.com. Need help with anything? Get in touch with us and let us know\" \/>\n<meta name=\"robots\" content=\"noindex, nofollow\" \/>\n<meta property=\"og:locale\" content=\"it_IT\" \/>\n<meta property=\"og:type\" content=\"article\" \/>\n<meta property=\"og:title\" content=\"Privacy Policy | Refinery89\" \/>\n<meta property=\"og:description\" content=\"Welcome to the Privacy Policy page for refinery89.com. Need help with anything? Get in touch with us and let us know\" \/>\n<meta property=\"og:url\" content=\"https:\/\/refinery89.com\/it\/politica-sulla-privacy\/\" \/>\n<meta property=\"og:site_name\" content=\"Refinery89\" \/>\n<meta property=\"article:publisher\" content=\"https:\/\/www.facebook.com\/Refinery89\/\" \/>\n<meta property=\"article:modified_time\" content=\"2026-01-13T15:24:13+00:00\" \/>\n<meta property=\"og:image\" content=\"https:\/\/refinery89.com\/wp-content\/uploads\/2025\/08\/r89-thumbnail.png\" \/>\n\t<meta property=\"og:image:width\" content=\"200\" \/>\n\t<meta property=\"og:image:height\" content=\"200\" \/>\n\t<meta property=\"og:image:type\" content=\"image\/png\" \/>\n<meta name=\"twitter:card\" content=\"summary_large_image\" \/>\n<meta name=\"twitter:site\" content=\"@refinery89\" \/>\n<meta name=\"twitter:label1\" content=\"Tempo di lettura stimato\" \/>\n\t<meta name=\"twitter:data1\" content=\"7 minuti\" \/>\n<script type=\"application\/ld+json\" class=\"yoast-schema-graph\">{\"@context\":\"https:\/\/schema.org\",\"@graph\":[{\"@type\":\"WebPage\",\"@id\":\"https:\/\/refinery89.com\/privacy-policy\/\",\"url\":\"https:\/\/refinery89.com\/privacy-policy\/\",\"name\":\"Privacy Policy | Refinery89\",\"isPartOf\":{\"@id\":\"https:\/\/refinery89.com\/#website\"},\"datePublished\":\"2023-04-03T15:24:20+00:00\",\"dateModified\":\"2026-01-13T15:24:13+00:00\",\"description\":\"Welcome to the Privacy Policy page for refinery89.com. Need help with anything? Get in touch with us and let us know\",\"breadcrumb\":{\"@id\":\"https:\/\/refinery89.com\/privacy-policy\/#breadcrumb\"},\"inLanguage\":\"it-IT\",\"potentialAction\":[{\"@type\":\"ReadAction\",\"target\":[\"https:\/\/refinery89.com\/privacy-policy\/\"]}]},{\"@type\":\"BreadcrumbList\",\"@id\":\"https:\/\/refinery89.com\/privacy-policy\/#breadcrumb\",\"itemListElement\":[{\"@type\":\"ListItem\",\"position\":1,\"name\":\"Home\",\"item\":\"https:\/\/refinery89.com\/\"},{\"@type\":\"ListItem\",\"position\":2,\"name\":\"Privacy Policy\"}]},{\"@type\":\"WebSite\",\"@id\":\"https:\/\/refinery89.com\/#website\",\"url\":\"https:\/\/refinery89.com\/\",\"name\":\"Refinery89\",\"description\":\"\",\"publisher\":{\"@id\":\"https:\/\/refinery89.com\/#organization\"},\"potentialAction\":[{\"@type\":\"SearchAction\",\"target\":{\"@type\":\"EntryPoint\",\"urlTemplate\":\"https:\/\/refinery89.com\/?s={search_term_string}\"},\"query-input\":{\"@type\":\"PropertyValueSpecification\",\"valueRequired\":true,\"valueName\":\"search_term_string\"}}],\"inLanguage\":\"it-IT\"},{\"@type\":\"Organization\",\"@id\":\"https:\/\/refinery89.com\/#organization\",\"name\":\"Refinery89\",\"alternateName\":\"R89\",\"url\":\"https:\/\/refinery89.com\/\",\"logo\":{\"@type\":\"ImageObject\",\"inLanguage\":\"it-IT\",\"@id\":\"https:\/\/refinery89.com\/#\/schema\/logo\/image\/\",\"url\":\"https:\/\/refinery89.com\/wp-content\/uploads\/2025\/08\/r89-thumbnail.png\",\"contentUrl\":\"https:\/\/refinery89.com\/wp-content\/uploads\/2025\/08\/r89-thumbnail.png\",\"width\":200,\"height\":200,\"caption\":\"Refinery89\"},\"image\":{\"@id\":\"https:\/\/refinery89.com\/#\/schema\/logo\/image\/\"},\"sameAs\":[\"https:\/\/www.facebook.com\/Refinery89\/\",\"https:\/\/x.com\/refinery89\",\"https:\/\/www.linkedin.com\/company\/refinery89\/\",\"https:\/\/www.youtube.com\/@refinery89\",\"https:\/\/www.instagram.com\/refinery_89\/\",\"https:\/\/www.reddit.com\/user\/Refinery89\/\",\"https:\/\/share.google\/K8hFf3ktmUrTi1XCa\"]}]}<\/script>\n<!-- \/ Yoast SEO plugin. -->","yoast_head_json":{"title":"Privacy Policy | Refinery89","description":"Benvenuto nella pagina della Politica sulla privacy di refinery89.com. Hai bisogno di aiuto? Contattaci","robots":{"index":"noindex","follow":"nofollow"},"og_locale":"it_IT","og_type":"article","og_title":"Privacy Policy | Refinery89","og_description":"Welcome to the Privacy Policy page for refinery89.com. Need help with anything? Get in touch with us and let us know","og_url":"https:\/\/refinery89.com\/it\/politica-sulla-privacy\/","og_site_name":"Refinery89","article_publisher":"https:\/\/www.facebook.com\/Refinery89\/","article_modified_time":"2026-01-13T15:24:13+00:00","og_image":[{"width":200,"height":200,"url":"https:\/\/refinery89.com\/wp-content\/uploads\/2025\/08\/r89-thumbnail.png","type":"image\/png"}],"twitter_card":"summary_large_image","twitter_site":"@refinery89","twitter_misc":{"Tempo di lettura stimato":"7 minuti"},"schema":{"@context":"https:\/\/schema.org","@graph":[{"@type":"WebPage","@id":"https:\/\/refinery89.com\/privacy-policy\/","url":"https:\/\/refinery89.com\/privacy-policy\/","name":"Privacy Policy | Refinery89","isPartOf":{"@id":"https:\/\/refinery89.com\/#website"},"datePublished":"2023-04-03T15:24:20+00:00","dateModified":"2026-01-13T15:24:13+00:00","description":"Benvenuto nella pagina della Politica sulla privacy di refinery89.com. Hai bisogno di aiuto? Contattaci","breadcrumb":{"@id":"https:\/\/refinery89.com\/privacy-policy\/#breadcrumb"},"inLanguage":"it-IT","potentialAction":[{"@type":"ReadAction","target":["https:\/\/refinery89.com\/privacy-policy\/"]}]},{"@type":"BreadcrumbList","@id":"https:\/\/refinery89.com\/privacy-policy\/#breadcrumb","itemListElement":[{"@type":"ListItem","position":1,"name":"Home","item":"https:\/\/refinery89.com\/"},{"@type":"ListItem","position":2,"name":"Privacy Policy"}]},{"@type":"WebSite","@id":"https:\/\/refinery89.com\/#website","url":"https:\/\/refinery89.com\/","name":"Refinery89","description":"","publisher":{"@id":"https:\/\/refinery89.com\/#organization"},"potentialAction":[{"@type":"SearchAction","target":{"@type":"EntryPoint","urlTemplate":"https:\/\/refinery89.com\/?s={search_term_string}"},"query-input":{"@type":"PropertyValueSpecification","valueRequired":true,"valueName":"search_term_string"}}],"inLanguage":"it-IT"},{"@type":"Organization","@id":"https:\/\/refinery89.com\/#organization","name":"Refinery89","alternateName":"R89","url":"https:\/\/refinery89.com\/","logo":{"@type":"ImageObject","inLanguage":"it-IT","@id":"https:\/\/refinery89.com\/#\/schema\/logo\/image\/","url":"https:\/\/refinery89.com\/wp-content\/uploads\/2025\/08\/r89-thumbnail.png","contentUrl":"https:\/\/refinery89.com\/wp-content\/uploads\/2025\/08\/r89-thumbnail.png","width":200,"height":200,"caption":"Refinery89"},"image":{"@id":"https:\/\/refinery89.com\/#\/schema\/logo\/image\/"},"sameAs":["https:\/\/www.facebook.com\/Refinery89\/","https:\/\/x.com\/refinery89","https:\/\/www.linkedin.com\/company\/refinery89\/","https:\/\/www.youtube.com\/@refinery89","https:\/\/www.instagram.com\/refinery_89\/","https:\/\/www.reddit.com\/user\/Refinery89\/","https:\/\/share.google\/K8hFf3ktmUrTi1XCa"]}]}},"_links":{"self":[{"href":"https:\/\/refinery89.com\/it\/wp-json\/wp\/v2\/pages\/4811","targetHints":{"allow":["GET"]}}],"collection":[{"href":"https:\/\/refinery89.com\/it\/wp-json\/wp\/v2\/pages"}],"about":[{"href":"https:\/\/refinery89.com\/it\/wp-json\/wp\/v2\/types\/page"}],"author":[{"embeddable":true,"href":"https:\/\/refinery89.com\/it\/wp-json\/wp\/v2\/users\/12"}],"replies":[{"embeddable":true,"href":"https:\/\/refinery89.com\/it\/wp-json\/wp\/v2\/comments?post=4811"}],"version-history":[{"count":0,"href":"https:\/\/refinery89.com\/it\/wp-json\/wp\/v2\/pages\/4811\/revisions"}],"wp:attachment":[{"href":"https:\/\/refinery89.com\/it\/wp-json\/wp\/v2\/media?parent=4811"}],"curies":[{"name":"wp","href":"https:\/\/api.w.org\/{rel}","templated":true}]}}