{"id":9122,"date":"2024-05-07T14:49:39","date_gmt":"2024-05-07T12:49:39","guid":{"rendered":"https:\/\/refinery89.com\/?page_id=9122"},"modified":"2026-01-13T16:24:40","modified_gmt":"2026-01-13T15:24:40","slug":"avis-legal","status":"publish","type":"page","link":"https:\/\/refinery89.com\/fr\/legal-notice\/","title":{"rendered":"Mentions L\u00e9gales"},"content":{"rendered":"<div data-elementor-type=\"wp-page\" data-elementor-id=\"9122\" class=\"elementor elementor-9122\" data-elementor-post-type=\"page\">\n\t\t\t\t\t\t<section class=\"elementor-section elementor-top-section elementor-element elementor-element-61e95cc elementor-section-content-middle elementor-section-boxed elementor-section-height-default elementor-section-height-default\" data-id=\"61e95cc\" data-element_type=\"section\" data-e-type=\"section\">\n\t\t\t\t\t\t<div class=\"elementor-container elementor-column-gap-default\">\n\t\t\t\t\t<div class=\"elementor-column elementor-col-100 elementor-top-column elementor-element elementor-element-2d8ee26\" data-id=\"2d8ee26\" data-element_type=\"column\" data-e-type=\"column\">\n\t\t\t<div class=\"elementor-widget-wrap elementor-element-populated\">\n\t\t\t\t\t\t<div class=\"elementor-element elementor-element-cb8161d elementor-widget__width-initial elementor-invisible elementor-widget elementor-widget-text-editor\" data-id=\"cb8161d\" data-element_type=\"widget\" data-e-type=\"widget\" data-settings=\"{&quot;_animation&quot;:&quot;fadeInUp&quot;,&quot;_animation_delay&quot;:400}\" data-widget_type=\"text-editor.default\">\n\t\t\t\t<div class=\"elementor-widget-container\">\n\t\t\t\t\t\t\t\t\t<p>Conform\u00e9ment au devoir d'information contenu \u00e0 l'article 10 de la Loi 34\/2002, du 11 juillet, sur les services de la soci\u00e9t\u00e9 de l'information et du commerce \u00e9lectronique (LSSICE), le propri\u00e9taire du site Web vous informe des \u00e9l\u00e9ments suivants :<\/p><ul><li><span style=\"background-color: transparent;\">Nom de l'entreprise : Refinery89, form\u00e9e par Refinery89 B.V. et Refinery89, S.L.<\/span><\/li><li>Identifiants fiscaux : NL861870827B01 \/ ESB67730606<\/li><li>Adresse : IJburglaan 634E 1087 CE Amsterdam (Pays-Bas) \/ Calle De Francisco Salas, 24, 28039 \u2013 Madrid (Espagne)<\/li><li>Enregistr\u00e9e en Espagne au Registre du commerce de Valence dans le Volume 11092, folio 132, section 8, num\u00e9ro de page 201781, entr\u00e9e 2.<\/li><\/ul><div>\u00a0<\/div><p>Dans les limites \u00e9tablies par la loi, Refinery89 n'assume aucune responsabilit\u00e9 pour le manque de v\u00e9racit\u00e9, d'exhaustivit\u00e9, de mise \u00e0 jour et d'exactitude des donn\u00e9es ou informations contenues dans ses pages web.<\/p><p>Les contenus et informations ne lient pas Refinery89 et ne constituent pas des opinions, des conseils ou des avis juridiques d'aucune sorte, car ils ne sont qu'un service offert \u00e0 des fins d'information et de diffusion.<\/p><p>Les pages Internet de Refinery89 peuvent contenir des liens vers d'autres pages de tiers sur lesquelles Refinery89 n'a aucun contr\u00f4le. Par cons\u00e9quent, Refinery89 ne peut assumer la responsabilit\u00e9 du contenu qui peut appara\u00eetre sur les sites tiers.<\/p><p>Les textes, images, sons, animations, logiciels et autres contenus inclus dans ce site Web sont la propri\u00e9t\u00e9 exclusive de Refinery89 ou de ses conc\u00e9dants de licence. Tout acte de transmission, distribution, transfert, reproduction, stockage ou communication publique totale ou partielle doit avoir le consentement expr\u00e8s de Refinery89.<\/p><p>De m\u00eame, pour acc\u00e9der \u00e0 certains des services offerts par Refinery89 via le site Web, vous devez fournir certaines donn\u00e9es personnelles. Conform\u00e9ment aux dispositions du R\u00e8glement (UE) 2016\/679 du Parlement europ\u00e9en et du Conseil du 27 avril 2016 relatif \u00e0 la protection des personnes physiques \u00e0 l'\u00e9gard du traitement des donn\u00e9es \u00e0 caract\u00e8re personnel et \u00e0 la libre circulation de ces donn\u00e9es, nous vous informons que, en remplissant ces formulaires, vos donn\u00e9es personnelles seront incorpor\u00e9es et trait\u00e9es dans les fichiers de Refinery89 afin de pouvoir vous fournir et vous offrir nos services ainsi que de vous informer des am\u00e9liorations apport\u00e9es au site Web.<\/p><p>Nous vous informons \u00e9galement que vous pouvez \u00e0 tout moment exercer vos droits d'acc\u00e8s, de rectification, de suppression, d'opposition, de limitation et de portabilit\u00e9 de vos donn\u00e9es personnelles, gratuitement, par e-mail \u00e0 l'adresse suivante Sandra Molina : dpo@refinery89.com ou \u00e0 l'adresse suivante : Calle De Francisco Salas, 24, 28039 \u2013 Madrid (Madrid).<\/p>\t\t\t\t\t\t\t\t<\/div>\n\t\t\t\t<\/div>\n\t\t\t\t\t<\/div>\n\t\t<\/div>\n\t\t\t\t\t<\/div>\n\t\t<\/section>\n\t\t\t\t<\/div>","protected":false},"excerpt":{"rendered":"<p>In compliance with the duty of information contained in article 10 of Law 34\/2002, of 11 July, on Information Society Services and Electronic Commerce (LSSICE), the owner of the website informs you of the following: Company name: Refinery89, formed by Refinery89 B.V. and Refinery89, S.L. TAX IDs: NL861870827B01 \/ ESB67730606 Address: IJburglaan 634E 1087 CE [&hellip;]<\/p>\n","protected":false},"author":7,"featured_media":0,"parent":0,"menu_order":0,"comment_status":"closed","ping_status":"closed","template":"","meta":{"footnotes":""},"class_list":["post-9122","page","type-page","status-publish","hentry"],"yoast_head":"<!-- This site is optimized with the Yoast SEO plugin v27.2 - https:\/\/yoast.com\/product\/yoast-seo-wordpress\/ -->\n<title>Legal Notice | Refinery89<\/title>\n<meta name=\"description\" content=\"Welcome to the Legal Notice page for refinery89.com. Need help? Get in touch with us and let us know! Refinery89\" \/>\n<meta name=\"robots\" content=\"noindex, nofollow\" \/>\n<meta property=\"og:locale\" content=\"fr_FR\" \/>\n<meta property=\"og:type\" content=\"article\" \/>\n<meta property=\"og:title\" content=\"Legal Notice | Refinery89\" \/>\n<meta property=\"og:description\" content=\"Welcome to the Legal Notice page for refinery89.com. Need help? Get in touch with us and let us know! Refinery89\" \/>\n<meta property=\"og:url\" content=\"https:\/\/refinery89.com\/fr\/avis-legal\/\" \/>\n<meta property=\"og:site_name\" content=\"Refinery89\" \/>\n<meta property=\"article:publisher\" content=\"https:\/\/www.facebook.com\/Refinery89\/\" \/>\n<meta property=\"article:modified_time\" content=\"2026-01-13T15:24:40+00:00\" \/>\n<meta property=\"og:image\" content=\"https:\/\/refinery89.com\/wp-content\/uploads\/2025\/08\/r89-thumbnail.png\" \/>\n\t<meta property=\"og:image:width\" content=\"200\" \/>\n\t<meta property=\"og:image:height\" content=\"200\" \/>\n\t<meta property=\"og:image:type\" content=\"image\/png\" \/>\n<meta name=\"twitter:card\" content=\"summary_large_image\" \/>\n<meta name=\"twitter:site\" content=\"@refinery89\" \/>\n<meta name=\"twitter:label1\" content=\"Dur\u00e9e de lecture estim\u00e9e\" \/>\n\t<meta name=\"twitter:data1\" content=\"2 minutes\" \/>\n<script type=\"application\/ld+json\" class=\"yoast-schema-graph\">{\"@context\":\"https:\/\/schema.org\",\"@graph\":[{\"@type\":\"WebPage\",\"@id\":\"https:\/\/refinery89.com\/legal-notice\/\",\"url\":\"https:\/\/refinery89.com\/legal-notice\/\",\"name\":\"Legal Notice | Refinery89\",\"isPartOf\":{\"@id\":\"https:\/\/refinery89.com\/#website\"},\"datePublished\":\"2024-05-07T12:49:39+00:00\",\"dateModified\":\"2026-01-13T15:24:40+00:00\",\"description\":\"Welcome to the Legal Notice page for refinery89.com. Need help? Get in touch with us and let us know! Refinery89\",\"breadcrumb\":{\"@id\":\"https:\/\/refinery89.com\/legal-notice\/#breadcrumb\"},\"inLanguage\":\"fr-FR\",\"potentialAction\":[{\"@type\":\"ReadAction\",\"target\":[\"https:\/\/refinery89.com\/legal-notice\/\"]}]},{\"@type\":\"BreadcrumbList\",\"@id\":\"https:\/\/refinery89.com\/legal-notice\/#breadcrumb\",\"itemListElement\":[{\"@type\":\"ListItem\",\"position\":1,\"name\":\"Home\",\"item\":\"https:\/\/refinery89.com\/\"},{\"@type\":\"ListItem\",\"position\":2,\"name\":\"Legal Notice\"}]},{\"@type\":\"WebSite\",\"@id\":\"https:\/\/refinery89.com\/#website\",\"url\":\"https:\/\/refinery89.com\/\",\"name\":\"Refinery89\",\"description\":\"\",\"publisher\":{\"@id\":\"https:\/\/refinery89.com\/#organization\"},\"potentialAction\":[{\"@type\":\"SearchAction\",\"target\":{\"@type\":\"EntryPoint\",\"urlTemplate\":\"https:\/\/refinery89.com\/?s={search_term_string}\"},\"query-input\":{\"@type\":\"PropertyValueSpecification\",\"valueRequired\":true,\"valueName\":\"search_term_string\"}}],\"inLanguage\":\"fr-FR\"},{\"@type\":\"Organization\",\"@id\":\"https:\/\/refinery89.com\/#organization\",\"name\":\"Refinery89\",\"alternateName\":\"R89\",\"url\":\"https:\/\/refinery89.com\/\",\"logo\":{\"@type\":\"ImageObject\",\"inLanguage\":\"fr-FR\",\"@id\":\"https:\/\/refinery89.com\/#\/schema\/logo\/image\/\",\"url\":\"https:\/\/refinery89.com\/wp-content\/uploads\/2025\/08\/r89-thumbnail.png\",\"contentUrl\":\"https:\/\/refinery89.com\/wp-content\/uploads\/2025\/08\/r89-thumbnail.png\",\"width\":200,\"height\":200,\"caption\":\"Refinery89\"},\"image\":{\"@id\":\"https:\/\/refinery89.com\/#\/schema\/logo\/image\/\"},\"sameAs\":[\"https:\/\/www.facebook.com\/Refinery89\/\",\"https:\/\/x.com\/refinery89\",\"https:\/\/www.linkedin.com\/company\/refinery89\/\",\"https:\/\/www.youtube.com\/@refinery89\",\"https:\/\/www.instagram.com\/refinery_89\/\",\"https:\/\/www.reddit.com\/user\/Refinery89\/\",\"https:\/\/share.google\/K8hFf3ktmUrTi1XCa\"]}]}<\/script>\n<!-- \/ Yoast SEO plugin. -->","yoast_head_json":{"title":"Legal Notice | Refinery89","description":"Bienvenue sur la page de l'Avis L\u00e9gal de refinery89.com. Besoin d'aide ? Contactez-nous","robots":{"index":"noindex","follow":"nofollow"},"og_locale":"fr_FR","og_type":"article","og_title":"Legal Notice | Refinery89","og_description":"Welcome to the Legal Notice page for refinery89.com. Need help? Get in touch with us and let us know! Refinery89","og_url":"https:\/\/refinery89.com\/fr\/avis-legal\/","og_site_name":"Refinery89","article_publisher":"https:\/\/www.facebook.com\/Refinery89\/","article_modified_time":"2026-01-13T15:24:40+00:00","og_image":[{"width":200,"height":200,"url":"https:\/\/refinery89.com\/wp-content\/uploads\/2025\/08\/r89-thumbnail.png","type":"image\/png"}],"twitter_card":"summary_large_image","twitter_site":"@refinery89","twitter_misc":{"Dur\u00e9e de lecture estim\u00e9e":"2 minutes"},"schema":{"@context":"https:\/\/schema.org","@graph":[{"@type":"WebPage","@id":"https:\/\/refinery89.com\/legal-notice\/","url":"https:\/\/refinery89.com\/legal-notice\/","name":"Legal Notice | Refinery89","isPartOf":{"@id":"https:\/\/refinery89.com\/#website"},"datePublished":"2024-05-07T12:49:39+00:00","dateModified":"2026-01-13T15:24:40+00:00","description":"Bienvenue sur la page de l'Avis L\u00e9gal de refinery89.com. Besoin d'aide ? Contactez-nous","breadcrumb":{"@id":"https:\/\/refinery89.com\/legal-notice\/#breadcrumb"},"inLanguage":"fr-FR","potentialAction":[{"@type":"ReadAction","target":["https:\/\/refinery89.com\/legal-notice\/"]}]},{"@type":"BreadcrumbList","@id":"https:\/\/refinery89.com\/legal-notice\/#breadcrumb","itemListElement":[{"@type":"ListItem","position":1,"name":"Home","item":"https:\/\/refinery89.com\/"},{"@type":"ListItem","position":2,"name":"Legal Notice"}]},{"@type":"WebSite","@id":"https:\/\/refinery89.com\/#website","url":"https:\/\/refinery89.com\/","name":"Refinery89","description":"","publisher":{"@id":"https:\/\/refinery89.com\/#organization"},"potentialAction":[{"@type":"SearchAction","target":{"@type":"EntryPoint","urlTemplate":"https:\/\/refinery89.com\/?s={search_term_string}"},"query-input":{"@type":"PropertyValueSpecification","valueRequired":true,"valueName":"search_term_string"}}],"inLanguage":"fr-FR"},{"@type":"Organization","@id":"https:\/\/refinery89.com\/#organization","name":"Refinery89","alternateName":"R89","url":"https:\/\/refinery89.com\/","logo":{"@type":"ImageObject","inLanguage":"fr-FR","@id":"https:\/\/refinery89.com\/#\/schema\/logo\/image\/","url":"https:\/\/refinery89.com\/wp-content\/uploads\/2025\/08\/r89-thumbnail.png","contentUrl":"https:\/\/refinery89.com\/wp-content\/uploads\/2025\/08\/r89-thumbnail.png","width":200,"height":200,"caption":"Refinery89"},"image":{"@id":"https:\/\/refinery89.com\/#\/schema\/logo\/image\/"},"sameAs":["https:\/\/www.facebook.com\/Refinery89\/","https:\/\/x.com\/refinery89","https:\/\/www.linkedin.com\/company\/refinery89\/","https:\/\/www.youtube.com\/@refinery89","https:\/\/www.instagram.com\/refinery_89\/","https:\/\/www.reddit.com\/user\/Refinery89\/","https:\/\/share.google\/K8hFf3ktmUrTi1XCa"]}]}},"_links":{"self":[{"href":"https:\/\/refinery89.com\/fr\/wp-json\/wp\/v2\/pages\/9122","targetHints":{"allow":["GET"]}}],"collection":[{"href":"https:\/\/refinery89.com\/fr\/wp-json\/wp\/v2\/pages"}],"about":[{"href":"https:\/\/refinery89.com\/fr\/wp-json\/wp\/v2\/types\/page"}],"author":[{"embeddable":true,"href":"https:\/\/refinery89.com\/fr\/wp-json\/wp\/v2\/users\/7"}],"replies":[{"embeddable":true,"href":"https:\/\/refinery89.com\/fr\/wp-json\/wp\/v2\/comments?post=9122"}],"version-history":[{"count":0,"href":"https:\/\/refinery89.com\/fr\/wp-json\/wp\/v2\/pages\/9122\/revisions"}],"wp:attachment":[{"href":"https:\/\/refinery89.com\/fr\/wp-json\/wp\/v2\/media?parent=9122"}],"curies":[{"name":"wp","href":"https:\/\/api.w.org\/{rel}","templated":true}]}}