{"id":4811,"date":"2023-04-03T17:24:20","date_gmt":"2023-04-03T15:24:20","guid":{"rendered":"https:\/\/refinery89.com\/?page_id=4811"},"modified":"2026-01-13T16:24:13","modified_gmt":"2026-01-13T15:24:13","slug":"politique-de-confidentialite","status":"publish","type":"page","link":"https:\/\/refinery89.com\/fr\/privacy-policy\/","title":{"rendered":"Politique de Confidentialit\u00e9"},"content":{"rendered":"<div data-elementor-type=\"wp-page\" data-elementor-id=\"4811\" class=\"elementor elementor-4811\" data-elementor-post-type=\"page\">\n\t\t\t\t\t\t<section class=\"elementor-section elementor-top-section elementor-element elementor-element-6a9582a4 elementor-section-content-middle elementor-section-boxed elementor-section-height-default elementor-section-height-default\" data-id=\"6a9582a4\" data-element_type=\"section\" data-e-type=\"section\">\n\t\t\t\t\t\t<div class=\"elementor-container elementor-column-gap-default\">\n\t\t\t\t\t<div class=\"elementor-column elementor-col-100 elementor-top-column elementor-element elementor-element-10b5268d\" data-id=\"10b5268d\" data-element_type=\"column\" data-e-type=\"column\">\n\t\t\t<div class=\"elementor-widget-wrap elementor-element-populated\">\n\t\t\t\t\t\t<div class=\"elementor-element elementor-element-6edb2c02 elementor-widget__width-initial elementor-invisible elementor-widget elementor-widget-text-editor\" data-id=\"6edb2c02\" data-element_type=\"widget\" data-e-type=\"widget\" data-settings=\"{&quot;_animation&quot;:&quot;fadeInUp&quot;,&quot;_animation_delay&quot;:400}\" data-widget_type=\"text-editor.default\">\n\t\t\t\t<div class=\"elementor-widget-container\">\n\t\t\t\t\t\t\t\t\t<div>\u00a0<\/div><div style=\"text-align: left;\"><p>Politique de confidentialit\u00e9 \u2013 Mise \u00e0 jour mai 2024<\/p><\/div><div style=\"text-align: left;\">\u00a0<\/div><div><p>Le groupe Refinery89 (Refinery89 B.V. et Refinery89, S.L.), d\u00e9sormais d\u00e9nomm\u00e9 Refinery89, en application de la l\u00e9gislation en vigueur sur la protection des donn\u00e9es personnelles, informe que les donn\u00e9es personnelles collect\u00e9es \u00e0 travers les formulaires sur le site web : https:\/\/refinery89.com\/, sont incluses dans les fichiers automatis\u00e9s sp\u00e9cifiques des utilisateurs des services de Refinery89.<\/p><p>L'objectif de la collecte et du traitement automatis\u00e9 des donn\u00e9es personnelles est le maintien de la relation commerciale et la r\u00e9alisation des activit\u00e9s d'information, de formation, de conseil et autres activit\u00e9s de Refinery89.<\/p><p>Ces donn\u00e9es ne seront transf\u00e9r\u00e9es qu'aux entit\u00e9s n\u00e9cessaires uniquement dans le but de respecter l'objectif mentionn\u00e9 ci-dessus.<\/p><p>Refinery89 adopte les mesures n\u00e9cessaires pour garantir la s\u00e9curit\u00e9, l'int\u00e9grit\u00e9 et la confidentialit\u00e9 des donn\u00e9es conform\u00e9ment aux dispositions du R\u00e8glement (UE) 2016\/679 du Parlement europ\u00e9en et du Conseil, du 27 avril 2016, relatif \u00e0 la protection des personnes physiques \u00e0 l'\u00e9gard du traitement des donn\u00e9es \u00e0 caract\u00e8re personnel et \u00e0 la libre circulation de ces donn\u00e9es, abrogeant l'ancienne LOPD, la nouvelle Loi Organique 3\/2018, du 5 d\u00e9cembre, sur la Protection des Donn\u00e9es et la Garantie des Droits Num\u00e9riques (LOPDGDDD).<\/p><p>L'utilisateur peut \u00e0 tout moment exercer les droits d'acc\u00e8s, d'opposition, de rectification, d'annulation, de limitation et de portabilit\u00e9 reconnus dans le r\u00e8glement susmentionn\u00e9 (UE). Ces droits peuvent \u00eatre exerc\u00e9s par l'utilisateur en envoyant un courriel \u00e0 Sandra Molina : dpo@refinery89.com ou \u00e0 l'adresse suivante : Calle De Francisco Salas, 24, C.P. 28039 \u2013 Madrid (Madrid).<\/p><p>L'utilisateur d\u00e9clare que toutes les donn\u00e9es qu'il\/elle fournit sont vraies et correctes, et s'engage \u00e0 les tenir \u00e0 jour, en informant Refinery89 de tout changement.<\/p><p><strong>Finalit\u00e9 du traitement des donn\u00e9es personnelles :<\/strong><\/p><p><strong>Dans quel but traiterons-nous vos donn\u00e9es personnelles ?<\/strong><\/p><p>Chez Refinery89, nous traiterons vos donn\u00e9es personnelles collect\u00e9es via le site Web : https:\/\/refinery89.com\/, aux fins suivantes :<\/p><ul><li>Envoi d'informations commerciales et de bulletins d'information sur les nouveaux services propos\u00e9s sur le site et dans le secteur.<\/li><li>Le processus d'archivage, de mise \u00e0 jour des syst\u00e8mes, de protection et de garde des informations et des bases de donn\u00e9es de l'entreprise.<\/li><li>La transmission de donn\u00e9es \u00e0 des tiers avec lesquels des contrats ont \u00e9t\u00e9 conclus \u00e0 cet effet, \u00e0 des fins commerciales, contractuelles, administratives, marketing et\/ou op\u00e9rationnelles.<\/li><li>Envoi d'informations promotionnelles par voie \u00e9lectronique.<\/li><li>Fournir les informations demand\u00e9es par l'utilisateur via le formulaire de contact.<\/li><\/ul><div>\u00a0<\/div><p>Nous vous rappelons que vous pouvez vous opposer \u00e0 l'envoi de communications commerciales par tout moyen et \u00e0 tout moment en envoyant un e-mail \u00e0 l'adresse indiqu\u00e9e ci-dessus.<\/p><p>Les champs de ces enregistrements doivent \u00eatre remplis, et il sera impossible de r\u00e9aliser les objectifs exprim\u00e9s si vous ne fournissez pas ces informations.<\/p><p><strong>Combien de temps les donn\u00e9es personnelles collect\u00e9es seront-elles conserv\u00e9es ?<\/strong><\/p><p>Les donn\u00e9es personnelles fournies seront conserv\u00e9es tant que la relation commerciale est maintenue ou que vous ne demandez pas leur suppression, ainsi que pendant la p\u00e9riode pour laquelle des responsabilit\u00e9s l\u00e9gales peuvent d\u00e9couler des services fournis.<\/p><p><strong>L\u00e9gitimation :<\/strong><\/p><p>Le traitement de vos donn\u00e9es est effectu\u00e9 sur les bases l\u00e9gales suivantes qui le l\u00e9gitiment :<\/p><ul><li>La demande d'informations et\/ou la souscription aux services de Refinery89, dont les termes et conditions vous seront fournis dans tous les cas, avant toute \u00e9ventuelle souscription.<\/li><li>Consentement libre, sp\u00e9cifique, inform\u00e9 et sans \u00e9quivoque, dans la mesure o\u00f9 nous vous informons en mettant \u00e0 votre disposition cette politique de confidentialit\u00e9, que, apr\u00e8s l'avoir lue, si vous \u00eates d'accord, vous pouvez accepter par une d\u00e9claration ou une action affirmative claire, telle que cocher une case pr\u00e9vue \u00e0 cet effet.<\/li><\/ul><div>\u00a0<\/div><p>Si vous ne nous fournissez pas vos coordonn\u00e9es, ou si vous le faites de mani\u00e8re incorrecte ou incompl\u00e8te, nous ne serons pas en mesure de traiter votre demande, rendant ainsi totalement impossible de vous fournir les informations demand\u00e9es ou de proc\u00e9der \u00e0 la souscription des services.<\/p><p><strong>Destinataires :<\/strong><\/p><p>Les donn\u00e9es ne seront pas communiqu\u00e9es \u00e0 des tiers ext\u00e9rieurs \u00e0 Refinery89, sauf obligation l\u00e9gale.<\/p><p><strong>Donn\u00e9es collect\u00e9es par les utilisateurs des services<\/strong><\/p><p>Dans les cas o\u00f9 l'utilisateur inclut des fichiers contenant des donn\u00e9es personnelles sur les serveurs d'h\u00e9bergement partag\u00e9, Refinery89 n'est pas responsable du non-respect du RGPD par l'utilisateur.<\/p><p><strong>Droits de propri\u00e9t\u00e9 intellectuelle https:\/\/refinery89.com\/<\/strong><\/p><p>Refinery89 est propri\u00e9taire de tous les droits d'auteur, droits de propri\u00e9t\u00e9 intellectuelle et industrielle, savoir-faire et autres droits li\u00e9s au contenu du site web https:\/\/refinery89.com\/ et aux services offerts, ainsi qu'aux programmes n\u00e9cessaires \u00e0 leur mise en \u0153uvre et aux informations connexes.<\/p><p>La reproduction, la publication et\/ou l'utilisation des contenus, en tout ou en partie, du site web https:\/\/refinery89.com\/, autrement que pour un usage strictement priv\u00e9, ne sont pas autoris\u00e9es sans consentement \u00e9crit pr\u00e9alable.<\/p><p><strong>Propri\u00e9t\u00e9 intellectuelle du logiciel<\/strong><\/p><p>L'utilisateur doit respecter les logiciels tiers mis \u00e0 disposition par Refinery89, m\u00eame s'ils sont gratuits et\/ou disponibles publiquement.<\/p><p>Refinery89 d\u00e9tient les droits d'exploitation et de propri\u00e9t\u00e9 intellectuelle n\u00e9cessaires du logiciel.<\/p><p>L'utilisateur n'acquiert aucun droit ni licence pour le service contract\u00e9, sur le logiciel n\u00e9cessaire \u00e0 la fourniture du service, ni sur les informations techniques pour le suivi du service, \u00e0 l'exception des droits et licences n\u00e9cessaires \u00e0 l'ex\u00e9cution des services contract\u00e9s et seulement pour la dur\u00e9e de ces derniers.<\/p><p>Pour toute action d\u00e9passant l'ex\u00e9cution du contrat, l'utilisateur aura besoin d'une autorisation \u00e9crite de Refinery89, et il est interdit \u00e0 l'utilisateur d'acc\u00e9der, de modifier, de consulter la configuration, la structure et les fichiers des serveurs appartenant \u00e0 Refinery89, en assumant la responsabilit\u00e9 civile et p\u00e9nale d\u00e9coulant de tout incident pouvant survenir dans les serveurs et les syst\u00e8mes de s\u00e9curit\u00e9 comme cons\u00e9quence directe d'une action n\u00e9gligente ou malveillante de sa part.<\/p><p><strong>Propri\u00e9t\u00e9 intellectuelle des contenus h\u00e9berg\u00e9s<\/strong><\/p><p>L'utilisation contraire \u00e0 la l\u00e9gislation sur la propri\u00e9t\u00e9 intellectuelle des services fournis par Refinery89 et, en particulier, de :<\/p><ul><li>Une utilisation contraire \u00e0 la loi espagnole ou portant atteinte aux droits des tiers.<\/li><li>La publication ou la transmission de tout contenu qui, selon l'opinion de Refinery89, est violent, obsc\u00e8ne, abusif, ill\u00e9gal, racial, x\u00e9nophobe ou diffamatoire.<\/li><li>Les cracks, les num\u00e9ros de s\u00e9rie de programmes ou tout autre contenu qui porte atteinte aux droits de propri\u00e9t\u00e9 intellectuelle de tiers.<\/li><li>La collecte et\/ou l'utilisation des donn\u00e9es personnelles d'autres utilisateurs sans leur consentement explicite ou en violation des dispositions du R\u00e8glement (UE) 2016\/679 du Parlement europ\u00e9en et du Conseil du 27 avril 2016 relatif \u00e0 la protection des personnes physiques \u00e0 l'\u00e9gard du traitement des donn\u00e9es \u00e0 caract\u00e8re personnel et \u00e0 la libre circulation de ces donn\u00e9es.<\/li><li>L'utilisation du serveur de messagerie du domaine et des adresses e-mail pour l'envoi de courriers \u00e9lectroniques en masse non sollicit\u00e9s.<\/li><\/ul><div>\u00a0<\/div><p>L'utilisateur assume l'enti\u00e8re responsabilit\u00e9 du contenu de son site web, des informations transmises et stock\u00e9es, des liens hypertextes, des revendications de tiers et des actions en justice relatives \u00e0 la propri\u00e9t\u00e9 intellectuelle, aux droits des tiers et \u00e0 la protection des mineurs.<\/p><p>L'utilisateur est responsable en ce qui concerne les lois et r\u00e8glements en vigueur et les r\u00e8gles concernant le fonctionnement du service en ligne, du commerce \u00e9lectronique, du droit d'auteur, du maintien de l'ordre public, ainsi que des principes universels d'utilisation d'Internet.<\/p><p>L'utilisateur doit indemniser Refinery89 pour les co\u00fbts engag\u00e9s par Refinery89 dans tout cas pour lequel l'utilisateur pourrait \u00eatre tenu responsable, y compris les frais juridiques et les d\u00e9penses, m\u00eame en cas de d\u00e9cision de justice non d\u00e9finitive.<\/p><p><strong>Protection des informations h\u00e9berg\u00e9es<\/strong><\/p><p>Refinery89 effectue des copies de sauvegarde des contenus h\u00e9berg\u00e9s sur ses serveurs, cependant elle ne peut \u00eatre tenue responsable de la perte ou de la suppression accidentelle de donn\u00e9es par les utilisateurs. De m\u00eame, elle ne garantit pas le remplacement total des donn\u00e9es supprim\u00e9es par les utilisateurs, car les donn\u00e9es mentionn\u00e9es pr\u00e9c\u00e9demment peuvent avoir \u00e9t\u00e9 supprim\u00e9es et\/ou modifi\u00e9es pendant la p\u00e9riode \u00e9coul\u00e9e depuis la derni\u00e8re copie de sauvegarde.<\/p><p>Les services propos\u00e9s, \u00e0 l'exception des services de sauvegarde sp\u00e9cifiques, n'incluent pas le remplacement des contenus conserv\u00e9s dans les copies de sauvegarde effectu\u00e9es par Refinery89, lorsque cette perte est imputable \u00e0 l'utilisateur ; dans ce cas, des frais seront d\u00e9termin\u00e9s en fonction de la complexit\u00e9 et du volume de la r\u00e9cup\u00e9ration, toujours avec l'acceptation pr\u00e9alable de l'utilisateur.<\/p><p>Le remplacement des donn\u00e9es supprim\u00e9es est uniquement inclus dans le prix du service lorsque la perte du contenu est due \u00e0 des causes imputables \u00e0 Refinery89.<\/p><p><strong>Communications commerciales<\/strong><\/p><p>En application de la LSSI, Refinery89 n'enverra pas de communications publicitaires ou promotionnelles par e-mail ou tout autre moyen \u00e9quivalent de communication \u00e9lectronique qui n'ont pas \u00e9t\u00e9 pr\u00e9alablement demand\u00e9es ou express\u00e9ment autoris\u00e9es par les destinataires.<\/p><p>Dans le cas des utilisateurs avec lesquels il existe une relation contractuelle pr\u00e9alable, Refinery89 est autoris\u00e9 \u00e0 envoyer des communications commerciales se r\u00e9f\u00e9rant \u00e0 des produits ou services de Refinery89 similaires \u00e0 ceux initialement contract\u00e9s avec le client.<\/p><p>En tout \u00e9tat de cause, l'utilisateur, apr\u00e8s avoir prouv\u00e9 son identit\u00e9, peut demander que plus aucune information commerciale ne lui soit envoy\u00e9e par le biais des canaux du Service Client.<\/p><\/div>\t\t\t\t\t\t\t\t<\/div>\n\t\t\t\t<\/div>\n\t\t\t\t\t<\/div>\n\t\t<\/div>\n\t\t\t\t\t<\/div>\n\t\t<\/section>\n\t\t\t\t<\/div>","protected":false},"excerpt":{"rendered":"<p>\u00a0 Privacy Policy \u2013 Updated May 2024 \u00a0 The Refinery89 Group (Refinery89 B.V and Refinery89, S.L.), from here on Refinery89, in application of current legislation on the protection of personal data, informs that the personal data collected through the forms on the website: https:\/\/refinery89.com\/, are included in the specific automated files of users of Refinery89 [&hellip;]<\/p>\n","protected":false},"author":12,"featured_media":0,"parent":0,"menu_order":0,"comment_status":"closed","ping_status":"closed","template":"","meta":{"footnotes":""},"class_list":["post-4811","page","type-page","status-publish","hentry"],"yoast_head":"<!-- This site is optimized with the Yoast SEO plugin v27.2 - https:\/\/yoast.com\/product\/yoast-seo-wordpress\/ -->\n<title>Privacy Policy | Refinery89<\/title>\n<meta name=\"description\" content=\"Welcome to the Privacy Policy page for refinery89.com. Need help with anything? Get in touch with us and let us know\" \/>\n<meta name=\"robots\" content=\"noindex, nofollow\" \/>\n<meta property=\"og:locale\" content=\"fr_FR\" \/>\n<meta property=\"og:type\" content=\"article\" \/>\n<meta property=\"og:title\" content=\"Privacy Policy | Refinery89\" \/>\n<meta property=\"og:description\" content=\"Welcome to the Privacy Policy page for refinery89.com. Need help with anything? Get in touch with us and let us know\" \/>\n<meta property=\"og:url\" content=\"https:\/\/refinery89.com\/fr\/politique-de-confidentialite\/\" \/>\n<meta property=\"og:site_name\" content=\"Refinery89\" \/>\n<meta property=\"article:publisher\" content=\"https:\/\/www.facebook.com\/Refinery89\/\" \/>\n<meta property=\"article:modified_time\" content=\"2026-01-13T15:24:13+00:00\" \/>\n<meta property=\"og:image\" content=\"https:\/\/refinery89.com\/wp-content\/uploads\/2025\/08\/r89-thumbnail.png\" \/>\n\t<meta property=\"og:image:width\" content=\"200\" \/>\n\t<meta property=\"og:image:height\" content=\"200\" \/>\n\t<meta property=\"og:image:type\" content=\"image\/png\" \/>\n<meta name=\"twitter:card\" content=\"summary_large_image\" \/>\n<meta name=\"twitter:site\" content=\"@refinery89\" \/>\n<meta name=\"twitter:label1\" content=\"Dur\u00e9e de lecture estim\u00e9e\" \/>\n\t<meta name=\"twitter:data1\" content=\"7 minutes\" \/>\n<script type=\"application\/ld+json\" class=\"yoast-schema-graph\">{\"@context\":\"https:\/\/schema.org\",\"@graph\":[{\"@type\":\"WebPage\",\"@id\":\"https:\/\/refinery89.com\/privacy-policy\/\",\"url\":\"https:\/\/refinery89.com\/privacy-policy\/\",\"name\":\"Privacy Policy | Refinery89\",\"isPartOf\":{\"@id\":\"https:\/\/refinery89.com\/#website\"},\"datePublished\":\"2023-04-03T15:24:20+00:00\",\"dateModified\":\"2026-01-13T15:24:13+00:00\",\"description\":\"Welcome to the Privacy Policy page for refinery89.com. Need help with anything? Get in touch with us and let us know\",\"breadcrumb\":{\"@id\":\"https:\/\/refinery89.com\/privacy-policy\/#breadcrumb\"},\"inLanguage\":\"fr-FR\",\"potentialAction\":[{\"@type\":\"ReadAction\",\"target\":[\"https:\/\/refinery89.com\/privacy-policy\/\"]}]},{\"@type\":\"BreadcrumbList\",\"@id\":\"https:\/\/refinery89.com\/privacy-policy\/#breadcrumb\",\"itemListElement\":[{\"@type\":\"ListItem\",\"position\":1,\"name\":\"Home\",\"item\":\"https:\/\/refinery89.com\/\"},{\"@type\":\"ListItem\",\"position\":2,\"name\":\"Privacy Policy\"}]},{\"@type\":\"WebSite\",\"@id\":\"https:\/\/refinery89.com\/#website\",\"url\":\"https:\/\/refinery89.com\/\",\"name\":\"Refinery89\",\"description\":\"\",\"publisher\":{\"@id\":\"https:\/\/refinery89.com\/#organization\"},\"potentialAction\":[{\"@type\":\"SearchAction\",\"target\":{\"@type\":\"EntryPoint\",\"urlTemplate\":\"https:\/\/refinery89.com\/?s={search_term_string}\"},\"query-input\":{\"@type\":\"PropertyValueSpecification\",\"valueRequired\":true,\"valueName\":\"search_term_string\"}}],\"inLanguage\":\"fr-FR\"},{\"@type\":\"Organization\",\"@id\":\"https:\/\/refinery89.com\/#organization\",\"name\":\"Refinery89\",\"alternateName\":\"R89\",\"url\":\"https:\/\/refinery89.com\/\",\"logo\":{\"@type\":\"ImageObject\",\"inLanguage\":\"fr-FR\",\"@id\":\"https:\/\/refinery89.com\/#\/schema\/logo\/image\/\",\"url\":\"https:\/\/refinery89.com\/wp-content\/uploads\/2025\/08\/r89-thumbnail.png\",\"contentUrl\":\"https:\/\/refinery89.com\/wp-content\/uploads\/2025\/08\/r89-thumbnail.png\",\"width\":200,\"height\":200,\"caption\":\"Refinery89\"},\"image\":{\"@id\":\"https:\/\/refinery89.com\/#\/schema\/logo\/image\/\"},\"sameAs\":[\"https:\/\/www.facebook.com\/Refinery89\/\",\"https:\/\/x.com\/refinery89\",\"https:\/\/www.linkedin.com\/company\/refinery89\/\",\"https:\/\/www.youtube.com\/@refinery89\",\"https:\/\/www.instagram.com\/refinery_89\/\",\"https:\/\/www.reddit.com\/user\/Refinery89\/\",\"https:\/\/share.google\/K8hFf3ktmUrTi1XCa\"]}]}<\/script>\n<!-- \/ Yoast SEO plugin. -->","yoast_head_json":{"title":"Privacy Policy | Refinery89","description":"Bienvenue sur la page de la Politique de confidentialit\u00e9 de refinery89.com. Besoin d'aide ? Contactez-nous","robots":{"index":"noindex","follow":"nofollow"},"og_locale":"fr_FR","og_type":"article","og_title":"Privacy Policy | Refinery89","og_description":"Welcome to the Privacy Policy page for refinery89.com. Need help with anything? Get in touch with us and let us know","og_url":"https:\/\/refinery89.com\/fr\/politique-de-confidentialite\/","og_site_name":"Refinery89","article_publisher":"https:\/\/www.facebook.com\/Refinery89\/","article_modified_time":"2026-01-13T15:24:13+00:00","og_image":[{"width":200,"height":200,"url":"https:\/\/refinery89.com\/wp-content\/uploads\/2025\/08\/r89-thumbnail.png","type":"image\/png"}],"twitter_card":"summary_large_image","twitter_site":"@refinery89","twitter_misc":{"Dur\u00e9e de lecture estim\u00e9e":"7 minutes"},"schema":{"@context":"https:\/\/schema.org","@graph":[{"@type":"WebPage","@id":"https:\/\/refinery89.com\/privacy-policy\/","url":"https:\/\/refinery89.com\/privacy-policy\/","name":"Privacy Policy | Refinery89","isPartOf":{"@id":"https:\/\/refinery89.com\/#website"},"datePublished":"2023-04-03T15:24:20+00:00","dateModified":"2026-01-13T15:24:13+00:00","description":"Bienvenue sur la page de la Politique de confidentialit\u00e9 de refinery89.com. Besoin d'aide ? Contactez-nous","breadcrumb":{"@id":"https:\/\/refinery89.com\/privacy-policy\/#breadcrumb"},"inLanguage":"fr-FR","potentialAction":[{"@type":"ReadAction","target":["https:\/\/refinery89.com\/privacy-policy\/"]}]},{"@type":"BreadcrumbList","@id":"https:\/\/refinery89.com\/privacy-policy\/#breadcrumb","itemListElement":[{"@type":"ListItem","position":1,"name":"Home","item":"https:\/\/refinery89.com\/"},{"@type":"ListItem","position":2,"name":"Privacy Policy"}]},{"@type":"WebSite","@id":"https:\/\/refinery89.com\/#website","url":"https:\/\/refinery89.com\/","name":"Refinery89","description":"","publisher":{"@id":"https:\/\/refinery89.com\/#organization"},"potentialAction":[{"@type":"SearchAction","target":{"@type":"EntryPoint","urlTemplate":"https:\/\/refinery89.com\/?s={search_term_string}"},"query-input":{"@type":"PropertyValueSpecification","valueRequired":true,"valueName":"search_term_string"}}],"inLanguage":"fr-FR"},{"@type":"Organization","@id":"https:\/\/refinery89.com\/#organization","name":"Refinery89","alternateName":"R89","url":"https:\/\/refinery89.com\/","logo":{"@type":"ImageObject","inLanguage":"fr-FR","@id":"https:\/\/refinery89.com\/#\/schema\/logo\/image\/","url":"https:\/\/refinery89.com\/wp-content\/uploads\/2025\/08\/r89-thumbnail.png","contentUrl":"https:\/\/refinery89.com\/wp-content\/uploads\/2025\/08\/r89-thumbnail.png","width":200,"height":200,"caption":"Refinery89"},"image":{"@id":"https:\/\/refinery89.com\/#\/schema\/logo\/image\/"},"sameAs":["https:\/\/www.facebook.com\/Refinery89\/","https:\/\/x.com\/refinery89","https:\/\/www.linkedin.com\/company\/refinery89\/","https:\/\/www.youtube.com\/@refinery89","https:\/\/www.instagram.com\/refinery_89\/","https:\/\/www.reddit.com\/user\/Refinery89\/","https:\/\/share.google\/K8hFf3ktmUrTi1XCa"]}]}},"_links":{"self":[{"href":"https:\/\/refinery89.com\/fr\/wp-json\/wp\/v2\/pages\/4811","targetHints":{"allow":["GET"]}}],"collection":[{"href":"https:\/\/refinery89.com\/fr\/wp-json\/wp\/v2\/pages"}],"about":[{"href":"https:\/\/refinery89.com\/fr\/wp-json\/wp\/v2\/types\/page"}],"author":[{"embeddable":true,"href":"https:\/\/refinery89.com\/fr\/wp-json\/wp\/v2\/users\/12"}],"replies":[{"embeddable":true,"href":"https:\/\/refinery89.com\/fr\/wp-json\/wp\/v2\/comments?post=4811"}],"version-history":[{"count":0,"href":"https:\/\/refinery89.com\/fr\/wp-json\/wp\/v2\/pages\/4811\/revisions"}],"wp:attachment":[{"href":"https:\/\/refinery89.com\/fr\/wp-json\/wp\/v2\/media?parent=4811"}],"curies":[{"name":"wp","href":"https:\/\/api.w.org\/{rel}","templated":true}]}}