{"id":9130,"date":"2024-05-07T16:08:55","date_gmt":"2024-05-07T14:08:55","guid":{"rendered":"https:\/\/refinery89.com\/?page_id=9130"},"modified":"2025-08-04T11:29:45","modified_gmt":"2025-08-04T09:29:45","slug":"cookies-richtlinie","status":"publish","type":"page","link":"https:\/\/refinery89.com\/de\/cookies-policy\/","title":{"rendered":"Cookie-Richtlinie"},"content":{"rendered":"<div data-elementor-type=\"wp-page\" data-elementor-id=\"9130\" class=\"elementor elementor-9130\" data-elementor-post-type=\"page\">\n\t\t\t\t\t\t<section class=\"elementor-section elementor-top-section elementor-element elementor-element-7fcffa3 elementor-section-content-middle elementor-section-boxed elementor-section-height-default elementor-section-height-default\" data-id=\"7fcffa3\" data-element_type=\"section\" data-e-type=\"section\">\n\t\t\t\t\t\t<div class=\"elementor-container elementor-column-gap-default\">\n\t\t\t\t\t<div class=\"elementor-column elementor-col-100 elementor-top-column elementor-element elementor-element-545d22d\" data-id=\"545d22d\" data-element_type=\"column\" data-e-type=\"column\">\n\t\t\t<div class=\"elementor-widget-wrap elementor-element-populated\">\n\t\t\t\t\t\t<div class=\"elementor-element elementor-element-c3179fd elementor-widget__width-initial elementor-invisible elementor-widget elementor-widget-text-editor\" data-id=\"c3179fd\" data-element_type=\"widget\" data-e-type=\"widget\" data-settings=\"{&quot;_animation&quot;:&quot;fadeInUp&quot;,&quot;_animation_delay&quot;:400}\" data-widget_type=\"text-editor.default\">\n\t\t\t\t<div class=\"elementor-widget-container\">\n\t\t\t\t\t\t\t\t\t<p>Refinery89 informiert \u00fcber die Verwendung von Cookies auf seiner Website: https:\/\/refinery89.com\/<\/p>\n<p><strong>Was sind Cookies?<\/strong><\/p>\n<p>Cookies sind Dateien, die von Websites auf Ihren Computer heruntergeladen werden k\u00f6nnen. Sie sind Werkzeuge, die eine wesentliche Rolle bei der Bereitstellung zahlreicher Dienste der Informationsgesellschaft spielen. Sie erm\u00f6glichen es unter anderem einer Website, Informationen \u00fcber die Surf-Gewohnheiten eines Benutzers oder dessen Ger\u00e4t zu speichern und abzurufen und k\u00f6nnen je nach den erhaltenen Informationen verwendet werden, um den Benutzer zu erkennen und den angebotenen Dienst zu verbessern.<\/p>\n<p><strong>Arten von Cookies<\/strong><\/p>\n<p>Je nach Entit\u00e4t, die die Domain verwaltet, von der aus die Cookies gesendet und die erhaltenen Daten verarbeitet werden, k\u00f6nnen zwei Arten unterschieden werden:<\/p>\n<ul>\n<li>First-Party-Cookies: Diese werden an das Endger\u00e4t des Nutzers von einem Computer oder einer Domain gesendet, die vom Herausgeber selbst verwaltet wird und von der der vom Nutzer angeforderte Dienst bereitgestellt wird.<\/li>\n<li>Third-Party-Cookies: Diese werden an das Endger\u00e4t des Nutzers von einem Computer oder einer Domain gesendet, die nicht vom Herausgeber verwaltet wird, sondern von einer anderen Stelle, die die durch die Cookies erhaltenen Daten verarbeitet.<\/li>\n<\/ul>\n<p>Wenn die Cookies von einem Computer oder einer Domain installiert werden, die vom Herausgeber selbst verwaltet wird, aber die \u00fcber sie gesammelten Informationen von einem Dritten verwaltet werden, k\u00f6nnen sie nicht als eigene Cookies betrachtet werden.<\/p>\n<p>Es gibt auch eine zweite Klassifizierung basierend auf der L\u00e4nge der Zeit, die sie im Browser des Clients gespeichert bleiben:<\/p>\n<ul>\n<li>Sitzungscookies: Entwickelt, um Daten zu sammeln und zu speichern, w\u00e4hrend der Benutzer auf eine Website zugreift. Sie werden in der Regel verwendet, um Informationen zu speichern, die nur interessant sind, um den vom Benutzer einmalig angeforderten Dienst bereitzustellen (z. B. eine Liste der gekauften Produkte).<\/li>\n<li>Persistente Cookies: Die Daten bleiben im Terminal gespeichert und k\u00f6nnen f\u00fcr einen Zeitraum, der vom f\u00fcr den Cookie Verantwortlichen festgelegt wird, von wenigen Minuten bis zu mehreren Jahren zug\u00e4nglich und verarbeitet werden.<\/li>\n<\/ul>\n<p>Schlie\u00dflich gibt es eine weitere Klassifizierung mit sechs Arten von Cookies, je nachdem, zu welchem Zweck die erhaltenen Daten verarbeitet werden:<\/p>\n<ul>\n<li>Technische Cookies: Diese erm\u00f6glichen es dem Benutzer, durch eine Website, Plattform oder Anwendung zu navigieren und die verschiedenen Optionen oder Dienste zu nutzen, die darin vorhanden sind, wie z. B. die Steuerung des Datenverkehrs und der Datenkommunikation, die Identifizierung der Sitzung, den Zugriff auf Teile mit eingeschr\u00e4nktem Zugang, das Erinnern an die Elemente, die eine Bestellung ausmachen, das Durchf\u00fchren des Kaufprozesses einer Bestellung, das Beantragen von Registrierungen oder die Teilnahme an einer Veranstaltung, das Verwenden von Sicherheitselementen w\u00e4hrend der Navigation, das Speichern von Inhalten f\u00fcr die Verbreitung von Videos oder Audio oder das Teilen von Inhalten \u00fcber soziale Netzwerke.<\/li>\n<li>Personalisierungs-Cookies: Diese erm\u00f6glichen es dem Benutzer, auf den Dienst mit einigen vordefinierten allgemeinen Merkmalen zuzugreifen, die auf einer Reihe von Kriterien auf dem Terminal des Benutzers basieren, wie z. B. Sprache, Typ des verwendeten Browsers, regionale Einstellungen, von denen aus der Dienst zugegriffen wird, usw.<\/li>\n<li>Analyse-Cookies: Diese erm\u00f6glichen es der f\u00fcr sie verantwortlichen Stelle, das Verhalten der Benutzer auf den Websites, mit denen sie verkn\u00fcpft sind, zu verfolgen und zu analysieren. Die \u00fcber diese Art von Cookies gesammelten Informationen werden verwendet, um die Aktivit\u00e4t der Websites, Anwendungen oder Plattformen zu messen und Browserprofile der Benutzer dieser Websites, Anwendungen und Plattformen zu erstellen, um Verbesserungen auf der Grundlage der Analyse der Nutzungsdaten einzuf\u00fchren, die von den Nutzern des Dienstes durchgef\u00fchrt werden.<\/li>\n<li>Werbe-Cookies: Diese erm\u00f6glichen das effizienteste Management von Werbefl\u00e4chen.<\/li>\n<li>Verhaltensbasierte Werbe-Cookies: Diese speichern Informationen \u00fcber das Verhalten der Benutzer, die durch kontinuierliche Beobachtung ihrer Browsergewohnheiten erhalten wurden, was die Entwicklung eines spezifischen Profils erm\u00f6glicht, um Werbung basierend darauf anzuzeigen.<\/li>\n<li>Cookies von externen sozialen Netzwerken: Diese werden verwendet, damit Besucher mit Inhalten verschiedener sozialer Plattformen interagieren k\u00f6nnen (Facebook, YouTube, X, LinkedIn usw.) und werden nur f\u00fcr Benutzer dieser sozialen Netzwerke generiert. Die Nutzungsbedingungen f\u00fcr diese Cookies und die gesammelten Informationen unterliegen der Datenschutzrichtlinie der entsprechenden sozialen Plattform.<\/li>\n<\/ul><div><br><\/div>\n<p><strong>Deaktivieren und L\u00f6schen von Cookies<\/strong><\/p>\n<p>Sie haben die M\u00f6glichkeit, die auf Ihrem Computer installierten Cookies zu erlauben, zu blockieren oder zu l\u00f6schen, indem Sie die Browseroptionen konfigurieren, die auf Ihrem Computer installiert sind. Durch das Deaktivieren von Cookies k\u00f6nnen einige der verf\u00fcgbaren Dienste m\u00f6glicherweise nicht mehr funktionieren. Die Art und Weise, wie Cookies deaktiviert werden, ist f\u00fcr jeden Browser unterschiedlich, kann jedoch in der Regel \u00fcber das Men\u00fc \"Extras\" oder \"Optionen\" erfolgen. Sie k\u00f6nnen auch das Hilfe-Men\u00fc des Browsers konsultieren, in dem Sie Anweisungen finden. Sie k\u00f6nnen jederzeit ausw\u00e4hlen, welche Cookies Sie auf dieser Website aktivieren m\u00f6chten.<\/p>\n<p>Sie k\u00f6nnen die auf Ihrem Computer installierten Cookies zulassen, blockieren oder l\u00f6schen, indem Sie die Optionen des auf Ihrem Computer installierten Browsers konfigurieren.<\/p>\n<ul>\n<li>Microsoft Internet Explorer oder Microsoft Edge: http:\/\/windows.microsoft.com\/windows-vista\/Block-or-allow-cookies<\/li>\n<li>Mozilla Firefox: http:\/\/support.mozilla.org\/kb\/impedir-que-los-sitios-web-guarden-sus-preferencia<\/li>\n<li>Chrome: https:\/\/support.google.com\/accounts\/answer\/61416?hl<\/li>\n<li>Safari: http:\/\/safari.helpmax.net\/es\/privacidad-y-seguridad\/como-gestionar-las-cookies\/<\/li>\n<li>Oper <a href=\"http:\/\/help.opera.com\/Linux\/10.60\/es-ES\/cookies.html\">http:\/\/help.opera.com\/Linux\/10.60\/es-ES\/cookies.html<\/a><\/li>\n<\/ul>\n<p>Au\u00dferdem k\u00f6nnen Sie den Cookie-Speicher in Ihrem Browser mithilfe von Tools wie den folgenden verwalten:<\/p>\n<ul>\n<li>Ghostery: www.ghostery.com<\/li>\n<li>Ihre Online-Wahlm\u00f6glichkeiten: www.youronlinechoices.com\/<\/li>\n<\/ul>\n<p>Cookies, die auf https:\/\/refinery89.com\/ verwendet werden<\/p>\n<p>Die auf diesem Portal verwendeten Cookies werden unten identifiziert, ebenso wie ihr Typ und ihre Funktion:<\/p>\n<ul>\n<li>__cmpcc\n<ul>\n<li>Dauer: 1 Jahr und 1 Monat<\/li>\n<li>Beschreibung: Dieser Cookie wird verwendet, um den Zustimmungsstatus des Benutzers f\u00fcr Cookies in der Kategorie Conform zu speichern.<\/li>\n<li>Typ: Eigene<\/li>\n<li>Zweck: Technisch<\/li>\n<\/ul>\n<\/li>\n<li>MUID\n<ul>\n<li>Dauer: 1 Jahr<\/li>\n<li>Beschreibung: Dieser Cookie wird von Microsoft weit verbreitet als eindeutige Benutzerkennung verwendet. Er kann von eingebetteten Microsoft-Skripten gesetzt werden. Es wird angenommen, dass er \u00fcber verschiedene Microsoft-Domains synchronisiert ist und das Tracking von Benutzern erm\u00f6glicht.<\/li>\n<li>Typ: Drittanbieter<\/li>\n<li>Zweck: Personalisierung<\/li>\n<\/ul>\n<\/li>\n<li>_ga\n<ul>\n<li>Dauer: 2 Jahre<\/li>\n<li>Beschreibung: Wird zur Unterscheidung von Benutzern verwendet. Generiert von Google Analytics. Google speichert die von Cookies gesammelten Informationen auf Servern in den USA, in \u00dcbereinstimmung mit der europ\u00e4ischen Gesetzgebung zum Schutz personenbezogener Daten, und verpflichtet sich, sie nicht mit Dritten zu teilen, es sei denn, dies ist gesetzlich vorgeschrieben oder f\u00fcr den Betrieb des Systems erforderlich. Google verkn\u00fcpft Ihre IP-Adresse nicht mit anderen von Google gespeicherten Informationen. Wenn Sie weitere Informationen zu den von Google Analytics verwendeten Cookies w\u00fcnschen, besuchen Sie bitte diese Adresse: https:\/\/developers.google.com\/analytics\/devguides\/collection\/analyticsjs\/cookie-usage?hl=es&amp;csw=1<\/li>\n<li>Typ: Drittanbieter<\/li>\n<li>Zweck: Analyse<\/li>\n<\/ul>\n<\/li>\n<li>_gat\n<ul>\n<li>Dauer: 1 Minute<\/li>\n<li>Beschreibung: Wird verwendet, um unsere Werbung auf anderen Seiten des Google-Netzwerks anzuzeigen. Generiert von Google Analytics. Google speichert die von Cookies gesammelten Informationen auf Servern in den USA, in \u00dcbereinstimmung mit der europ\u00e4ischen Gesetzgebung zum Schutz personenbezogener Daten, und verpflichtet sich, sie nicht mit Dritten zu teilen, es sei denn, dies ist gesetzlich vorgeschrieben oder f\u00fcr den Betrieb des Systems erforderlich. Google verkn\u00fcpft Ihre IP-Adresse nicht mit anderen von Google gespeicherten Informationen. Wenn Sie weitere Informationen zu den von Google Analytics verwendeten Cookies w\u00fcnschen, besuchen Sie bitte diese Adresse: https:\/\/developers.google.com\/analytics\/devguides\/collection\/analyticsjs\/cookie-usage?hl=es&amp;csw=1<\/li>\n<li>Typ: Drittanbieter<\/li>\n<li>Zweck: Verhaltensbezogene Werbung<\/li>\n<\/ul>\n<\/li>\n<li>_gid\n<ul>\n<li>Dauer: 24 Stunden<\/li>\n<li>Beschreibung: Generiert von Google Analytics. Google speichert die von Cookies gesammelten Informationen auf Servern in den USA, in \u00dcbereinstimmung mit der europ\u00e4ischen Gesetzgebung zum Schutz personenbezogener Daten, und verpflichtet sich, sie nicht mit Dritten zu teilen, es sei denn, dies ist gesetzlich vorgeschrieben oder f\u00fcr den Betrieb des Systems erforderlich. Google verkn\u00fcpft Ihre IP-Adresse nicht mit anderen von Google gespeicherten Informationen. Wenn Sie weitere Informationen zu den von Google Analytics verwendeten Cookies w\u00fcnschen, besuchen Sie bitte diese Adresse: https:\/\/developers.google.com\/analytics\/devguides\/collection\/analyticsjs\/cookie-usage?hl=es&amp;csw<\/li>\n<li>Typ: Drittanbieter<\/li>\n<li>Zweck: Verhaltensbezogene Werbung<\/li>\n<\/ul>\n<\/li>\n<li>ANONCHK\n<ul>\n<li>Dauer: 10 Minuten<\/li>\n<li>Beschreibung: Dieses Cookie \u00fcbermittelt Informationen dar\u00fcber, wie der Endbenutzer die Website nutzt und welche Werbung der Endbenutzer m\u00f6glicherweise vor dem Besuch dieser Website gesehen hat.<\/li>\n<li>Typ: Drittanbieter<\/li>\n<li>Zweck: Analyse<\/li>\n<\/ul>\n<\/li>\n<li>XANDR_PANID\n<ul>\n<li>Dauer: 3 Monate<\/li>\n<li>Beschreibung: Dieses Cookie wird verwendet, um Anzeigen zu liefern, die f\u00fcr Sie und Ihre Interessen relevanter sind. Es wird auch verwendet, um die Anzahl der Anzeigen zu begrenzen, die Sie sehen, sowie um die Wirksamkeit der Werbekampagne zu messen.<\/li>\n<li>Typ: Drittanbieter<\/li>\n<li>Zweck: Analyse<\/li>\n<\/ul>\n<\/li>\n<li>CLID\n<ul>\n<li>Dauer: 1 Jahr<\/li>\n<li>Beschreibung: Dieses Cookie wird typischerweise von Dstillery gesetzt, um Multimedia-Inhalte in sozialen Netzwerken teilen zu k\u00f6nnen. Es kann auch Informationen \u00fcber Website-Besucher sammeln, wenn sie soziale Medien verwenden, um Inhalte von der besuchten Seite zu teilen.<\/li>\n<li>Typ: Drittanbieter<\/li>\n<li>Zweck: Analyse<\/li>\n<\/ul>\n<\/li>\n<li>uuid2\n<ul>\n<li>Dauer: 3 Monate<\/li>\n<li>Beschreibung: Dieses Cookie erm\u00f6glicht zielgerichtete Werbung \u00fcber die AppNexus-Plattform: Es sammelt anonyme Daten zu Anzeigenbesuchen, IP-Adressen, Seitenaufrufen usw.<\/li>\n<li>Typ: Drittanbieter<\/li>\n<li>Zweck: Analyse<\/li>\n<\/ul>\n<\/li>\n<li>Anj\n<ul>\n<li>Dauer: 3 Monate<\/li>\n<li>Dieses Cookie enth\u00e4lt Daten, die anzeigen, ob eine Cookie-ID mit einem Partner von AppNexus synchronisiert ist.<\/li>\n<li>Typ: Drittanbieter<\/li>\n<li>Zweck: Analyse<\/li>\n<\/ul>\n<\/li>\n<li>Herr\n<ul>\n<li>Dauer: 7 Tage<\/li>\n<li>Beschreibung: Dies ist ein Microsoft MSN 1st-Party-Cookie, das wir zur Messung der Website-Nutzung zu internen Analysezwecken verwenden.<\/li>\n<li>Typ: Drittanbieter<\/li>\n<li>Zweck: Analyse<\/li>\n<\/ul>\n<\/li>\n<li>SRM_B\n<ul>\n<li>Dauer: 1 Jahr<\/li>\n<li>Beschreibung: Dies ist ein Microsoft MSN 1st-Party-Cookie, das wir zur Messung der Website-Nutzung zu internen Analysezwecken verwenden.<\/li>\n<li>Typ: Drittanbieter<\/li>\n<li>Zweck: Analyse<\/li>\n<\/ul>\n<\/li>\n<li>SM\n<ul>\n<li>Dauer: 1 Jahr<\/li>\n<li>Beschreibung: Dies ist ein Microsoft MSN 1st-Party-Cookie, das wir zur Messung der Nutzung der Website zu internen Analysezwecken verwenden.<\/li>\n<li>Typ: Drittanbieter<\/li>\n<li>Zweck: Analyse<\/li>\n<\/ul>\n<\/li>\n<li>trp_sprache\n<ul>\n<li>Dauer: 1 Monat<\/li>\n<li>Beschreibung:<\/li>\n<li>Typ: Eigene<\/li>\n<li>Zweck: Technisch<\/li>\n<\/ul>\n<\/li>\n<li>__cmpconsentx84471\n<ul>\n<li>Dauer: 14 Tage<\/li>\n<li>Beschreibung:<\/li>\n<li>Typ: Eigene<\/li>\n<li>Zweck: Technisch<\/li>\n<\/ul>\n<\/li>\n<li>__cmpconsentx84471\n<ul>\n<li>Dauer: 14 Tage<\/li>\n<li>Beschreibung:<\/li>\n<li>Typ: Eigene<\/li>\n<li>Zweck: Technisch<\/li>\n<\/ul>\n<\/li>\n<li>__cmpcccx84471\n<ul>\n<li>Dauer: 14 Tage<\/li>\n<li>Beschreibung:<\/li>\n<li>Typ: Eigene<\/li>\n<li>Zweck: Technisch<\/li>\n<\/ul>\n<\/li>\n<li>_gac_\n<ul>\n<li>Dauer: 90 Tage<\/li>\n<li>Beschreibung: Enth\u00e4lt Kampagneninformationen zum Benutzer. Wenn Sie Ihre Google Analytics- und Ads-Konten verkn\u00fcpft haben, werden Website-Konvertierungstags dieses Cookie lesen, es sei denn, Sie deaktivieren es.<\/li>\n<li>Typ: Drittanbieter<\/li>\n<li>Zweck: Analyse<\/li>\n<\/ul>\n<\/li>\n<\/ul>\n<p>https:\/\/refinery89.com\/ zeigt bei jedem Login Informationen zu seiner Cookie-Richtlinie oben oder unten auf jeder Seite der Website an.<\/p>\n<p>Angesichts dieser Informationen k\u00f6nnen folgende Aktionen durchgef\u00fchrt werden:<\/p>\n<ul>\n<li>Cookies akzeptieren: Diese Warnung wird w\u00e4hrend der aktuellen Sitzung nicht mehr angezeigt, wenn eine Seite des Portals aufgerufen wird.<\/li>\n<li>Ihre Konfiguration \u00e4ndern\/anpassen: Sie k\u00f6nnen weitere Informationen dar\u00fcber erhalten, was Cookies sind, die Cookie-Richtlinie von: https:\/\/refinery89.com\/ einsehen und die Konfiguration Ihres Browsers \u00e4ndern.<\/li>\n<\/ul>\t\t\t\t\t\t\t\t<\/div>\n\t\t\t\t<\/div>\n\t\t\t\t\t<\/div>\n\t\t<\/div>\n\t\t\t\t\t<\/div>\n\t\t<\/section>\n\t\t\t\t<\/div>","protected":false},"excerpt":{"rendered":"<p>Refinery89 informs about the use of cookies on its website: https:\/\/refinery89.com\/ What are cookies? Cookies are files that can be downloaded to your computer by websites. They are tools that play an essential role in the provision of numerous information society services. Among other things, they allow a website to store and retrieve information about [&hellip;]<\/p>\n","protected":false},"author":7,"featured_media":0,"parent":0,"menu_order":0,"comment_status":"closed","ping_status":"closed","template":"","meta":{"footnotes":""},"class_list":["post-9130","page","type-page","status-publish","hentry"],"yoast_head":"<!-- This site is optimized with the Yoast SEO plugin v27.2 - https:\/\/yoast.com\/product\/yoast-seo-wordpress\/ -->\n<title>Cookies Policy | Refinery89<\/title>\n<meta name=\"description\" content=\"Learn about how Refinery89 uses cookies to enhance your experience, improve our services, and ensure compliance with privacy regulations\" \/>\n<meta name=\"robots\" content=\"noindex, nofollow\" \/>\n<meta property=\"og:locale\" content=\"de_DE\" \/>\n<meta property=\"og:type\" content=\"article\" \/>\n<meta property=\"og:title\" content=\"Cookies Policy | Refinery89\" \/>\n<meta property=\"og:description\" content=\"Learn about how Refinery89 uses cookies to enhance your experience, improve our services, and ensure compliance with privacy regulations\" \/>\n<meta property=\"og:url\" content=\"https:\/\/refinery89.com\/de\/cookies-richtlinie\/\" \/>\n<meta property=\"og:site_name\" content=\"Refinery89\" \/>\n<meta property=\"article:publisher\" content=\"https:\/\/www.facebook.com\/Refinery89\/\" \/>\n<meta property=\"article:modified_time\" content=\"2025-08-04T09:29:45+00:00\" \/>\n<meta property=\"og:image\" content=\"https:\/\/refinery89.com\/wp-content\/uploads\/2025\/08\/r89-thumbnail.png\" \/>\n\t<meta property=\"og:image:width\" content=\"200\" \/>\n\t<meta property=\"og:image:height\" content=\"200\" \/>\n\t<meta property=\"og:image:type\" content=\"image\/png\" \/>\n<meta name=\"twitter:card\" content=\"summary_large_image\" \/>\n<meta name=\"twitter:site\" content=\"@refinery89\" \/>\n<meta name=\"twitter:label1\" content=\"Gesch\u00e4tzte Lesezeit\" \/>\n\t<meta name=\"twitter:data1\" content=\"8\u00a0Minuten\" \/>\n<script type=\"application\/ld+json\" class=\"yoast-schema-graph\">{\"@context\":\"https:\/\/schema.org\",\"@graph\":[{\"@type\":\"WebPage\",\"@id\":\"https:\/\/refinery89.com\/cookies-policy\/\",\"url\":\"https:\/\/refinery89.com\/cookies-policy\/\",\"name\":\"Cookies Policy | Refinery89\",\"isPartOf\":{\"@id\":\"https:\/\/refinery89.com\/#website\"},\"datePublished\":\"2024-05-07T14:08:55+00:00\",\"dateModified\":\"2025-08-04T09:29:45+00:00\",\"description\":\"Learn about how Refinery89 uses cookies to enhance your experience, improve our services, and ensure compliance with privacy regulations\",\"breadcrumb\":{\"@id\":\"https:\/\/refinery89.com\/cookies-policy\/#breadcrumb\"},\"inLanguage\":\"de\",\"potentialAction\":[{\"@type\":\"ReadAction\",\"target\":[\"https:\/\/refinery89.com\/cookies-policy\/\"]}]},{\"@type\":\"BreadcrumbList\",\"@id\":\"https:\/\/refinery89.com\/cookies-policy\/#breadcrumb\",\"itemListElement\":[{\"@type\":\"ListItem\",\"position\":1,\"name\":\"Home\",\"item\":\"https:\/\/refinery89.com\/\"},{\"@type\":\"ListItem\",\"position\":2,\"name\":\"Cookies Policy\"}]},{\"@type\":\"WebSite\",\"@id\":\"https:\/\/refinery89.com\/#website\",\"url\":\"https:\/\/refinery89.com\/\",\"name\":\"Refinery89\",\"description\":\"\",\"publisher\":{\"@id\":\"https:\/\/refinery89.com\/#organization\"},\"potentialAction\":[{\"@type\":\"SearchAction\",\"target\":{\"@type\":\"EntryPoint\",\"urlTemplate\":\"https:\/\/refinery89.com\/?s={search_term_string}\"},\"query-input\":{\"@type\":\"PropertyValueSpecification\",\"valueRequired\":true,\"valueName\":\"search_term_string\"}}],\"inLanguage\":\"de\"},{\"@type\":\"Organization\",\"@id\":\"https:\/\/refinery89.com\/#organization\",\"name\":\"Refinery89\",\"alternateName\":\"R89\",\"url\":\"https:\/\/refinery89.com\/\",\"logo\":{\"@type\":\"ImageObject\",\"inLanguage\":\"de\",\"@id\":\"https:\/\/refinery89.com\/#\/schema\/logo\/image\/\",\"url\":\"https:\/\/refinery89.com\/wp-content\/uploads\/2025\/08\/r89-thumbnail.png\",\"contentUrl\":\"https:\/\/refinery89.com\/wp-content\/uploads\/2025\/08\/r89-thumbnail.png\",\"width\":200,\"height\":200,\"caption\":\"Refinery89\"},\"image\":{\"@id\":\"https:\/\/refinery89.com\/#\/schema\/logo\/image\/\"},\"sameAs\":[\"https:\/\/www.facebook.com\/Refinery89\/\",\"https:\/\/x.com\/refinery89\",\"https:\/\/www.linkedin.com\/company\/refinery89\/\",\"https:\/\/www.youtube.com\/@refinery89\",\"https:\/\/www.instagram.com\/refinery_89\/\",\"https:\/\/www.reddit.com\/user\/Refinery89\/\",\"https:\/\/share.google\/K8hFf3ktmUrTi1XCa\"]}]}<\/script>\n<!-- \/ Yoast SEO plugin. -->","yoast_head_json":{"title":"Cookie-Richtlinie | Refinery89","description":"Erfahren Sie, wie Refinery89 Cookies verwendet, um Ihre Erfahrung zu verbessern, unsere Dienstleistungen zu optimieren und die Einhaltung der Datenschutzbestimmungen sicherzustellen","robots":{"index":"noindex","follow":"nofollow"},"og_locale":"de_DE","og_type":"article","og_title":"Cookies Policy | Refinery89","og_description":"Learn about how Refinery89 uses cookies to enhance your experience, improve our services, and ensure compliance with privacy regulations","og_url":"https:\/\/refinery89.com\/de\/cookies-richtlinie\/","og_site_name":"Refinery89","article_publisher":"https:\/\/www.facebook.com\/Refinery89\/","article_modified_time":"2025-08-04T09:29:45+00:00","og_image":[{"width":200,"height":200,"url":"https:\/\/refinery89.com\/wp-content\/uploads\/2025\/08\/r89-thumbnail.png","type":"image\/png"}],"twitter_card":"summary_large_image","twitter_site":"@refinery89","twitter_misc":{"Gesch\u00e4tzte Lesezeit":"8\u00a0Minuten"},"schema":{"@context":"https:\/\/schema.org","@graph":[{"@type":"WebPage","@id":"https:\/\/refinery89.com\/cookies-policy\/","url":"https:\/\/refinery89.com\/cookies-policy\/","name":"Cookie-Richtlinie | Refinery89","isPartOf":{"@id":"https:\/\/refinery89.com\/#website"},"datePublished":"2024-05-07T14:08:55+00:00","dateModified":"2025-08-04T09:29:45+00:00","description":"Erfahren Sie, wie Refinery89 Cookies verwendet, um Ihre Erfahrung zu verbessern, unsere Dienstleistungen zu optimieren und die Einhaltung der Datenschutzbestimmungen sicherzustellen","breadcrumb":{"@id":"https:\/\/refinery89.com\/cookies-policy\/#breadcrumb"},"inLanguage":"de","potentialAction":[{"@type":"ReadAction","target":["https:\/\/refinery89.com\/cookies-policy\/"]}]},{"@type":"BreadcrumbList","@id":"https:\/\/refinery89.com\/cookies-policy\/#breadcrumb","itemListElement":[{"@type":"ListItem","position":1,"name":"Home","item":"https:\/\/refinery89.com\/"},{"@type":"ListItem","position":2,"name":"Cookies Policy"}]},{"@type":"WebSite","@id":"https:\/\/refinery89.com\/#website","url":"https:\/\/refinery89.com\/","name":"Refinery89","description":"","publisher":{"@id":"https:\/\/refinery89.com\/#organization"},"potentialAction":[{"@type":"SearchAction","target":{"@type":"EntryPoint","urlTemplate":"https:\/\/refinery89.com\/?s={search_term_string}"},"query-input":{"@type":"PropertyValueSpecification","valueRequired":true,"valueName":"search_term_string"}}],"inLanguage":"de"},{"@type":"Organization","@id":"https:\/\/refinery89.com\/#organization","name":"Refinery89","alternateName":"R89","url":"https:\/\/refinery89.com\/","logo":{"@type":"ImageObject","inLanguage":"de","@id":"https:\/\/refinery89.com\/#\/schema\/logo\/image\/","url":"https:\/\/refinery89.com\/wp-content\/uploads\/2025\/08\/r89-thumbnail.png","contentUrl":"https:\/\/refinery89.com\/wp-content\/uploads\/2025\/08\/r89-thumbnail.png","width":200,"height":200,"caption":"Refinery89"},"image":{"@id":"https:\/\/refinery89.com\/#\/schema\/logo\/image\/"},"sameAs":["https:\/\/www.facebook.com\/Refinery89\/","https:\/\/x.com\/refinery89","https:\/\/www.linkedin.com\/company\/refinery89\/","https:\/\/www.youtube.com\/@refinery89","https:\/\/www.instagram.com\/refinery_89\/","https:\/\/www.reddit.com\/user\/Refinery89\/","https:\/\/share.google\/K8hFf3ktmUrTi1XCa"]}]}},"_links":{"self":[{"href":"https:\/\/refinery89.com\/de\/wp-json\/wp\/v2\/pages\/9130","targetHints":{"allow":["GET"]}}],"collection":[{"href":"https:\/\/refinery89.com\/de\/wp-json\/wp\/v2\/pages"}],"about":[{"href":"https:\/\/refinery89.com\/de\/wp-json\/wp\/v2\/types\/page"}],"author":[{"embeddable":true,"href":"https:\/\/refinery89.com\/de\/wp-json\/wp\/v2\/users\/7"}],"replies":[{"embeddable":true,"href":"https:\/\/refinery89.com\/de\/wp-json\/wp\/v2\/comments?post=9130"}],"version-history":[{"count":0,"href":"https:\/\/refinery89.com\/de\/wp-json\/wp\/v2\/pages\/9130\/revisions"}],"wp:attachment":[{"href":"https:\/\/refinery89.com\/de\/wp-json\/wp\/v2\/media?parent=9130"}],"curies":[{"name":"wp","href":"https:\/\/api.w.org\/{rel}","templated":true}]}}