{"id":4811,"date":"2023-04-03T17:24:20","date_gmt":"2023-04-03T15:24:20","guid":{"rendered":"https:\/\/refinery89.com\/?page_id=4811"},"modified":"2026-01-13T16:24:13","modified_gmt":"2026-01-13T15:24:13","slug":"datenschutzrichtlinie","status":"publish","type":"page","link":"https:\/\/refinery89.com\/de\/privacy-policy\/","title":{"rendered":"Datenschutzrichtlinien"},"content":{"rendered":"<div data-elementor-type=\"wp-page\" data-elementor-id=\"4811\" class=\"elementor elementor-4811\" data-elementor-post-type=\"page\">\n\t\t\t\t\t\t<section class=\"elementor-section elementor-top-section elementor-element elementor-element-6a9582a4 elementor-section-content-middle elementor-section-boxed elementor-section-height-default elementor-section-height-default\" data-id=\"6a9582a4\" data-element_type=\"section\" data-e-type=\"section\">\n\t\t\t\t\t\t<div class=\"elementor-container elementor-column-gap-default\">\n\t\t\t\t\t<div class=\"elementor-column elementor-col-100 elementor-top-column elementor-element elementor-element-10b5268d\" data-id=\"10b5268d\" data-element_type=\"column\" data-e-type=\"column\">\n\t\t\t<div class=\"elementor-widget-wrap elementor-element-populated\">\n\t\t\t\t\t\t<div class=\"elementor-element elementor-element-6edb2c02 elementor-widget__width-initial elementor-invisible elementor-widget elementor-widget-text-editor\" data-id=\"6edb2c02\" data-element_type=\"widget\" data-e-type=\"widget\" data-settings=\"{&quot;_animation&quot;:&quot;fadeInUp&quot;,&quot;_animation_delay&quot;:400}\" data-widget_type=\"text-editor.default\">\n\t\t\t\t<div class=\"elementor-widget-container\">\n\t\t\t\t\t\t\t\t\t<div>\u00a0<\/div><div style=\"text-align: left;\"><p>Datenschutzrichtlinie \u2013 Aktualisiert Mai 2024<\/p><\/div><div style=\"text-align: left;\">\u00a0<\/div><div><p>Die Refinery89 Gruppe (Refinery89 B.V. und Refinery89, S.L.), im Folgenden Refinery89 genannt, informiert gem\u00e4\u00df der geltenden Gesetzgebung zum Schutz personenbezogener Daten, dass die \u00fcber die Formulare auf der Website: https:\/\/refinery89.com\/ gesammelten personenbezogenen Daten in die spezifischen automatisierten Dateien der Benutzer der Refinery89-Dienste aufgenommen werden.<\/p><p>Der Zweck der Erhebung und automatisierten Verarbeitung personenbezogener Daten besteht in der Aufrechterhaltung der Gesch\u00e4ftsbeziehung sowie der Durchf\u00fchrung von Informations-, Schulungs-, Beratungs- und anderen Aktivit\u00e4ten von Refinery89.<\/p><p>Diese Daten werden nur an jene Stellen \u00fcbertragen, die ausschlie\u00dflich zu dem Zweck erforderlich sind, den oben genannten Zweck zu erf\u00fcllen.<\/p><p>Refinery89 ergreift die notwendigen Ma\u00dfnahmen, um die Sicherheit, Integrit\u00e4t und Vertraulichkeit der Daten gem\u00e4\u00df den Bestimmungen der Verordnung (EU) 2016\/679 des Europ\u00e4ischen Parlaments und des Rates vom 27. April 2016 zum Schutz nat\u00fcrlicher Personen bei der Verarbeitung personenbezogener Daten und zum freien Datenverkehr sowie zur Aufhebung der alten LOPD, dem neuen Organgesetz 3\/2018 vom 5. Dezember \u00fcber den Datenschutz und die Gew\u00e4hrleistung digitaler Rechte (LOPDGDDD), zu gew\u00e4hrleisten.<\/p><p>Der Nutzer kann jederzeit die Rechte auf Zugang, Widerspruch, Berichtigung, L\u00f6schung, Einschr\u00e4nkung und \u00dcbertragbarkeit aus\u00fcben, die in der genannten Verordnung (EU) anerkannt sind. Diese Rechte k\u00f6nnen vom Nutzer durch das Senden einer E-Mail an Sandra Molina: dpo@refinery89.com oder an folgende Adresse ausge\u00fcbt werden: Calle De Francisco Salas, 24, C.P. 28039 \u2013 Madrid (Madrid).<\/p><p>Der Nutzer erkl\u00e4rt, dass alle von ihm\/ihre bereitgestellten Daten wahr und korrekt sind und verpflichtet sich, diese aktuell zu halten und Refinery89 \u00fcber etwaige \u00c4nderungen zu informieren.<\/p><p><strong>Zweck der Verarbeitung personenbezogener Daten:<\/strong><\/p><p><strong>Zu welchem Zweck werden wir Ihre personenbezogenen Daten verarbeiten?<\/strong><\/p><p>Bei Refinery89 werden wir Ihre \u00fcber die Website https:\/\/refinery89.com\/ gesammelten personenbezogenen Daten zu folgenden Zwecken verarbeiten:<\/p><ul><li>Versenden von kommerziellen Informationen und Newslettern \u00fcber neue auf der Website angebotene Dienstleistungen und den Sektor.<\/li><li>Der Prozess der Archivierung, Aktualisierung der Systeme, Schutz und Verwahrung von Informationen und Datenbanken des Unternehmens.<\/li><li>Die \u00dcbermittlung von Daten an Dritte, mit denen zu diesem Zweck Vertr\u00e4ge abgeschlossen wurden, zu kommerziellen, vertraglichen, administrativen, Marketing- und\/oder betrieblichen Zwecken.<\/li><li>Versand von Werbeinformationen auf elektronischem Wege.<\/li><li>Bereitstellung der vom Benutzer \u00fcber das Kontaktformular angeforderten Informationen.<\/li><\/ul><div>\u00a0<\/div><p>Wir erinnern Sie daran, dass Sie jederzeit und auf beliebige Weise der Zusendung von kommerziellen Mitteilungen widersprechen k\u00f6nnen, indem Sie eine E-Mail an die oben angegebene Adresse senden.<\/p><p>Die Felder in diesen Aufzeichnungen m\u00fcssen ausgef\u00fcllt werden, und es wird unm\u00f6glich sein, die ausgedr\u00fcckten Zwecke zu erf\u00fcllen, wenn Sie diese Informationen nicht bereitstellen.<\/p><p><strong>Wie lange werden die gesammelten personenbezogenen Daten aufbewahrt?<\/strong><\/p><p>Die bereitgestellten personenbezogenen Daten werden so lange aufbewahrt, wie die Gesch\u00e4ftsbeziehung besteht oder Sie deren L\u00f6schung nicht anfordern, sowie f\u00fcr den Zeitraum, f\u00fcr den rechtliche Verantwortlichkeiten aus den erbrachten Dienstleistungen entstehen k\u00f6nnen.<\/p><p><strong>Legitimation:<\/strong><\/p><p>Die Verarbeitung Ihrer Daten erfolgt auf folgenden rechtlichen Grundlagen, die diese legitimieren:<\/p><ul><li>Die Anforderung von Informationen und\/oder die Beauftragung der Dienste von Refinery89, deren Bedingungen Ihnen in jedem Fall vor einem etwaigen Vertragsabschluss zur Verf\u00fcgung gestellt werden.<\/li><li>Freie, spezifische, informierte und eindeutige Zustimmung, insofern wir Sie informieren, indem wir Ihnen diese Datenschutzrichtlinie zur Verf\u00fcgung stellen, die, nachdem Sie sie gelesen haben, wenn Sie zustimmen, durch eine Erkl\u00e4rung oder eine klare bejahende Handlung, wie das Ankreuzen eines hierf\u00fcr vorgesehenen K\u00e4stchens, akzeptieren k\u00f6nnen.<\/li><\/ul><div>\u00a0<\/div><p>Wenn Sie uns Ihre Angaben nicht oder fehlerhaft bzw. unvollst\u00e4ndig zur Verf\u00fcgung stellen, k\u00f6nnen wir Ihre Anfrage nicht bearbeiten, was es vollst\u00e4ndig unm\u00f6glich macht, Ihnen die angeforderten Informationen zu liefern oder die Beauftragung von Dienstleistungen durchzuf\u00fchren.<\/p><p><strong>Empf\u00e4nger:<\/strong><\/p><p>Die Daten werden nicht an Dritte au\u00dferhalb von Refinery89 weitergegeben, es sei denn, dies ist gesetzlich vorgeschrieben.<\/p><p><strong>Daten, die von den Nutzern der Dienste gesammelt wurden<\/strong><\/p><p>In F\u00e4llen, in denen der Benutzer Dateien mit personenbezogenen Daten auf den gemeinsam genutzten Hosting-Servern ablegt, ist Refinery89 nicht f\u00fcr die Nichteinhaltung der DSGVO durch den Benutzer verantwortlich.<\/p><p><strong>Geistige Eigentumsrechte https:\/\/refinery89.com\/<\/strong><\/p><p>Refinery89 ist Eigent\u00fcmer aller Urheberrechte, geistigen und gewerblichen Schutzrechte, Know-how und anderer Rechte in Bezug auf die Inhalte der Website https:\/\/refinery89.com\/ und die darin angebotenen Dienste sowie die Programme, die f\u00fcr deren Umsetzung erforderlich sind, und zugeh\u00f6rigen Informationen.<\/p><p>Die Vervielf\u00e4ltigung, Ver\u00f6ffentlichung und\/oder Nutzung der Inhalte, ganz oder teilweise, der Website https:\/\/refinery89.com\/, au\u00dfer f\u00fcr den rein privaten Gebrauch, ist ohne vorherige schriftliche Zustimmung nicht gestattet.<\/p><p><strong>Geistiges Eigentum der Software<\/strong><\/p><p>Der Benutzer muss die von Refinery89 bereitgestellte Software von Drittanbietern respektieren, auch wenn sie kostenlos und\/oder \u00f6ffentlich verf\u00fcgbar ist.<\/p><p>Refinery89 verf\u00fcgt \u00fcber die erforderlichen Nutzungs- und geistigen Eigentumsrechte an der Software.<\/p><p>Der Benutzer erwirbt keine Rechte oder Lizenzen f\u00fcr den abgeschlossenen Dienst, auf die f\u00fcr die Erbringung des Dienstes erforderliche Software oder auf die technischen Informationen zur \u00dcberwachung des Dienstes, mit Ausnahme der Rechte und Lizenzen, die f\u00fcr die Erf\u00fcllung der abgeschlossenen Dienste erforderlich sind und nur f\u00fcr die Dauer derselben.<\/p><p>F\u00fcr jede Handlung, die \u00fcber die Erf\u00fcllung des Vertrags hinausgeht, ben\u00f6tigt der Benutzer eine schriftliche Genehmigung von Refinery89, und es ist dem Benutzer untersagt, auf die Server von Refinery89 zuzugreifen, diese zu \u00e4ndern, die Konfiguration, Struktur und Dateien einzusehen, wobei er die zivil- und strafrechtliche Verantwortung f\u00fcr jeglichen Vorfall \u00fcbernimmt, der in den Servern und Sicherheitssystemen als direkte Folge einer nachl\u00e4ssigen oder b\u00f6sartigen Handlung seinerseits auftreten kann.<\/p><p><strong>Geistiges Eigentum der gehosteten Inhalte<\/strong><\/p><p>Die Nutzung entgegen den Bestimmungen des Urheberrechts der von Refinery89 bereitgestellten Dienste und insbesondere von:<\/p><ul><li>Eine Nutzung, die gegen spanisches Recht verst\u00f6\u00dft oder die Rechte Dritter verletzt.<\/li><li>Die Ver\u00f6ffentlichung oder \u00dcbertragung von Inhalten, die nach Ansicht von Refinery89 gewaltt\u00e4tig, obsz\u00f6n, beleidigend, illegal, rassistisch, xenophob oder diffamierend sind.<\/li><li>Cracks, Seriennummern von Programmen oder jeglicher anderer Inhalt, der die geistigen Eigentumsrechte Dritter verletzt.<\/li><li>Die Sammlung und\/oder Nutzung personenbezogener Daten anderer Benutzer ohne ihre ausdr\u00fcckliche Zustimmung oder in Versto\u00df gegen die Bestimmungen der Verordnung (EU) 2016\/679 des Europ\u00e4ischen Parlaments und des Rates vom 27. April 2016 zum Schutz nat\u00fcrlicher Personen bei der Verarbeitung personenbezogener Daten und zum freien Datenverkehr.<\/li><li>Die Nutzung des Mail-Servers und der E-Mail-Adressen der Domain zum Versenden von unerw\u00fcnschten Massen-E-Mails.<\/li><\/ul><div>\u00a0<\/div><p>Der Benutzer tr\u00e4gt die volle Verantwortung f\u00fcr den Inhalt seiner Website, die \u00fcbertragenen und gespeicherten Informationen, Hypertext-Links, Anspr\u00fcche Dritter und rechtliche Ma\u00dfnahmen in Bezug auf geistiges Eigentum, Rechte Dritter und den Schutz Minderj\u00e4hriger.<\/p><p>Der Benutzer ist verantwortlich in Bezug auf die geltenden Gesetze und Vorschriften sowie die Regeln f\u00fcr den Betrieb des Online-Dienstes, E-Commerce, Urheberrecht, die Aufrechterhaltung der \u00f6ffentlichen Ordnung sowie die universellen Grunds\u00e4tze der Internetnutzung.<\/p><p>Der Benutzer hat Refinery89 f\u00fcr die von Refinery89 in jedem Fall entstandenen Kosten zu entsch\u00e4digen, f\u00fcr die der Benutzer haftbar gemacht werden kann, einschlie\u00dflich Anwaltskosten und Ausgaben, auch im Falle einer noch nicht endg\u00fcltigen Gerichtsentscheidung.<\/p><p><strong>Schutz der gehosteten Informationen<\/strong><\/p><p>Refinery89 erstellt Sicherungskopien der auf ihren Servern gehosteten Inhalte, ist jedoch nicht f\u00fcr den versehentlichen Verlust oder die L\u00f6schung von Daten durch Benutzer verantwortlich. Ebenso wird nicht die vollst\u00e4ndige Wiederherstellung von Daten garantiert, die von Benutzern gel\u00f6scht wurden, da die genannten Daten m\u00f6glicherweise gel\u00f6scht und\/oder ge\u00e4ndert wurden, seit die letzte Sicherungskopie erstellt wurde.<\/p><p>Die angebotenen Dienste, mit Ausnahme spezifischer Backup-Dienste, umfassen nicht den Ersatz der Inhalte, die in den von Refinery89 erstellten Sicherungskopien gespeichert sind, wenn dieser Verlust dem Benutzer zuzurechnen ist; in diesem Fall wird eine Geb\u00fchr entsprechend der Komplexit\u00e4t und dem Volumen der Wiederherstellung festgelegt, immer mit vorheriger Zustimmung des Benutzers.<\/p><p>Der Ersatz gel\u00f6schter Daten ist nur im Preis des Dienstes enthalten, wenn der Verlust des Inhalts auf Ursachen zur\u00fcckzuf\u00fchren ist, die Refinery89 zuzurechnen sind.<\/p><p><strong>Gesch\u00e4ftskommunikation<\/strong><\/p><p>Gem\u00e4\u00df der LSSI wird Refinery89 keine Werbe- oder Promotionskommunikation per E-Mail oder einem anderen gleichwertigen elektronischen Kommunikationsmittel versenden, die nicht zuvor angefordert oder ausdr\u00fccklich von den Empf\u00e4ngern autorisiert wurden.<\/p><p>Im Falle von Benutzern, mit denen eine vorherige vertragliche Beziehung besteht, ist Refinery89 berechtigt, kommerzielle Kommunikationen zu senden, die sich auf Produkte oder Dienstleistungen von Refinery89 beziehen, die \u00e4hnlich denen sind, die urspr\u00fcnglich mit dem Kunden vereinbart wurden.<\/p><p>In jedem Fall kann der Benutzer nach Vorlage seines Identit\u00e4tsnachweises verlangen, dass ihm \u00fcber die Kundendienstkan\u00e4le keine weiteren kommerziellen Informationen mehr zugesandt werden.<\/p><\/div>\t\t\t\t\t\t\t\t<\/div>\n\t\t\t\t<\/div>\n\t\t\t\t\t<\/div>\n\t\t<\/div>\n\t\t\t\t\t<\/div>\n\t\t<\/section>\n\t\t\t\t<\/div>","protected":false},"excerpt":{"rendered":"<p>\u00a0 Privacy Policy \u2013 Updated May 2024 \u00a0 The Refinery89 Group (Refinery89 B.V and Refinery89, S.L.), from here on Refinery89, in application of current legislation on the protection of personal data, informs that the personal data collected through the forms on the website: https:\/\/refinery89.com\/, are included in the specific automated files of users of Refinery89 [&hellip;]<\/p>\n","protected":false},"author":12,"featured_media":0,"parent":0,"menu_order":0,"comment_status":"closed","ping_status":"closed","template":"","meta":{"footnotes":""},"class_list":["post-4811","page","type-page","status-publish","hentry"],"yoast_head":"<!-- This site is optimized with the Yoast SEO plugin v27.2 - https:\/\/yoast.com\/product\/yoast-seo-wordpress\/ -->\n<title>Privacy Policy | Refinery89<\/title>\n<meta name=\"description\" content=\"Welcome to the Privacy Policy page for refinery89.com. Need help with anything? Get in touch with us and let us know\" \/>\n<meta name=\"robots\" content=\"noindex, nofollow\" \/>\n<meta property=\"og:locale\" content=\"de_DE\" \/>\n<meta property=\"og:type\" content=\"article\" \/>\n<meta property=\"og:title\" content=\"Privacy Policy | Refinery89\" \/>\n<meta property=\"og:description\" content=\"Welcome to the Privacy Policy page for refinery89.com. Need help with anything? Get in touch with us and let us know\" \/>\n<meta property=\"og:url\" content=\"https:\/\/refinery89.com\/de\/datenschutzrichtlinie\/\" \/>\n<meta property=\"og:site_name\" content=\"Refinery89\" \/>\n<meta property=\"article:publisher\" content=\"https:\/\/www.facebook.com\/Refinery89\/\" \/>\n<meta property=\"article:modified_time\" content=\"2026-01-13T15:24:13+00:00\" \/>\n<meta property=\"og:image\" content=\"https:\/\/refinery89.com\/wp-content\/uploads\/2025\/08\/r89-thumbnail.png\" \/>\n\t<meta property=\"og:image:width\" content=\"200\" \/>\n\t<meta property=\"og:image:height\" content=\"200\" \/>\n\t<meta property=\"og:image:type\" content=\"image\/png\" \/>\n<meta name=\"twitter:card\" content=\"summary_large_image\" \/>\n<meta name=\"twitter:site\" content=\"@refinery89\" \/>\n<meta name=\"twitter:label1\" content=\"Gesch\u00e4tzte Lesezeit\" \/>\n\t<meta name=\"twitter:data1\" content=\"7\u00a0Minuten\" \/>\n<script type=\"application\/ld+json\" class=\"yoast-schema-graph\">{\"@context\":\"https:\/\/schema.org\",\"@graph\":[{\"@type\":\"WebPage\",\"@id\":\"https:\/\/refinery89.com\/privacy-policy\/\",\"url\":\"https:\/\/refinery89.com\/privacy-policy\/\",\"name\":\"Privacy Policy | Refinery89\",\"isPartOf\":{\"@id\":\"https:\/\/refinery89.com\/#website\"},\"datePublished\":\"2023-04-03T15:24:20+00:00\",\"dateModified\":\"2026-01-13T15:24:13+00:00\",\"description\":\"Welcome to the Privacy Policy page for refinery89.com. Need help with anything? Get in touch with us and let us know\",\"breadcrumb\":{\"@id\":\"https:\/\/refinery89.com\/privacy-policy\/#breadcrumb\"},\"inLanguage\":\"de\",\"potentialAction\":[{\"@type\":\"ReadAction\",\"target\":[\"https:\/\/refinery89.com\/privacy-policy\/\"]}]},{\"@type\":\"BreadcrumbList\",\"@id\":\"https:\/\/refinery89.com\/privacy-policy\/#breadcrumb\",\"itemListElement\":[{\"@type\":\"ListItem\",\"position\":1,\"name\":\"Home\",\"item\":\"https:\/\/refinery89.com\/\"},{\"@type\":\"ListItem\",\"position\":2,\"name\":\"Privacy Policy\"}]},{\"@type\":\"WebSite\",\"@id\":\"https:\/\/refinery89.com\/#website\",\"url\":\"https:\/\/refinery89.com\/\",\"name\":\"Refinery89\",\"description\":\"\",\"publisher\":{\"@id\":\"https:\/\/refinery89.com\/#organization\"},\"potentialAction\":[{\"@type\":\"SearchAction\",\"target\":{\"@type\":\"EntryPoint\",\"urlTemplate\":\"https:\/\/refinery89.com\/?s={search_term_string}\"},\"query-input\":{\"@type\":\"PropertyValueSpecification\",\"valueRequired\":true,\"valueName\":\"search_term_string\"}}],\"inLanguage\":\"de\"},{\"@type\":\"Organization\",\"@id\":\"https:\/\/refinery89.com\/#organization\",\"name\":\"Refinery89\",\"alternateName\":\"R89\",\"url\":\"https:\/\/refinery89.com\/\",\"logo\":{\"@type\":\"ImageObject\",\"inLanguage\":\"de\",\"@id\":\"https:\/\/refinery89.com\/#\/schema\/logo\/image\/\",\"url\":\"https:\/\/refinery89.com\/wp-content\/uploads\/2025\/08\/r89-thumbnail.png\",\"contentUrl\":\"https:\/\/refinery89.com\/wp-content\/uploads\/2025\/08\/r89-thumbnail.png\",\"width\":200,\"height\":200,\"caption\":\"Refinery89\"},\"image\":{\"@id\":\"https:\/\/refinery89.com\/#\/schema\/logo\/image\/\"},\"sameAs\":[\"https:\/\/www.facebook.com\/Refinery89\/\",\"https:\/\/x.com\/refinery89\",\"https:\/\/www.linkedin.com\/company\/refinery89\/\",\"https:\/\/www.youtube.com\/@refinery89\",\"https:\/\/www.instagram.com\/refinery_89\/\",\"https:\/\/www.reddit.com\/user\/Refinery89\/\",\"https:\/\/share.google\/K8hFf3ktmUrTi1XCa\"]}]}<\/script>\n<!-- \/ Yoast SEO plugin. -->","yoast_head_json":{"title":"Privacy Policy | Refinery89","description":"Willkommen auf der Datenschutzrichtlinien-Seite von refinery89.com. Brauchen Sie Hilfe? Kontaktieren Sie uns","robots":{"index":"noindex","follow":"nofollow"},"og_locale":"de_DE","og_type":"article","og_title":"Privacy Policy | Refinery89","og_description":"Welcome to the Privacy Policy page for refinery89.com. Need help with anything? Get in touch with us and let us know","og_url":"https:\/\/refinery89.com\/de\/datenschutzrichtlinie\/","og_site_name":"Refinery89","article_publisher":"https:\/\/www.facebook.com\/Refinery89\/","article_modified_time":"2026-01-13T15:24:13+00:00","og_image":[{"width":200,"height":200,"url":"https:\/\/refinery89.com\/wp-content\/uploads\/2025\/08\/r89-thumbnail.png","type":"image\/png"}],"twitter_card":"summary_large_image","twitter_site":"@refinery89","twitter_misc":{"Gesch\u00e4tzte Lesezeit":"7\u00a0Minuten"},"schema":{"@context":"https:\/\/schema.org","@graph":[{"@type":"WebPage","@id":"https:\/\/refinery89.com\/privacy-policy\/","url":"https:\/\/refinery89.com\/privacy-policy\/","name":"Privacy Policy | Refinery89","isPartOf":{"@id":"https:\/\/refinery89.com\/#website"},"datePublished":"2023-04-03T15:24:20+00:00","dateModified":"2026-01-13T15:24:13+00:00","description":"Willkommen auf der Datenschutzrichtlinien-Seite von refinery89.com. Brauchen Sie Hilfe? Kontaktieren Sie uns","breadcrumb":{"@id":"https:\/\/refinery89.com\/privacy-policy\/#breadcrumb"},"inLanguage":"de","potentialAction":[{"@type":"ReadAction","target":["https:\/\/refinery89.com\/privacy-policy\/"]}]},{"@type":"BreadcrumbList","@id":"https:\/\/refinery89.com\/privacy-policy\/#breadcrumb","itemListElement":[{"@type":"ListItem","position":1,"name":"Home","item":"https:\/\/refinery89.com\/"},{"@type":"ListItem","position":2,"name":"Privacy Policy"}]},{"@type":"WebSite","@id":"https:\/\/refinery89.com\/#website","url":"https:\/\/refinery89.com\/","name":"Refinery89","description":"","publisher":{"@id":"https:\/\/refinery89.com\/#organization"},"potentialAction":[{"@type":"SearchAction","target":{"@type":"EntryPoint","urlTemplate":"https:\/\/refinery89.com\/?s={search_term_string}"},"query-input":{"@type":"PropertyValueSpecification","valueRequired":true,"valueName":"search_term_string"}}],"inLanguage":"de"},{"@type":"Organization","@id":"https:\/\/refinery89.com\/#organization","name":"Refinery89","alternateName":"R89","url":"https:\/\/refinery89.com\/","logo":{"@type":"ImageObject","inLanguage":"de","@id":"https:\/\/refinery89.com\/#\/schema\/logo\/image\/","url":"https:\/\/refinery89.com\/wp-content\/uploads\/2025\/08\/r89-thumbnail.png","contentUrl":"https:\/\/refinery89.com\/wp-content\/uploads\/2025\/08\/r89-thumbnail.png","width":200,"height":200,"caption":"Refinery89"},"image":{"@id":"https:\/\/refinery89.com\/#\/schema\/logo\/image\/"},"sameAs":["https:\/\/www.facebook.com\/Refinery89\/","https:\/\/x.com\/refinery89","https:\/\/www.linkedin.com\/company\/refinery89\/","https:\/\/www.youtube.com\/@refinery89","https:\/\/www.instagram.com\/refinery_89\/","https:\/\/www.reddit.com\/user\/Refinery89\/","https:\/\/share.google\/K8hFf3ktmUrTi1XCa"]}]}},"_links":{"self":[{"href":"https:\/\/refinery89.com\/de\/wp-json\/wp\/v2\/pages\/4811","targetHints":{"allow":["GET"]}}],"collection":[{"href":"https:\/\/refinery89.com\/de\/wp-json\/wp\/v2\/pages"}],"about":[{"href":"https:\/\/refinery89.com\/de\/wp-json\/wp\/v2\/types\/page"}],"author":[{"embeddable":true,"href":"https:\/\/refinery89.com\/de\/wp-json\/wp\/v2\/users\/12"}],"replies":[{"embeddable":true,"href":"https:\/\/refinery89.com\/de\/wp-json\/wp\/v2\/comments?post=4811"}],"version-history":[{"count":0,"href":"https:\/\/refinery89.com\/de\/wp-json\/wp\/v2\/pages\/4811\/revisions"}],"wp:attachment":[{"href":"https:\/\/refinery89.com\/de\/wp-json\/wp\/v2\/media?parent=4811"}],"curies":[{"name":"wp","href":"https:\/\/api.w.org\/{rel}","templated":true}]}}